{"id":77117,"date":"2025-07-29T04:00:37","date_gmt":"2025-07-29T04:00:37","guid":{"rendered":"https:\/\/e.kosmolat.eu\/product\/topface-skin-twin-zimulis-sejas-konturesanai-003-9-g\/"},"modified":"2026-04-11T19:06:51","modified_gmt":"2026-04-11T19:06:51","slug":"topface-skin-003twin-zimulis-sejas-konturesanai-9-g","status":"publish","type":"product","link":"https:\/\/e.kosmolat.eu\/lv\/product\/topface-skin-003twin-zimulis-sejas-konturesanai-9-g\/","title":{"rendered":"Topface Skin 003Twin Z\u012bmulis sejas kontur\u0113\u0161anai , 9 g"},"content":{"rendered":"<p>Pie\u0161\u0137iriet grimam reljefu, uzkl\u0101jot l\u012bdzekli uz sejas zon\u0101m, kuras v\u0113laties optiski no\u0113not vai pasl\u0113pt. Satur E vitam\u012bnu un makad\u0101mijas e\u013c\u013cu, kas pal\u012bdz mitrin\u0101t \u0101du.<\/p>\n<p>P\u0113c katras lieto\u0161anas cie\u0161i aizveriet v\u0101ci\u0146u. Ja main\u0101s smar\u017ea vai izskats, p\u0101rtrauciet lieto\u0161anu. Tikai \u0101r\u012bgai lieto\u0161anai. Uzglab\u0101t temperat\u016br\u0101 no 20 l\u012bdz 25\u202f\u00b0C, sarg\u0101jot no tie\u0161iem saules stariem. Uzglab\u0101t b\u0113rniem nepieejam\u0101 viet\u0101.<\/p>\n","protected":false},"excerpt":{"rendered":"<p>Pie\u0161\u0137iriet grimam reljefu, uzkl\u0101jot l\u012bdzekli uz sejas zon\u0101m, kuras v\u0113laties optiski no\u0113not vai pasl\u0113pt. Satur E vitam\u012bnu un makad\u0101mijas e\u013c\u013cu, kas pal\u012bdz mitrin\u0101t \u0101du. P\u0113c katras lieto\u0161anas cie\u0161i aizveriet v\u0101ci\u0146u. Ja main\u0101s smar\u017ea vai izskats, p\u0101rtrauciet lieto\u0161anu. Tikai \u0101r\u012bgai lieto\u0161anai. Uzglab\u0101t temperat\u016br\u0101 no 20 l\u012bdz 25\u202f\u00b0C, sarg\u0101jot no tie\u0161iem saules stariem. Uzglab\u0101t b\u0113rniem nepieejam\u0101 viet\u0101.<\/p>\n","protected":false},"featured_media":95382,"template":"","meta":[],"product_cat":[1488],"product_tag":[],"class_list":{"0":"post-77117","1":"product","2":"type-product","3":"status-publish","4":"has-post-thumbnail","6":"product_brand-top-face-tr","7":"product_cat-korektori","9":"first","10":"outofstock","11":"taxable","12":"shipping-taxable","13":"product-type-simple"},"_links":{"self":[{"href":"https:\/\/e.kosmolat.eu\/lv\/wp-json\/wp\/v2\/product\/77117","targetHints":{"allow":["GET"]}}],"collection":[{"href":"https:\/\/e.kosmolat.eu\/lv\/wp-json\/wp\/v2\/product"}],"about":[{"href":"https:\/\/e.kosmolat.eu\/lv\/wp-json\/wp\/v2\/types\/product"}],"wp:featuredmedia":[{"embeddable":true,"href":"https:\/\/e.kosmolat.eu\/lv\/wp-json\/wp\/v2\/media\/95382"}],"wp:attachment":[{"href":"https:\/\/e.kosmolat.eu\/lv\/wp-json\/wp\/v2\/media?parent=77117"}],"wp:term":[{"taxonomy":"product_cat","embeddable":true,"href":"https:\/\/e.kosmolat.eu\/lv\/wp-json\/wp\/v2\/product_cat?post=77117"},{"taxonomy":"product_tag","embeddable":true,"href":"https:\/\/e.kosmolat.eu\/lv\/wp-json\/wp\/v2\/product_tag?post=77117"}],"curies":[{"name":"wp","href":"https:\/\/api.w.org\/{rel}","templated":true}]}}