{"id":77108,"date":"2025-07-26T04:02:51","date_gmt":"2025-07-26T04:02:51","guid":{"rendered":"https:\/\/e.kosmolat.eu\/product\/dr-sante-hydro-intensive-ultra-atsvaidz-attir-putas-hialuronsalveja-150-ml\/"},"modified":"2025-09-13T04:24:34","modified_gmt":"2025-09-13T04:24:34","slug":"dr-sante-hydro-intensive-ultra-atsvaidz-attir-putas-hialuronsalveja-150-ml","status":"publish","type":"product","link":"https:\/\/e.kosmolat.eu\/lv\/product\/dr-sante-hydro-intensive-ultra-atsvaidz-attir-putas-hialuronsalveja-150-ml\/","title":{"rendered":"Dr.Sante Hydro Intensive Ultra atsvaidz. att\u012br. putas Hialurons+Alveja, 150 ml"},"content":{"rendered":"<p>Maiga att\u012bro\u0161a esence viegli p\u0101rv\u0113r\u0161as par bag\u0101t\u012bg\u0101m, gais\u012bg\u0101m put\u0101m, kas maigi att\u012bra, atsvaidzina un saglab\u0101 \u0101du mitrin\u0101tu. Piem\u0113rotas grima no\u0146em\u0161anai. Satur hialuronsk\u0101bi un alvejas sulu. Piem\u0113rotas visiem \u0101das tipiem, \u012bpa\u0161i sausai un dehidr\u0113tai \u0101dai.<\/p>\n<p>Lieto\u0161ana: uzkl\u0101t uz mitras \u0101das, noskalot ar \u016bdeni.<\/p>\n<p>Uzglab\u0101\u0161ana: no +5 \u00b0C l\u012bdz +25 \u00b0C.<\/p>\n<p>Der\u012bguma termi\u0146\u0161: 30 m\u0113ne\u0161i.<\/p>\n","protected":false},"excerpt":{"rendered":"<p>Maiga att\u012bro\u0161a esence viegli p\u0101rv\u0113r\u0161as par bag\u0101t\u012bg\u0101m, gais\u012bg\u0101m put\u0101m, kas maigi att\u012bra, atsvaidzina un saglab\u0101 \u0101du mitrin\u0101tu. Piem\u0113rotas grima no\u0146em\u0161anai. Satur hialuronsk\u0101bi un alvejas sulu. Piem\u0113rotas visiem \u0101das tipiem, \u012bpa\u0161i sausai un dehidr\u0113tai \u0101dai. Lieto\u0161ana: uzkl\u0101t uz mitras \u0101das, noskalot ar \u016bdeni. Uzglab\u0101\u0161ana: no +5 \u00b0C l\u012bdz +25 \u00b0C. Der\u012bguma termi\u0146\u0161: 30 m\u0113ne\u0161i.<\/p>\n","protected":false},"featured_media":0,"template":"","meta":[],"product_cat":[1833],"product_tag":[],"class_list":{"0":"post-77108","1":"product","2":"type-product","3":"status-publish","5":"product_brand-elfa_ua","6":"product_cat-putas-sejas-mazgasanai","8":"first","9":"outofstock","10":"taxable","11":"shipping-taxable","12":"product-type-simple"},"_links":{"self":[{"href":"https:\/\/e.kosmolat.eu\/lv\/wp-json\/wp\/v2\/product\/77108","targetHints":{"allow":["GET"]}}],"collection":[{"href":"https:\/\/e.kosmolat.eu\/lv\/wp-json\/wp\/v2\/product"}],"about":[{"href":"https:\/\/e.kosmolat.eu\/lv\/wp-json\/wp\/v2\/types\/product"}],"wp:attachment":[{"href":"https:\/\/e.kosmolat.eu\/lv\/wp-json\/wp\/v2\/media?parent=77108"}],"wp:term":[{"taxonomy":"product_cat","embeddable":true,"href":"https:\/\/e.kosmolat.eu\/lv\/wp-json\/wp\/v2\/product_cat?post=77108"},{"taxonomy":"product_tag","embeddable":true,"href":"https:\/\/e.kosmolat.eu\/lv\/wp-json\/wp\/v2\/product_tag?post=77108"}],"curies":[{"name":"wp","href":"https:\/\/api.w.org\/{rel}","templated":true}]}}