{"id":77100,"date":"2025-07-26T04:02:35","date_gmt":"2025-07-26T04:02:35","guid":{"rendered":"https:\/\/e.kosmolat.eu\/product\/dr-sante-hydro-intensive-micelarais-udens-hialuronsalveja-200-ml\/"},"modified":"2026-04-15T13:07:58","modified_gmt":"2026-04-15T13:07:58","slug":"dr-sante-hydro-intensive-micelarais-udens-hialuronsalveja-200-ml","status":"publish","type":"product","link":"https:\/\/e.kosmolat.eu\/lv\/product\/dr-sante-hydro-intensive-micelarais-udens-hialuronsalveja-200-ml\/","title":{"rendered":"Dr.Sante Hydro Intensive Micel\u0101rais \u016bdens Hialurons+Alveja, 200 ml"},"content":{"rendered":"<p>Mitrina un efekt\u012bvi att\u012bra. Piem\u0113rots acu zonas, sejas, l\u016bpu, kakla un dekolt\u0113 \u0101das att\u012br\u012b\u0161anai. Satur hialuronsk\u0101bi un alvejas sulu.<br \/>\nPiem\u0113rots visiem \u0101das tipiem, it \u012bpa\u0161i sausai un dehidr\u0113tai \u0101dai.<\/p>\n<p>Lieto\u0161ana: uzkl\u0101t uz vates diska un ar viegl\u0101m kust\u012bb\u0101m att\u012br\u012bt \u0101du.<\/p>\n<p>Uzglab\u0101\u0161ana: no +5 \u00b0C l\u012bdz +25 \u00b0C.<\/p>\n<p>Der\u012bguma termi\u0146\u0161: 30 m\u0113ne\u0161i.<\/p>\n","protected":false},"excerpt":{"rendered":"<p>Mitrina un efekt\u012bvi att\u012bra. Piem\u0113rots acu zonas, sejas, l\u016bpu, kakla un dekolt\u0113 \u0101das att\u012br\u012b\u0161anai. Satur hialuronsk\u0101bi un alvejas sulu. Piem\u0113rots visiem \u0101das tipiem, it \u012bpa\u0161i sausai un dehidr\u0113tai \u0101dai. Lieto\u0161ana: uzkl\u0101t uz vates diska un ar viegl\u0101m kust\u012bb\u0101m att\u012br\u012bt \u0101du. Uzglab\u0101\u0161ana: no +5 \u00b0C l\u012bdz +25 \u00b0C. Der\u012bguma termi\u0146\u0161: 30 m\u0113ne\u0161i.<\/p>\n","protected":false},"featured_media":78180,"template":"","meta":[],"product_cat":[1568],"product_tag":[],"class_list":{"0":"post-77100","1":"product","2":"type-product","3":"status-publish","4":"has-post-thumbnail","6":"product_brand-elfa_ua","7":"product_cat-micelarais-udens","9":"first","10":"instock","11":"taxable","12":"shipping-taxable","13":"product-type-simple"},"_links":{"self":[{"href":"https:\/\/e.kosmolat.eu\/lv\/wp-json\/wp\/v2\/product\/77100","targetHints":{"allow":["GET"]}}],"collection":[{"href":"https:\/\/e.kosmolat.eu\/lv\/wp-json\/wp\/v2\/product"}],"about":[{"href":"https:\/\/e.kosmolat.eu\/lv\/wp-json\/wp\/v2\/types\/product"}],"wp:featuredmedia":[{"embeddable":true,"href":"https:\/\/e.kosmolat.eu\/lv\/wp-json\/wp\/v2\/media\/78180"}],"wp:attachment":[{"href":"https:\/\/e.kosmolat.eu\/lv\/wp-json\/wp\/v2\/media?parent=77100"}],"wp:term":[{"taxonomy":"product_cat","embeddable":true,"href":"https:\/\/e.kosmolat.eu\/lv\/wp-json\/wp\/v2\/product_cat?post=77100"},{"taxonomy":"product_tag","embeddable":true,"href":"https:\/\/e.kosmolat.eu\/lv\/wp-json\/wp\/v2\/product_tag?post=77100"}],"curies":[{"name":"wp","href":"https:\/\/api.w.org\/{rel}","templated":true}]}}