{"id":77092,"date":"2025-07-26T04:02:18","date_gmt":"2025-07-26T04:02:18","guid":{"rendered":"https:\/\/e.kosmolat.eu\/product\/dr-sante-hydro-intensive-serums-hialuronsalveja-30-ml\/"},"modified":"2026-04-23T06:27:19","modified_gmt":"2026-04-23T06:27:19","slug":"dr-sante-hydro-intensive-serums-hialuronsalveja-30-ml","status":"publish","type":"product","link":"https:\/\/e.kosmolat.eu\/lv\/product\/dr-sante-hydro-intensive-serums-hialuronsalveja-30-ml\/","title":{"rendered":"Dr.Sante Hydro Intensive Serums Hialurons+Alveja, 30 ml"},"content":{"rendered":"<p>Viegls mitrino\u0161s serums ir piem\u0113rots visiem \u0101das tipiem, it \u012bpa\u0161i sausai un dehidr\u0113tai \u0101dai. Nodro\u0161ina intens\u012bvu mitrin\u0101\u0161anu un uztur \u016bdens l\u012bdzsvaru \u0101d\u0101. Darbojas k\u0101 filleris \u2013 aizpilda smalk\u0101s grumbi\u0146as, padara \u0101du gludu un pie\u0161\u0137ir dabisku mirdzumu. Satur hialuronsk\u0101bi un alvejas sulu. <\/p>\n<p>Lieto\u0161ana: ar viegl\u0101m kust\u012bb\u0101m uzkl\u0101t uz att\u012br\u012btas sejas \u0101das pa mas\u0101\u017eas l\u012bnij\u0101m.<\/p>\n<p>Uzglab\u0101\u0161ana: no +5 \u00b0C l\u012bdz +25 \u00b0C.<\/p>\n<p>Der\u012bguma termi\u0146\u0161: 30 m\u0113ne\u0161i.<\/p>\n","protected":false},"excerpt":{"rendered":"<p>Viegls mitrino\u0161s serums ir piem\u0113rots visiem \u0101das tipiem, it \u012bpa\u0161i sausai un dehidr\u0113tai \u0101dai. Nodro\u0161ina intens\u012bvu mitrin\u0101\u0161anu un uztur \u016bdens l\u012bdzsvaru \u0101d\u0101. Darbojas k\u0101 filleris \u2013 aizpilda smalk\u0101s grumbi\u0146as, padara \u0101du gludu un pie\u0161\u0137ir dabisku mirdzumu. Satur hialuronsk\u0101bi un alvejas sulu. Lieto\u0161ana: ar viegl\u0101m kust\u012bb\u0101m uzkl\u0101t uz att\u012br\u012btas sejas \u0101das pa mas\u0101\u017eas l\u012bnij\u0101m. Uzglab\u0101\u0161ana: no [&#8230;]\n","protected":false},"featured_media":107090,"template":"","meta":[],"product_cat":[1325],"product_tag":[],"class_list":{"0":"post-77092","1":"product","2":"type-product","3":"status-publish","4":"has-post-thumbnail","6":"product_brand-elfa_ua","7":"product_cat-serumi","9":"first","10":"instock","11":"taxable","12":"shipping-taxable","13":"product-type-simple"},"_links":{"self":[{"href":"https:\/\/e.kosmolat.eu\/lv\/wp-json\/wp\/v2\/product\/77092","targetHints":{"allow":["GET"]}}],"collection":[{"href":"https:\/\/e.kosmolat.eu\/lv\/wp-json\/wp\/v2\/product"}],"about":[{"href":"https:\/\/e.kosmolat.eu\/lv\/wp-json\/wp\/v2\/types\/product"}],"wp:featuredmedia":[{"embeddable":true,"href":"https:\/\/e.kosmolat.eu\/lv\/wp-json\/wp\/v2\/media\/107090"}],"wp:attachment":[{"href":"https:\/\/e.kosmolat.eu\/lv\/wp-json\/wp\/v2\/media?parent=77092"}],"wp:term":[{"taxonomy":"product_cat","embeddable":true,"href":"https:\/\/e.kosmolat.eu\/lv\/wp-json\/wp\/v2\/product_cat?post=77092"},{"taxonomy":"product_tag","embeddable":true,"href":"https:\/\/e.kosmolat.eu\/lv\/wp-json\/wp\/v2\/product_tag?post=77092"}],"curies":[{"name":"wp","href":"https:\/\/api.w.org\/{rel}","templated":true}]}}