{"id":77084,"date":"2025-07-26T04:02:00","date_gmt":"2025-07-26T04:02:00","guid":{"rendered":"https:\/\/e.kosmolat.eu\/product\/dr-sante-hydro-intensive-kr-adai-ap-ac-hialuronsalveja-15-ml\/"},"modified":"2026-04-23T05:59:47","modified_gmt":"2026-04-23T05:59:47","slug":"dr-sante-hydro-intensive-kr-adai-ap-ac-hialuronsalveja-15-ml","status":"publish","type":"product","link":"https:\/\/e.kosmolat.eu\/lv\/product\/dr-sante-hydro-intensive-kr-adai-ap-ac-hialuronsalveja-15-ml\/","title":{"rendered":"Dr.Sante Hydro Intensive Kr. \u0101dai ap ac. Hialurons+Alveja, 15 ml"},"content":{"rendered":"<p>Maigs kr\u0113ms-filleris ar hialuronsk\u0101bi intens\u012bvi mitrina \u0101du ap ac\u012bm, nenoslogojot to, un izl\u012bdzina grumbi\u0146as no iek\u0161puses. Piepilda \u0101du ar mirdzumu un ener\u0123iju, radot 8 stundu miega efektu. Hialuronsk\u0101be un alvejas sula nodro\u0161ina intens\u012bvu mitrin\u0101\u0161anu un ilgsto\u0161u mitruma l\u012bme\u0146a saglab\u0101\u0161anu \u0101d\u0101 ap ac\u012bm. \u0100da izskat\u0101s svaiga, elast\u012bga un mitrin\u0101ta, bez sausuma saj\u016btas.<\/p>\n<p>Lieto\u0161ana: ar viegl\u0101m mas\u0113jo\u0161\u0101m kust\u012bb\u0101m uzkl\u0101t uz t\u012bras \u0101das ap ac\u012bm. Ieteicams lietot no r\u012bta un vakar\u0101.<\/p>\n<p>Uzglab\u0101\u0161ana: no +5 \u00b0C l\u012bdz +25 \u00b0C.<\/p>\n<p>Der\u012bguma termi\u0146\u0161: 30 m\u0113ne\u0161i.<\/p>\n","protected":false},"excerpt":{"rendered":"<p>Maigs kr\u0113ms-filleris ar hialuronsk\u0101bi intens\u012bvi mitrina \u0101du ap ac\u012bm, nenoslogojot to, un izl\u012bdzina grumbi\u0146as no iek\u0161puses. Piepilda \u0101du ar mirdzumu un ener\u0123iju, radot 8 stundu miega efektu. Hialuronsk\u0101be un alvejas sula nodro\u0161ina intens\u012bvu mitrin\u0101\u0161anu un ilgsto\u0161u mitruma l\u012bme\u0146a saglab\u0101\u0161anu \u0101d\u0101 ap ac\u012bm. \u0100da izskat\u0101s svaiga, elast\u012bga un mitrin\u0101ta, bez sausuma saj\u016btas. Lieto\u0161ana: ar viegl\u0101m mas\u0113jo\u0161\u0101m [&#8230;]\n","protected":false},"featured_media":107033,"template":"","meta":[],"product_cat":[1588],"product_tag":[],"class_list":{"0":"post-77084","1":"product","2":"type-product","3":"status-publish","4":"has-post-thumbnail","6":"product_brand-elfa_ua","7":"product_cat-acu-kremi","9":"first","10":"instock","11":"taxable","12":"shipping-taxable","13":"product-type-simple"},"_links":{"self":[{"href":"https:\/\/e.kosmolat.eu\/lv\/wp-json\/wp\/v2\/product\/77084","targetHints":{"allow":["GET"]}}],"collection":[{"href":"https:\/\/e.kosmolat.eu\/lv\/wp-json\/wp\/v2\/product"}],"about":[{"href":"https:\/\/e.kosmolat.eu\/lv\/wp-json\/wp\/v2\/types\/product"}],"wp:featuredmedia":[{"embeddable":true,"href":"https:\/\/e.kosmolat.eu\/lv\/wp-json\/wp\/v2\/media\/107033"}],"wp:attachment":[{"href":"https:\/\/e.kosmolat.eu\/lv\/wp-json\/wp\/v2\/media?parent=77084"}],"wp:term":[{"taxonomy":"product_cat","embeddable":true,"href":"https:\/\/e.kosmolat.eu\/lv\/wp-json\/wp\/v2\/product_cat?post=77084"},{"taxonomy":"product_tag","embeddable":true,"href":"https:\/\/e.kosmolat.eu\/lv\/wp-json\/wp\/v2\/product_tag?post=77084"}],"curies":[{"name":"wp","href":"https:\/\/api.w.org\/{rel}","templated":true}]}}