{"id":77068,"date":"2025-07-26T04:01:27","date_gmt":"2025-07-26T04:01:27","guid":{"rendered":"https:\/\/e.kosmolat.eu\/product\/dr-sante-hydro-intensive-akt-dienas-kr-hialuronsalveja-50-ml\/"},"modified":"2026-05-08T21:07:52","modified_gmt":"2026-05-08T21:07:52","slug":"dr-sante-hydro-intensive-akt-dienas-kr-hialuronsalveja-50-ml","status":"publish","type":"product","link":"https:\/\/e.kosmolat.eu\/lv\/product\/dr-sante-hydro-intensive-akt-dienas-kr-hialuronsalveja-50-ml\/","title":{"rendered":"Dr.Sante Hydro Intensive Akt. Dienas kr. Hialurons+Alveja, 50 ml"},"content":{"rendered":"<p>Mitrino\u0161s kr\u0113ms ir piem\u0113rots visiem \u0101das tipiem, it \u012bpa\u0161i sausai un dehidr\u0113tai \u0101dai. Tam ir viegla tekst\u016bra, kas viegli uzkl\u0101jas un \u0101tri ies\u016bcas. Hialuronsk\u0101be un alvejas sula nodro\u0161ina intens\u012bvu \u0101das mitrin\u0101\u0161anu un ilgsto\u0161u mitruma l\u012bme\u0146a uztur\u0113\u0161anu.<br \/>\nLietojot kr\u0113mu r\u012bta sejas kop\u0161anas rut\u012bn\u0101, tiek pan\u0101kts t\u016bl\u012bt\u0113js mitrin\u0101\u0161anas efekts bez savilkuma un sausuma saj\u016btas visas dienas garum\u0101. Regul\u0101ra Dr.Sante Hydro Intensive l\u012bnijas produktu lieto\u0161ana padara \u0101du ilgsto\u0161i mitrin\u0101tu, gludu un mirdzo\u0161u.<\/p>\n<p>Lieto\u0161ana: ar viegl\u0101m kust\u012bb\u0101m uzkl\u0101t uz att\u012br\u012btas sejas \u0101das pa mas\u0101\u017eas l\u012bnij\u0101m.<\/p>\n<p>Uzglab\u0101\u0161ana: no +5 \u00b0C l\u012bdz +25 \u00b0C.<\/p>\n<p>Der\u012bguma termi\u0146\u0161: 30 m\u0113ne\u0161i.<\/p>\n","protected":false},"excerpt":{"rendered":"<p>Mitrino\u0161s kr\u0113ms ir piem\u0113rots visiem \u0101das tipiem, it \u012bpa\u0161i sausai un dehidr\u0113tai \u0101dai. Tam ir viegla tekst\u016bra, kas viegli uzkl\u0101jas un \u0101tri ies\u016bcas. Hialuronsk\u0101be un alvejas sula nodro\u0161ina intens\u012bvu \u0101das mitrin\u0101\u0161anu un ilgsto\u0161u mitruma l\u012bme\u0146a uztur\u0113\u0161anu. Lietojot kr\u0113mu r\u012bta sejas kop\u0161anas rut\u012bn\u0101, tiek pan\u0101kts t\u016bl\u012bt\u0113js mitrin\u0101\u0161anas efekts bez savilkuma un sausuma saj\u016btas visas dienas garum\u0101. [&#8230;]\n","protected":false},"featured_media":107136,"template":"","meta":[],"product_cat":[1322],"product_tag":[],"class_list":{"0":"post-77068","1":"product","2":"type-product","3":"status-publish","4":"has-post-thumbnail","6":"product_brand-elfa_ua","7":"product_cat-veido-kremai","9":"first","10":"instock","11":"taxable","12":"shipping-taxable","13":"product-type-simple"},"_links":{"self":[{"href":"https:\/\/e.kosmolat.eu\/lv\/wp-json\/wp\/v2\/product\/77068","targetHints":{"allow":["GET"]}}],"collection":[{"href":"https:\/\/e.kosmolat.eu\/lv\/wp-json\/wp\/v2\/product"}],"about":[{"href":"https:\/\/e.kosmolat.eu\/lv\/wp-json\/wp\/v2\/types\/product"}],"wp:featuredmedia":[{"embeddable":true,"href":"https:\/\/e.kosmolat.eu\/lv\/wp-json\/wp\/v2\/media\/107136"}],"wp:attachment":[{"href":"https:\/\/e.kosmolat.eu\/lv\/wp-json\/wp\/v2\/media?parent=77068"}],"wp:term":[{"taxonomy":"product_cat","embeddable":true,"href":"https:\/\/e.kosmolat.eu\/lv\/wp-json\/wp\/v2\/product_cat?post=77068"},{"taxonomy":"product_tag","embeddable":true,"href":"https:\/\/e.kosmolat.eu\/lv\/wp-json\/wp\/v2\/product_tag?post=77068"}],"curies":[{"name":"wp","href":"https:\/\/api.w.org\/{rel}","templated":true}]}}