{"id":77060,"date":"2025-07-26T04:01:10","date_gmt":"2025-07-26T04:01:10","guid":{"rendered":"https:\/\/e.kosmolat.eu\/product\/gp-mikstinosa-sals-kaju-vannam-400-g\/"},"modified":"2026-04-15T12:55:43","modified_gmt":"2026-04-15T12:55:43","slug":"gp-mikstinosa-sals-kaju-vannam-400-g","status":"publish","type":"product","link":"https:\/\/e.kosmolat.eu\/lv\/product\/gp-mikstinosa-sals-kaju-vannam-400-g\/","title":{"rendered":"GP M\u012bkstino\u0161a s\u0101ls k\u0101ju vann\u0101m, 400 g"},"content":{"rendered":"<p>K\u0101ju vanni\u0146a ar m\u012bkstino\u0161o s\u0101li padara \u0101du gludu un pat\u012bkamu piesk\u0101rienam. Jau p\u0113c pirm\u0101s lieto\u0161anas samazin\u0101s sausums, \u0101da k\u013c\u016bst maiga un samtaina. Regul\u0101ras s\u0101ls vannas proced\u016bras veicina sabiez\u0113ju\u0161\u0101s \u0101das m\u012bkstin\u0101\u0161anu. Ide\u0101li piem\u0113rota k\u0101 vanni\u0146a pirms pedik\u012bra. <\/p>\n<p>Akt\u012bv\u0101s sast\u0101vda\u013cas: fukusa ekstrakts, v\u012btola un gard\u0113nijas miza, kokosriekstu e\u013c\u013ca, E vitam\u012bns. Piem\u0113rots veg\u0101niem.<\/p>\n<p>Lieto\u0161ana: iz\u0161\u0137\u012bdiniet 100 g s\u0101ls silt\u0101 \u016bden\u012b (37 \u00b0C), iem\u0113rciet k\u0101jas uz 15\u201320 min\u016bt\u0113m, p\u0113c tam noskalojiet. Ieteicams lietot 2\u20133 reizes ned\u0113\u013c\u0101.<\/p>\n<p>Piesardz\u012bbas pas\u0101kumi: individu\u0101la jut\u012bba pret atsevi\u0161\u0137\u0101m sast\u0101vda\u013c\u0101m.<\/p>\n<p>Der\u012bguma termi\u0146\u0161: 36 m\u0113ne\u0161i no izgatavo\u0161anas datuma.<\/p>\n<p>Uzglab\u0101\u0161anas apst\u0101k\u013ci: no +5 \u00b0C l\u012bdz +25 \u00b0C.<\/p>\n","protected":false},"excerpt":{"rendered":"<p>K\u0101ju vanni\u0146a ar m\u012bkstino\u0161o s\u0101li padara \u0101du gludu un pat\u012bkamu piesk\u0101rienam. Jau p\u0113c pirm\u0101s lieto\u0161anas samazin\u0101s sausums, \u0101da k\u013c\u016bst maiga un samtaina. Regul\u0101ras s\u0101ls vannas proced\u016bras veicina sabiez\u0113ju\u0161\u0101s \u0101das m\u012bkstin\u0101\u0161anu. Ide\u0101li piem\u0113rota k\u0101 vanni\u0146a pirms pedik\u012bra. Akt\u012bv\u0101s sast\u0101vda\u013cas: fukusa ekstrakts, v\u012btola un gard\u0113nijas miza, kokosriekstu e\u013c\u013ca, E vitam\u012bns. Piem\u0113rots veg\u0101niem. Lieto\u0161ana: iz\u0161\u0137\u012bdiniet 100 g s\u0101ls [&#8230;]\n","protected":false},"featured_media":95858,"template":"","meta":[],"product_cat":[1610],"product_tag":[],"class_list":{"0":"post-77060","1":"product","2":"type-product","3":"status-publish","4":"has-post-thumbnail","6":"product_brand-elfa_ua","7":"product_cat-vannas-putas-sali-bumbas","9":"first","10":"instock","11":"taxable","12":"shipping-taxable","13":"product-type-simple"},"_links":{"self":[{"href":"https:\/\/e.kosmolat.eu\/lv\/wp-json\/wp\/v2\/product\/77060","targetHints":{"allow":["GET"]}}],"collection":[{"href":"https:\/\/e.kosmolat.eu\/lv\/wp-json\/wp\/v2\/product"}],"about":[{"href":"https:\/\/e.kosmolat.eu\/lv\/wp-json\/wp\/v2\/types\/product"}],"wp:featuredmedia":[{"embeddable":true,"href":"https:\/\/e.kosmolat.eu\/lv\/wp-json\/wp\/v2\/media\/95858"}],"wp:attachment":[{"href":"https:\/\/e.kosmolat.eu\/lv\/wp-json\/wp\/v2\/media?parent=77060"}],"wp:term":[{"taxonomy":"product_cat","embeddable":true,"href":"https:\/\/e.kosmolat.eu\/lv\/wp-json\/wp\/v2\/product_cat?post=77060"},{"taxonomy":"product_tag","embeddable":true,"href":"https:\/\/e.kosmolat.eu\/lv\/wp-json\/wp\/v2\/product_tag?post=77060"}],"curies":[{"name":"wp","href":"https:\/\/api.w.org\/{rel}","templated":true}]}}