{"id":77052,"date":"2025-07-26T04:00:55","date_gmt":"2025-07-26T04:00:55","guid":{"rendered":"https:\/\/e.kosmolat.eu\/product\/gp-relaksejosa-sals-kaju-vannam-400-g\/"},"modified":"2026-04-20T05:42:17","modified_gmt":"2026-04-20T05:42:17","slug":"gp-relaksejosa-sals-kaju-vannam-400-g","status":"publish","type":"product","link":"https:\/\/e.kosmolat.eu\/lv\/product\/gp-relaksejosa-sals-kaju-vannam-400-g\/","title":{"rendered":"GP Relaks\u0113jo\u0161a s\u0101ls k\u0101ju vann\u0101m, 400 g"},"content":{"rendered":"<p>K\u0101ju vanni\u0146a ar relaks\u0113jo\u0161u s\u0101li \u2014 efekt\u012bvs ritu\u0101ls atp\u016btai. Jau p\u0113c da\u017e\u0101m min\u016bt\u0113m j\u016btama pat\u012bkama atsl\u0101bin\u0101juma saj\u016bta: samazin\u0101s nogurums, smaguma saj\u016bta un spriedze. Regul\u0101ras s\u0101ls vannas proced\u016bras veicina visp\u0101r\u0113ju labsaj\u016btas uzlabo\u0161anos un r\u016bpejas par \u0137erme\u0146a un ment\u0101lo vesel\u012bbu.<\/p>\n<p>Akt\u012bv\u0101s sast\u0101vda\u013cas: Epsomas s\u0101ls, lavandas, melisas un rozmar\u012bna ekstrakti, lavandas \u0113terisk\u0101 e\u013c\u013ca. Piem\u0113rots veg\u0101niem.<\/p>\n<p>Lieto\u0161ana: iz\u0161\u0137\u012bdiniet 100 g s\u0101ls silt\u0101 \u016bden\u012b (37 \u00b0C), iem\u0113rciet k\u0101jas uz 15\u201320 min\u016bt\u0113m, p\u0113c tam noskalojiet. Ieteicams lietot 2\u20133 reizes ned\u0113\u013c\u0101.<\/p>\n<p>Piesardz\u012bbas pas\u0101kumi: individu\u0101la jut\u012bba pret atsevi\u0161\u0137\u0101m sast\u0101vda\u013c\u0101m.<\/p>\n<p>Der\u012bguma termi\u0146\u0161: 36 m\u0113ne\u0161i no izgatavo\u0161anas datuma.<\/p>\n<p>Uzglab\u0101\u0161anas apst\u0101k\u013ci: no +5 \u00b0C l\u012bdz +25 \u00b0C.<\/p>\n","protected":false},"excerpt":{"rendered":"<p>K\u0101ju vanni\u0146a ar relaks\u0113jo\u0161u s\u0101li \u2014 efekt\u012bvs ritu\u0101ls atp\u016btai. Jau p\u0113c da\u017e\u0101m min\u016bt\u0113m j\u016btama pat\u012bkama atsl\u0101bin\u0101juma saj\u016bta: samazin\u0101s nogurums, smaguma saj\u016bta un spriedze. Regul\u0101ras s\u0101ls vannas proced\u016bras veicina visp\u0101r\u0113ju labsaj\u016btas uzlabo\u0161anos un r\u016bpejas par \u0137erme\u0146a un ment\u0101lo vesel\u012bbu. Akt\u012bv\u0101s sast\u0101vda\u013cas: Epsomas s\u0101ls, lavandas, melisas un rozmar\u012bna ekstrakti, lavandas \u0113terisk\u0101 e\u013c\u013ca. Piem\u0113rots veg\u0101niem. Lieto\u0161ana: iz\u0161\u0137\u012bdiniet 100 [&#8230;]\n","protected":false},"featured_media":95854,"template":"","meta":[],"product_cat":[1612],"product_tag":[],"class_list":{"0":"post-77052","1":"product","2":"type-product","3":"status-publish","4":"has-post-thumbnail","6":"product_brand-elfa_ua","7":"product_cat-putos-druska-vonios-bombos","9":"first","10":"instock","11":"taxable","12":"shipping-taxable","13":"product-type-simple"},"_links":{"self":[{"href":"https:\/\/e.kosmolat.eu\/lv\/wp-json\/wp\/v2\/product\/77052","targetHints":{"allow":["GET"]}}],"collection":[{"href":"https:\/\/e.kosmolat.eu\/lv\/wp-json\/wp\/v2\/product"}],"about":[{"href":"https:\/\/e.kosmolat.eu\/lv\/wp-json\/wp\/v2\/types\/product"}],"wp:featuredmedia":[{"embeddable":true,"href":"https:\/\/e.kosmolat.eu\/lv\/wp-json\/wp\/v2\/media\/95854"}],"wp:attachment":[{"href":"https:\/\/e.kosmolat.eu\/lv\/wp-json\/wp\/v2\/media?parent=77052"}],"wp:term":[{"taxonomy":"product_cat","embeddable":true,"href":"https:\/\/e.kosmolat.eu\/lv\/wp-json\/wp\/v2\/product_cat?post=77052"},{"taxonomy":"product_tag","embeddable":true,"href":"https:\/\/e.kosmolat.eu\/lv\/wp-json\/wp\/v2\/product_tag?post=77052"}],"curies":[{"name":"wp","href":"https:\/\/api.w.org\/{rel}","templated":true}]}}