{"id":77036,"date":"2025-07-26T04:00:24","date_gmt":"2025-07-26T04:00:24","guid":{"rendered":"https:\/\/e.kosmolat.eu\/product\/gp-cukura-sals-ellas-pedu-skrubis-300-ml\/"},"modified":"2026-04-20T05:41:55","modified_gmt":"2026-04-20T05:41:55","slug":"gp-cukura-sals-ellas-pedu-skrubis-300-ml","status":"publish","type":"product","link":"https:\/\/e.kosmolat.eu\/lv\/product\/gp-cukura-sals-ellas-pedu-skrubis-300-ml\/","title":{"rendered":"GP Cukura-s\u0101ls e\u013clas p\u0113du skrubis, 300 ml"},"content":{"rendered":"<p>Skrubis maigi, bet vienlaikus efekt\u012bvi no\u0146em atmiru\u0161\u0101s \u0101das \u0161\u016bnas. Nodro\u0161ina intens\u012bvu baro\u0161anu un mitrin\u0101\u0161anu, padarot p\u0113das gludas un maigas. T\u0101 tekst\u016bra pat\u012bkami mas\u0113, bet vieglais arom\u0101ts sniedz relaks\u0113jo\u0161u saj\u016btu. Ide\u0101li piem\u0113rots pedik\u012bram un SPA proced\u016br\u0101m. Piem\u0113rots veg\u0101niem.<\/p>\n<p>Akt\u012bv\u0101s sast\u0101vda\u013cas: \u0161\u012b sviests, saldo mande\u013cu e\u013c\u013ca, kokosriekstu \u010daumalas, E vitam\u012bns.<\/p>\n<p>Lieto\u0161ana: uzkl\u0101t uz mitras p\u0113du \u0101das, iemas\u0113t ar ap\u013cveida kust\u012bb\u0101m 3\u20135 min\u016btes, p\u0113c tam noskalot ar siltu \u016bdeni. Lietot 1\u20132 reizes ned\u0113\u013c\u0101. Nelietot uz boj\u0101tas \u0101das (br\u016bces, plaisas utt.).<\/p>\n<p>Piesardz\u012bbas pas\u0101kumi: paaugstin\u0101ta individu\u0101l\u0101 jut\u012bba pret atsevi\u0161\u0137\u0101m sast\u0101vda\u013c\u0101m.<\/p>\n<p>Der\u012bguma termi\u0146\u0161: 36 m\u0113ne\u0161i no izgatavo\u0161anas datuma.<\/p>\n<p>Uzglab\u0101\u0161anas apst\u0101k\u013ci: no +5 \u00b0C l\u012bdz +25 \u00b0C.<\/p>\n","protected":false},"excerpt":{"rendered":"<p>Skrubis maigi, bet vienlaikus efekt\u012bvi no\u0146em atmiru\u0161\u0101s \u0101das \u0161\u016bnas. Nodro\u0161ina intens\u012bvu baro\u0161anu un mitrin\u0101\u0161anu, padarot p\u0113das gludas un maigas. T\u0101 tekst\u016bra pat\u012bkami mas\u0113, bet vieglais arom\u0101ts sniedz relaks\u0113jo\u0161u saj\u016btu. Ide\u0101li piem\u0113rots pedik\u012bram un SPA proced\u016br\u0101m. Piem\u0113rots veg\u0101niem. Akt\u012bv\u0101s sast\u0101vda\u013cas: \u0161\u012b sviests, saldo mande\u013cu e\u013c\u013ca, kokosriekstu \u010daumalas, E vitam\u012bns. Lieto\u0161ana: uzkl\u0101t uz mitras p\u0113du \u0101das, iemas\u0113t [&#8230;]\n","protected":false},"featured_media":95846,"template":"","meta":[],"product_cat":[1761],"product_tag":[],"class_list":{"0":"post-77036","1":"product","2":"type-product","3":"status-publish","4":"has-post-thumbnail","6":"product_brand-elfa_ua","7":"product_cat-kaju-kopsanas-kosmetika","9":"first","10":"instock","11":"taxable","12":"shipping-taxable","13":"product-type-simple"},"_links":{"self":[{"href":"https:\/\/e.kosmolat.eu\/lv\/wp-json\/wp\/v2\/product\/77036","targetHints":{"allow":["GET"]}}],"collection":[{"href":"https:\/\/e.kosmolat.eu\/lv\/wp-json\/wp\/v2\/product"}],"about":[{"href":"https:\/\/e.kosmolat.eu\/lv\/wp-json\/wp\/v2\/types\/product"}],"wp:featuredmedia":[{"embeddable":true,"href":"https:\/\/e.kosmolat.eu\/lv\/wp-json\/wp\/v2\/media\/95846"}],"wp:attachment":[{"href":"https:\/\/e.kosmolat.eu\/lv\/wp-json\/wp\/v2\/media?parent=77036"}],"wp:term":[{"taxonomy":"product_cat","embeddable":true,"href":"https:\/\/e.kosmolat.eu\/lv\/wp-json\/wp\/v2\/product_cat?post=77036"},{"taxonomy":"product_tag","embeddable":true,"href":"https:\/\/e.kosmolat.eu\/lv\/wp-json\/wp\/v2\/product_tag?post=77036"}],"curies":[{"name":"wp","href":"https:\/\/api.w.org\/{rel}","templated":true}]}}