{"id":77032,"date":"2025-07-25T12:50:37","date_gmt":"2025-07-25T12:50:37","guid":{"rendered":"https:\/\/e.kosmolat.eu\/product\/dsc-coconut-biotin-conditioner-30-6fl-oz-907ml-bottle\/"},"modified":"2026-04-20T13:40:40","modified_gmt":"2026-04-20T13:40:40","slug":"dsc-coconutbiotin-kondic-ar-kokosr-biot-un-naves-juras-miner-907-ml","status":"publish","type":"product","link":"https:\/\/e.kosmolat.eu\/lv\/product\/dsc-coconutbiotin-kondic-ar-kokosr-biot-un-naves-juras-miner-907-ml\/","title":{"rendered":"DSC Coconut&#038;Biotin kondic. ar kokosr., biot. un N\u0101ves j\u016bras miner., 907 ml"},"content":{"rendered":"<p>Kondicionieris ir bag\u0101tin\u0101ts ar N\u0101ves j\u016bras miner\u0101liem un pastiprin\u0101ts ar kokosriekstu e\u013c\u013cas un biot\u012bna mitrino\u0161o un atjaunojo\u0161o iedarb\u012bbu. T\u0101 formula ap\u0146em katru matu, nodro\u0161inot nepiecie\u0161amo olbaltumvielu un uzturvielu pieg\u0101di matu folikul\u0101m, baro katru matu un pal\u012bdz saglab\u0101t sp\u012bdumu un gludumu. Maigi att\u012bra, no\u0146emot net\u012brumus un matu veido\u0161anas l\u012bdzek\u013cu atliekas, neboj\u0101jot matu dabisko e\u013c\u013cu l\u012bdzsvaru.<\/p>\n<p>Lieto\u0161ana: P\u0113c \u0161amp\u016bna lieto\u0161anas nosusiniet matus, lai no\u0146emtu lieko mitrumu. Uzkl\u0101jiet nelielu daudzumu kondicioniera, s\u0101kot no matu galiem un virzoties uz sakn\u0113m. Atst\u0101jiet iedarboties 2\u20134 min\u016btes. R\u016bp\u012bgi izskalojiet.<\/p>\n","protected":false},"excerpt":{"rendered":"<p>Kondicionieris ir bag\u0101tin\u0101ts ar N\u0101ves j\u016bras miner\u0101liem un pastiprin\u0101ts ar kokosriekstu e\u013c\u013cas un biot\u012bna mitrino\u0161o un atjaunojo\u0161o iedarb\u012bbu. T\u0101 formula ap\u0146em katru matu, nodro\u0161inot nepiecie\u0161amo olbaltumvielu un uzturvielu pieg\u0101di matu folikul\u0101m, baro katru matu un pal\u012bdz saglab\u0101t sp\u012bdumu un gludumu. Maigi att\u012bra, no\u0146emot net\u012brumus un matu veido\u0161anas l\u012bdzek\u013cu atliekas, neboj\u0101jot matu dabisko e\u013c\u013cu l\u012bdzsvaru. Lieto\u0161ana: [&#8230;]\n","protected":false},"featured_media":93918,"template":"","meta":[],"product_cat":[1639],"product_tag":[],"class_list":{"0":"post-77032","1":"product","2":"type-product","3":"status-publish","4":"has-post-thumbnail","6":"product_brand-dead-sea_il","7":"product_cat-1639","9":"first","10":"instock","11":"taxable","12":"shipping-taxable","13":"product-type-simple"},"_links":{"self":[{"href":"https:\/\/e.kosmolat.eu\/lv\/wp-json\/wp\/v2\/product\/77032","targetHints":{"allow":["GET"]}}],"collection":[{"href":"https:\/\/e.kosmolat.eu\/lv\/wp-json\/wp\/v2\/product"}],"about":[{"href":"https:\/\/e.kosmolat.eu\/lv\/wp-json\/wp\/v2\/types\/product"}],"wp:featuredmedia":[{"embeddable":true,"href":"https:\/\/e.kosmolat.eu\/lv\/wp-json\/wp\/v2\/media\/93918"}],"wp:attachment":[{"href":"https:\/\/e.kosmolat.eu\/lv\/wp-json\/wp\/v2\/media?parent=77032"}],"wp:term":[{"taxonomy":"product_cat","embeddable":true,"href":"https:\/\/e.kosmolat.eu\/lv\/wp-json\/wp\/v2\/product_cat?post=77032"},{"taxonomy":"product_tag","embeddable":true,"href":"https:\/\/e.kosmolat.eu\/lv\/wp-json\/wp\/v2\/product_tag?post=77032"}],"curies":[{"name":"wp","href":"https:\/\/api.w.org\/{rel}","templated":true}]}}