{"id":77028,"date":"2025-07-25T12:20:38","date_gmt":"2025-07-25T12:20:38","guid":{"rendered":"https:\/\/e.kosmolat.eu\/product\/dsc-coconutbiotin-shampoo-33-8fl-oz-1000ml-bottle\/"},"modified":"2026-04-21T08:26:44","modified_gmt":"2026-04-21T08:26:44","slug":"dsc-coconutbiotin-samp-ar-kokosr-biot-un-naves-juras-miner-1-l","status":"publish","type":"product","link":"https:\/\/e.kosmolat.eu\/lv\/product\/dsc-coconutbiotin-samp-ar-kokosr-biot-un-naves-juras-miner-1-l\/","title":{"rendered":"DSC Coconut&#038;Biotin \u0161amp. ar kokosr., biot. un N\u0101ves j\u016bras miner., 1 l"},"content":{"rendered":"<p>\u0160amp\u016bns ir bag\u0101tin\u0101ts ar N\u0101ves j\u016bras miner\u0101liem, kas paz\u012bstami ar sav\u0101m barojo\u0161aj\u0101m \u012bpa\u0161\u012bb\u0101m, un pastiprin\u0101ts ar kokosriekstu e\u013c\u013cas un biot\u012bna stiprino\u0161o iedarb\u012bbu. T\u0101 formula ap\u0146em katru matu, pie\u0161\u0137irot tiem vesel\u012bg\u0101ku un stipr\u0101ku izskatu no sakn\u0113m l\u012bdz gali\u0146iem. \u0160amp\u016bns maigi att\u012bra, no\u0146emot net\u012brumus un matu veido\u0161anas l\u012bdzek\u013cu atliekas, pal\u012bdzot ar katru lieto\u0161anas reizi pie\u0161\u0137irt matiem kupl\u0101ku, biez\u0101ku un apjom\u012bg\u0101ku izskatu.<\/p>\n<p>Lieto\u0161ana: Uzkl\u0101jiet pietiekamu daudzumu \u0161amp\u016bna uz mitriem matiem un galvas \u0101das. Iemas\u0113jiet un r\u016bp\u012bgi izskalojiet. Lai sasniegtu lab\u0101ku rezult\u0101tu, lietojiet kop\u0101 ar kondicionieri matu mirdzumam, kuplumam un maigumam.<\/p>\n","protected":false},"excerpt":{"rendered":"<p>\u0160amp\u016bns ir bag\u0101tin\u0101ts ar N\u0101ves j\u016bras miner\u0101liem, kas paz\u012bstami ar sav\u0101m barojo\u0161aj\u0101m \u012bpa\u0161\u012bb\u0101m, un pastiprin\u0101ts ar kokosriekstu e\u013c\u013cas un biot\u012bna stiprino\u0161o iedarb\u012bbu. T\u0101 formula ap\u0146em katru matu, pie\u0161\u0137irot tiem vesel\u012bg\u0101ku un stipr\u0101ku izskatu no sakn\u0113m l\u012bdz gali\u0146iem. \u0160amp\u016bns maigi att\u012bra, no\u0146emot net\u012brumus un matu veido\u0161anas l\u012bdzek\u013cu atliekas, pal\u012bdzot ar katru lieto\u0161anas reizi pie\u0161\u0137irt matiem kupl\u0101ku, [&#8230;]\n","protected":false},"featured_media":93914,"template":"","meta":[],"product_cat":[1252],"product_tag":[],"class_list":{"0":"post-77028","1":"product","2":"type-product","3":"status-publish","4":"has-post-thumbnail","6":"product_brand-dead-sea_il","7":"product_cat-1252","9":"first","10":"instock","11":"taxable","12":"shipping-taxable","13":"product-type-simple"},"_links":{"self":[{"href":"https:\/\/e.kosmolat.eu\/lv\/wp-json\/wp\/v2\/product\/77028","targetHints":{"allow":["GET"]}}],"collection":[{"href":"https:\/\/e.kosmolat.eu\/lv\/wp-json\/wp\/v2\/product"}],"about":[{"href":"https:\/\/e.kosmolat.eu\/lv\/wp-json\/wp\/v2\/types\/product"}],"wp:featuredmedia":[{"embeddable":true,"href":"https:\/\/e.kosmolat.eu\/lv\/wp-json\/wp\/v2\/media\/93914"}],"wp:attachment":[{"href":"https:\/\/e.kosmolat.eu\/lv\/wp-json\/wp\/v2\/media?parent=77028"}],"wp:term":[{"taxonomy":"product_cat","embeddable":true,"href":"https:\/\/e.kosmolat.eu\/lv\/wp-json\/wp\/v2\/product_cat?post=77028"},{"taxonomy":"product_tag","embeddable":true,"href":"https:\/\/e.kosmolat.eu\/lv\/wp-json\/wp\/v2\/product_tag?post=77028"}],"curies":[{"name":"wp","href":"https:\/\/api.w.org\/{rel}","templated":true}]}}