{"id":77019,"date":"2025-07-25T04:03:21","date_gmt":"2025-07-25T04:03:21","guid":{"rendered":"https:\/\/e.kosmolat.eu\/product\/eshumi-vitamin-repair-glutath-auduma-sejas-maska-ar-c-vit-un-glutationu-23-ml\/"},"modified":"2026-03-31T08:14:21","modified_gmt":"2026-03-31T08:14:21","slug":"eshumi-vitamin-repair-glutath-auduma-sejas-maska-ar-c-vit-un-glutationu-23-ml","status":"publish","type":"product","link":"https:\/\/e.kosmolat.eu\/lv\/product\/eshumi-vitamin-repair-glutath-auduma-sejas-maska-ar-c-vit-un-glutationu-23-ml\/","title":{"rendered":"Eshumi Vitamin Repair Glutath. Auduma sejas maska ar C vit. un glutationu, 23 ml"},"content":{"rendered":"<p>Sejas maska ar C vitam\u012bnu un glutationu efekt\u012bvi mitrina un atjauno noguru\u0161u un dehidr\u0113tu \u0101du, cie\u0161i piegu\u013c sejas \u0101dai un baro to.<\/p>\n<p>Lieto\u0161ana: 1. Not\u012briet seju un uzkl\u0101jiet toniku. 2. Iz\u0146emiet no iepakojuma masku un uzman\u012bgi uzkl\u0101jiet uz sejas. 3. P\u0113c 15-20 min. no\u0146emiet masku. Ja ir k\u0101di atlikumi, maigi iemas\u0113jiet tos \u0101d\u0101, l\u012bdz tie ir uzs\u016bku\u0161ies. <\/p>\n<p>BR\u012aDIN\u0100JUMI: 1. Ja, lietojot produktu, rodas izsitumi, piet\u016bkums, nieze vai citas nepat\u012bkamas saj\u016btas, nekav\u0113joties p\u0101rtrauciet lieto\u0161anu un konsult\u0113jieties ar dermatologu. 2. Nelietojiet uz boj\u0101tas vai kairin\u0101tas \u0101das. 3. Nelietojiet uz \u0101das ap ac\u012bm.<\/p>\n<p>Piesardz\u012bbas pas\u0101kumi: Uzglab\u0101t b\u0113rniem nepieejam\u0101 viet\u0101. Sarg\u0101t no tie\u0161iem saules stariem.<\/p>\n<p>Uzglab\u0101t temperat\u016br\u0101 no +5 \u00b0C l\u012bdz +25 \u00b0C.<\/p>\n","protected":false},"excerpt":{"rendered":"<p>Sejas maska ar C vitam\u012bnu un glutationu efekt\u012bvi mitrina un atjauno noguru\u0161u un dehidr\u0113tu \u0101du, cie\u0161i piegu\u013c sejas \u0101dai un baro to. Lieto\u0161ana: 1. Not\u012briet seju un uzkl\u0101jiet toniku. 2. Iz\u0146emiet no iepakojuma masku un uzman\u012bgi uzkl\u0101jiet uz sejas. 3. P\u0113c 15-20 min. no\u0146emiet masku. Ja ir k\u0101di atlikumi, maigi iemas\u0113jiet tos \u0101d\u0101, l\u012bdz tie [&#8230;]\n","protected":false},"featured_media":96262,"template":"","meta":[],"product_cat":[1369],"product_tag":[],"class_list":{"0":"post-77019","1":"product","2":"type-product","3":"status-publish","4":"has-post-thumbnail","6":"product_brand-replay_kr","7":"product_cat-veido-kaukes","9":"first","10":"outofstock","11":"taxable","12":"shipping-taxable","13":"product-type-simple"},"_links":{"self":[{"href":"https:\/\/e.kosmolat.eu\/lv\/wp-json\/wp\/v2\/product\/77019","targetHints":{"allow":["GET"]}}],"collection":[{"href":"https:\/\/e.kosmolat.eu\/lv\/wp-json\/wp\/v2\/product"}],"about":[{"href":"https:\/\/e.kosmolat.eu\/lv\/wp-json\/wp\/v2\/types\/product"}],"wp:featuredmedia":[{"embeddable":true,"href":"https:\/\/e.kosmolat.eu\/lv\/wp-json\/wp\/v2\/media\/96262"}],"wp:attachment":[{"href":"https:\/\/e.kosmolat.eu\/lv\/wp-json\/wp\/v2\/media?parent=77019"}],"wp:term":[{"taxonomy":"product_cat","embeddable":true,"href":"https:\/\/e.kosmolat.eu\/lv\/wp-json\/wp\/v2\/product_cat?post=77019"},{"taxonomy":"product_tag","embeddable":true,"href":"https:\/\/e.kosmolat.eu\/lv\/wp-json\/wp\/v2\/product_tag?post=77019"}],"curies":[{"name":"wp","href":"https:\/\/api.w.org\/{rel}","templated":true}]}}