{"id":76979,"date":"2025-07-25T04:01:54","date_gmt":"2025-07-25T04:01:54","guid":{"rendered":"https:\/\/e.kosmolat.eu\/product\/dr-sante-sebocontrol-intens-attir-putas-sejas-mazg-cikacinksa%d0%bda-150-ml\/"},"modified":"2025-09-13T04:27:33","modified_gmt":"2025-09-13T04:27:33","slug":"dr-sante-sebocontrol-intens-attir-putas-sejas-mazg-cikacinksa%d0%bda-150-ml","status":"publish","type":"product","link":"https:\/\/e.kosmolat.eu\/lv\/product\/dr-sante-sebocontrol-intens-attir-putas-sejas-mazg-cikacinksa%d0%bda-150-ml\/","title":{"rendered":"Dr.Sante Sebocontrol Intens. att\u012br. putas sejas mazg. Cika+Cinks+\u0104\u041d\u0104, 150 ml"},"content":{"rendered":"<p>Maiga att\u012bro\u0161\u0101 esence viegli p\u0101rv\u0113r\u0161as par bag\u0101t\u012bg\u0101m, gais\u012bg\u0101m put\u0101m, kas maigi att\u012bra un no\u0146em p\u0101rm\u0113r\u012bgu sebumu. Satur \u0100zijas centellas ekstraktu, cinku un AHA sk\u0101bes. Ide\u0101li piem\u0113rotas taukainai, kombin\u0113tai un rea\u0123\u0113jo\u0161ai \u0101dai.<\/p>\n<p>Lieto\u0161ana: uzkl\u0101t uz mitras \u0101das, noskalot ar \u016bdeni.<\/p>\n<p>Uzglab\u0101\u0161ana: no +5 \u00b0C l\u012bdz +25 \u00b0C.<\/p>\n<p>Der\u012bguma termi\u0146\u0161: 30 m\u0113ne\u0161i.<\/p>\n","protected":false},"excerpt":{"rendered":"<p>Maiga att\u012bro\u0161\u0101 esence viegli p\u0101rv\u0113r\u0161as par bag\u0101t\u012bg\u0101m, gais\u012bg\u0101m put\u0101m, kas maigi att\u012bra un no\u0146em p\u0101rm\u0113r\u012bgu sebumu. Satur \u0100zijas centellas ekstraktu, cinku un AHA sk\u0101bes. Ide\u0101li piem\u0113rotas taukainai, kombin\u0113tai un rea\u0123\u0113jo\u0161ai \u0101dai. Lieto\u0161ana: uzkl\u0101t uz mitras \u0101das, noskalot ar \u016bdeni. Uzglab\u0101\u0161ana: no +5 \u00b0C l\u012bdz +25 \u00b0C. Der\u012bguma termi\u0146\u0161: 30 m\u0113ne\u0161i.<\/p>\n","protected":false},"featured_media":0,"template":"","meta":[],"product_cat":[1833],"product_tag":[],"class_list":{"0":"post-76979","1":"product","2":"type-product","3":"status-publish","5":"product_brand-elfa_ua","6":"product_cat-putas-sejas-mazgasanai","8":"first","9":"outofstock","10":"taxable","11":"shipping-taxable","12":"product-type-simple"},"_links":{"self":[{"href":"https:\/\/e.kosmolat.eu\/lv\/wp-json\/wp\/v2\/product\/76979","targetHints":{"allow":["GET"]}}],"collection":[{"href":"https:\/\/e.kosmolat.eu\/lv\/wp-json\/wp\/v2\/product"}],"about":[{"href":"https:\/\/e.kosmolat.eu\/lv\/wp-json\/wp\/v2\/types\/product"}],"wp:attachment":[{"href":"https:\/\/e.kosmolat.eu\/lv\/wp-json\/wp\/v2\/media?parent=76979"}],"wp:term":[{"taxonomy":"product_cat","embeddable":true,"href":"https:\/\/e.kosmolat.eu\/lv\/wp-json\/wp\/v2\/product_cat?post=76979"},{"taxonomy":"product_tag","embeddable":true,"href":"https:\/\/e.kosmolat.eu\/lv\/wp-json\/wp\/v2\/product_tag?post=76979"}],"curies":[{"name":"wp","href":"https:\/\/api.w.org\/{rel}","templated":true}]}}