{"id":76971,"date":"2025-07-25T04:01:39","date_gmt":"2025-07-25T04:01:39","guid":{"rendered":"https:\/\/e.kosmolat.eu\/product\/dr-sante-sebocontrol-attir-losjons-cicacinksaha-200-ml\/"},"modified":"2026-05-08T16:08:47","modified_gmt":"2026-05-08T16:08:47","slug":"dr-sante-sebocontrol-attir-losjons-cicacinksaha-200-ml","status":"publish","type":"product","link":"https:\/\/e.kosmolat.eu\/lv\/product\/dr-sante-sebocontrol-attir-losjons-cicacinksaha-200-ml\/","title":{"rendered":"Dr. Sante Sebocontrol Att\u012br. losjons Cica+Cinks+AHA, 200 ml"},"content":{"rendered":"<p>Paredz\u0113ts taukainas, kombin\u0113tas un reakt\u012bvas \u0101das kop\u0161anai. Regul\u0113 sebuma izstr\u0101di, mitrina un atsvaidzina \u0101du, nov\u0113r\u0161 taukainu sp\u012bdumu. Satur \u0100zijas centellas ekstraktu, cinku un AHA sk\u0101bes.<\/p>\n<p>Lieto\u0161ana: uzkl\u0101t uz vates diska un ar viegl\u0101m kust\u012bb\u0101m att\u012br\u012bt \u0101du.<\/p>\n<p>Uzglab\u0101\u0161ana: no +5 \u00b0C l\u012bdz +25 \u00b0C.<\/p>\n<p>Der\u012bguma termi\u0146\u0161: 30 m\u0113ne\u0161i.<\/p>\n","protected":false},"excerpt":{"rendered":"<p>Paredz\u0113ts taukainas, kombin\u0113tas un reakt\u012bvas \u0101das kop\u0161anai. Regul\u0113 sebuma izstr\u0101di, mitrina un atsvaidzina \u0101du, nov\u0113r\u0161 taukainu sp\u012bdumu. Satur \u0100zijas centellas ekstraktu, cinku un AHA sk\u0101bes. Lieto\u0161ana: uzkl\u0101t uz vates diska un ar viegl\u0101m kust\u012bb\u0101m att\u012br\u012bt \u0101du. Uzglab\u0101\u0161ana: no +5 \u00b0C l\u012bdz +25 \u00b0C. Der\u012bguma termi\u0146\u0161: 30 m\u0113ne\u0161i.<\/p>\n","protected":false},"featured_media":106976,"template":"","meta":[],"product_cat":[1580],"product_tag":[],"class_list":{"0":"post-76971","1":"product","2":"type-product","3":"status-publish","4":"has-post-thumbnail","6":"product_brand-elfa_ua","7":"product_cat-losjonai-ir-tonikai","9":"first","10":"instock","11":"taxable","12":"shipping-taxable","13":"product-type-simple"},"_links":{"self":[{"href":"https:\/\/e.kosmolat.eu\/lv\/wp-json\/wp\/v2\/product\/76971","targetHints":{"allow":["GET"]}}],"collection":[{"href":"https:\/\/e.kosmolat.eu\/lv\/wp-json\/wp\/v2\/product"}],"about":[{"href":"https:\/\/e.kosmolat.eu\/lv\/wp-json\/wp\/v2\/types\/product"}],"wp:featuredmedia":[{"embeddable":true,"href":"https:\/\/e.kosmolat.eu\/lv\/wp-json\/wp\/v2\/media\/106976"}],"wp:attachment":[{"href":"https:\/\/e.kosmolat.eu\/lv\/wp-json\/wp\/v2\/media?parent=76971"}],"wp:term":[{"taxonomy":"product_cat","embeddable":true,"href":"https:\/\/e.kosmolat.eu\/lv\/wp-json\/wp\/v2\/product_cat?post=76971"},{"taxonomy":"product_tag","embeddable":true,"href":"https:\/\/e.kosmolat.eu\/lv\/wp-json\/wp\/v2\/product_tag?post=76971"}],"curies":[{"name":"wp","href":"https:\/\/api.w.org\/{rel}","templated":true}]}}