{"id":76963,"date":"2025-07-25T04:01:22","date_gmt":"2025-07-25T04:01:22","guid":{"rendered":"https:\/\/e.kosmolat.eu\/product\/dr-sante-sebocontrol-sejas-maska-cicacinksaha-75-ml\/"},"modified":"2026-04-14T09:21:44","modified_gmt":"2026-04-14T09:21:44","slug":"dr-sante-sebocontrol-sejas-maska-cicacinksaha-75-ml","status":"publish","type":"product","link":"https:\/\/e.kosmolat.eu\/lv\/product\/dr-sante-sebocontrol-sejas-maska-cicacinksaha-75-ml\/","title":{"rendered":"Dr. Sante Sebocontrol Sejas maska Cica+Cinks+AHA, 75 ml"},"content":{"rendered":"<p>Efekt\u012bvi att\u012bra no p\u0101rm\u0113r\u012bga sebuma, samazina poru un nepiln\u012bbu redzam\u012bbu, nomierina \u0101du un pie\u0161\u0137ir komforta saj\u016btu un mat\u0113jo\u0161u efektu. Satur \u0100zijas centellas ekstraktu, cinku un AHA sk\u0101bes.<\/p>\n<p>Lieto\u0161ana: uzkl\u0101t uz att\u012br\u012btas \u0101das, atst\u0101t uz 10\u201315 min\u016bt\u0113m, p\u0113c tam noskalot ar siltu \u016bdeni. Lietot 1\u20132 reizes ned\u0113\u013c\u0101.<\/p>\n<p>Uzglab\u0101\u0161ana: no +5 \u00b0C l\u012bdz +25 \u00b0C.<\/p>\n<p>Der\u012bguma termi\u0146\u0161: 30 m\u0113ne\u0161i.<\/p>\n","protected":false},"excerpt":{"rendered":"<p>Efekt\u012bvi att\u012bra no p\u0101rm\u0113r\u012bga sebuma, samazina poru un nepiln\u012bbu redzam\u012bbu, nomierina \u0101du un pie\u0161\u0137ir komforta saj\u016btu un mat\u0113jo\u0161u efektu. Satur \u0100zijas centellas ekstraktu, cinku un AHA sk\u0101bes. Lieto\u0161ana: uzkl\u0101t uz att\u012br\u012btas \u0101das, atst\u0101t uz 10\u201315 min\u016bt\u0113m, p\u0113c tam noskalot ar siltu \u016bdeni. Lietot 1\u20132 reizes ned\u0113\u013c\u0101. Uzglab\u0101\u0161ana: no +5 \u00b0C l\u012bdz +25 \u00b0C. Der\u012bguma termi\u0146\u0161: [&#8230;]\n","protected":false},"featured_media":107265,"template":"","meta":[],"product_cat":[1367],"product_tag":[],"class_list":{"0":"post-76963","1":"product","2":"type-product","3":"status-publish","4":"has-post-thumbnail","6":"product_brand-elfa_ua","7":"product_cat-sejas-maskas","9":"first","10":"instock","11":"taxable","12":"shipping-taxable","13":"product-type-simple"},"_links":{"self":[{"href":"https:\/\/e.kosmolat.eu\/lv\/wp-json\/wp\/v2\/product\/76963","targetHints":{"allow":["GET"]}}],"collection":[{"href":"https:\/\/e.kosmolat.eu\/lv\/wp-json\/wp\/v2\/product"}],"about":[{"href":"https:\/\/e.kosmolat.eu\/lv\/wp-json\/wp\/v2\/types\/product"}],"wp:featuredmedia":[{"embeddable":true,"href":"https:\/\/e.kosmolat.eu\/lv\/wp-json\/wp\/v2\/media\/107265"}],"wp:attachment":[{"href":"https:\/\/e.kosmolat.eu\/lv\/wp-json\/wp\/v2\/media?parent=76963"}],"wp:term":[{"taxonomy":"product_cat","embeddable":true,"href":"https:\/\/e.kosmolat.eu\/lv\/wp-json\/wp\/v2\/product_cat?post=76963"},{"taxonomy":"product_tag","embeddable":true,"href":"https:\/\/e.kosmolat.eu\/lv\/wp-json\/wp\/v2\/product_tag?post=76963"}],"curies":[{"name":"wp","href":"https:\/\/api.w.org\/{rel}","templated":true}]}}