{"id":76955,"date":"2025-07-25T04:01:05","date_gmt":"2025-07-25T04:01:05","guid":{"rendered":"https:\/\/e.kosmolat.eu\/product\/dr-sante-sebocontrol-akt-mat-serums-cicacinksaha-30-ml\/"},"modified":"2025-09-17T11:02:12","modified_gmt":"2025-09-17T11:02:12","slug":"dr-sante-sebocontrol-akt-mat-serums-cicacinksaha-30-ml","status":"publish","type":"product","link":"https:\/\/e.kosmolat.eu\/lv\/product\/dr-sante-sebocontrol-akt-mat-serums-cicacinksaha-30-ml\/","title":{"rendered":"Dr. Sante Sebocontrol Akt. mat. serums Cica+Cinks+AHA, 30 ml"},"content":{"rendered":"<p>Viegls serums, kas izstr\u0101d\u0101ts, lai r\u016bp\u0113tos par taukainu, kombin\u0113tu un reakt\u012bvu \u0101du. Nov\u0113r\u0161 taukainu sp\u012bdumu un nodro\u0161ina mat\u0113jo\u0161u efektu.  Mitrina un nomierina \u0101du. Satur \u0100zijas centellas ekstraktu, cinku un AHA sk\u0101bes. <\/p>\n<p>Lieto\u0161ana: ar viegl\u0101m kust\u012bb\u0101m uzkl\u0101t uz att\u012br\u012btas sejas \u0101das pa mas\u0101\u017eas l\u012bnij\u0101m.<\/p>\n<p>Uzglab\u0101\u0161ana: no +5 \u00b0C l\u012bdz +25 \u00b0C.<\/p>\n<p>Der\u012bguma termi\u0146\u0161: 30 m\u0113ne\u0161i.<\/p>\n","protected":false},"excerpt":{"rendered":"<p>Viegls serums, kas izstr\u0101d\u0101ts, lai r\u016bp\u0113tos par taukainu, kombin\u0113tu un reakt\u012bvu \u0101du. Nov\u0113r\u0161 taukainu sp\u012bdumu un nodro\u0161ina mat\u0113jo\u0161u efektu. Mitrina un nomierina \u0101du. Satur \u0100zijas centellas ekstraktu, cinku un AHA sk\u0101bes. Lieto\u0161ana: ar viegl\u0101m kust\u012bb\u0101m uzkl\u0101t uz att\u012br\u012btas sejas \u0101das pa mas\u0101\u017eas l\u012bnij\u0101m. Uzglab\u0101\u0161ana: no +5 \u00b0C l\u012bdz +25 \u00b0C. Der\u012bguma termi\u0146\u0161: 30 m\u0113ne\u0161i.<\/p>\n","protected":false},"featured_media":78184,"template":"","meta":[],"product_cat":[1328],"product_tag":[],"class_list":{"0":"post-76955","1":"product","2":"type-product","3":"status-publish","4":"has-post-thumbnail","6":"product_brand-elfa_ua","7":"product_cat-1328","9":"first","10":"outofstock","11":"taxable","12":"shipping-taxable","13":"product-type-simple"},"_links":{"self":[{"href":"https:\/\/e.kosmolat.eu\/lv\/wp-json\/wp\/v2\/product\/76955","targetHints":{"allow":["GET"]}}],"collection":[{"href":"https:\/\/e.kosmolat.eu\/lv\/wp-json\/wp\/v2\/product"}],"about":[{"href":"https:\/\/e.kosmolat.eu\/lv\/wp-json\/wp\/v2\/types\/product"}],"wp:featuredmedia":[{"embeddable":true,"href":"https:\/\/e.kosmolat.eu\/lv\/wp-json\/wp\/v2\/media\/78184"}],"wp:attachment":[{"href":"https:\/\/e.kosmolat.eu\/lv\/wp-json\/wp\/v2\/media?parent=76955"}],"wp:term":[{"taxonomy":"product_cat","embeddable":true,"href":"https:\/\/e.kosmolat.eu\/lv\/wp-json\/wp\/v2\/product_cat?post=76955"},{"taxonomy":"product_tag","embeddable":true,"href":"https:\/\/e.kosmolat.eu\/lv\/wp-json\/wp\/v2\/product_tag?post=76955"}],"curies":[{"name":"wp","href":"https:\/\/api.w.org\/{rel}","templated":true}]}}