{"id":76947,"date":"2025-07-25T04:00:50","date_gmt":"2025-07-25T04:00:50","guid":{"rendered":"https:\/\/e.kosmolat.eu\/product\/dr-sante-sebocontrol-normaliz-nakts-krems-cicacinksaha-50-ml\/"},"modified":"2026-05-08T21:09:13","modified_gmt":"2026-05-08T21:09:13","slug":"dr-sante-sebocontrol-normaliz-nakts-krems-cicacinksaha-50-ml","status":"publish","type":"product","link":"https:\/\/e.kosmolat.eu\/lv\/product\/dr-sante-sebocontrol-normaliz-nakts-krems-cicacinksaha-50-ml\/","title":{"rendered":"Dr. Sante Sebocontrol Normaliz. nakts kr\u0113ms Cica+Cinks+AHA, 50 ml"},"content":{"rendered":"<p>Seboregul\u0113jo\u0161s nakts kr\u0113ms ir piem\u0113rots taukainas, kombin\u0113tas un reakt\u012bvas \u0101das kop\u0161anai. Satur \u0100zijas centellas ekstraktu, cinku un AHA sk\u0101bes. Formul\u0113jums ir v\u0113rsts uz sebuma dziedzeru darb\u012bbas normaliz\u0113\u0161anu, poru un \u0101das nepiln\u012bbu redzam\u012bbas samazin\u0101\u0161anu, dzi\u013cu mitrin\u0101\u0161anu un \u0101das nomierin\u0101\u0161anu. Lietojot vakara sejas kop\u0161anas rut\u012bn\u0101, kr\u0113ms uztur pareizu mitruma l\u012bmeni un samazina sebuma izdal\u012b\u0161anos. No r\u012bta \u0101da izskat\u0101s svaiga un atp\u016btusies. Regul\u0101ra Dr.Sante Sebocontrol l\u012bnijas produktu lieto\u0161ana nodro\u0161ina mitruma un sekr\u0113cijas l\u012bdzsvaru.<\/p>\n<p>Lieto\u0161ana: ar viegl\u0101m kust\u012bb\u0101m uzkl\u0101t uz att\u012br\u012btas sejas \u0101das pa mas\u0101\u017eas l\u012bnij\u0101m.<\/p>\n<p>Uzglab\u0101\u0161ana: no +5 \u00b0C l\u012bdz +25 \u00b0C.<\/p>\n<p>Der\u012bguma termi\u0146\u0161: 30 m\u0113ne\u0161i.<\/p>\n","protected":false},"excerpt":{"rendered":"<p>Seboregul\u0113jo\u0161s nakts kr\u0113ms ir piem\u0113rots taukainas, kombin\u0113tas un reakt\u012bvas \u0101das kop\u0161anai. Satur \u0100zijas centellas ekstraktu, cinku un AHA sk\u0101bes. Formul\u0113jums ir v\u0113rsts uz sebuma dziedzeru darb\u012bbas normaliz\u0113\u0161anu, poru un \u0101das nepiln\u012bbu redzam\u012bbas samazin\u0101\u0161anu, dzi\u013cu mitrin\u0101\u0161anu un \u0101das nomierin\u0101\u0161anu. Lietojot vakara sejas kop\u0161anas rut\u012bn\u0101, kr\u0113ms uztur pareizu mitruma l\u012bmeni un samazina sebuma izdal\u012b\u0161anos. No r\u012bta \u0101da [&#8230;]\n","protected":false},"featured_media":101206,"template":"","meta":[],"product_cat":[1322],"product_tag":[],"class_list":{"0":"post-76947","1":"product","2":"type-product","3":"status-publish","4":"has-post-thumbnail","6":"product_brand-elfa_ua","7":"product_cat-veido-kremai","9":"first","10":"instock","11":"taxable","12":"shipping-taxable","13":"product-type-simple"},"_links":{"self":[{"href":"https:\/\/e.kosmolat.eu\/lv\/wp-json\/wp\/v2\/product\/76947","targetHints":{"allow":["GET"]}}],"collection":[{"href":"https:\/\/e.kosmolat.eu\/lv\/wp-json\/wp\/v2\/product"}],"about":[{"href":"https:\/\/e.kosmolat.eu\/lv\/wp-json\/wp\/v2\/types\/product"}],"wp:featuredmedia":[{"embeddable":true,"href":"https:\/\/e.kosmolat.eu\/lv\/wp-json\/wp\/v2\/media\/101206"}],"wp:attachment":[{"href":"https:\/\/e.kosmolat.eu\/lv\/wp-json\/wp\/v2\/media?parent=76947"}],"wp:term":[{"taxonomy":"product_cat","embeddable":true,"href":"https:\/\/e.kosmolat.eu\/lv\/wp-json\/wp\/v2\/product_cat?post=76947"},{"taxonomy":"product_tag","embeddable":true,"href":"https:\/\/e.kosmolat.eu\/lv\/wp-json\/wp\/v2\/product_tag?post=76947"}],"curies":[{"name":"wp","href":"https:\/\/api.w.org\/{rel}","templated":true}]}}