{"id":76939,"date":"2025-07-25T04:00:32","date_gmt":"2025-07-25T04:00:32","guid":{"rendered":"https:\/\/e.kosmolat.eu\/product\/dr-sante-sebocontrol-mat-dienas-krems-cicacinksaha-50-ml\/"},"modified":"2026-05-08T21:08:59","modified_gmt":"2026-05-08T21:08:59","slug":"dr-sante-sebocontrol-mat-dienas-krems-cicacinksaha-50-ml","status":"publish","type":"product","link":"https:\/\/e.kosmolat.eu\/lv\/product\/dr-sante-sebocontrol-mat-dienas-krems-cicacinksaha-50-ml\/","title":{"rendered":"Dr. Sante Sebocontrol Mat. dienas kr\u0113ms Cica+Cinks+AHA, 50 ml"},"content":{"rendered":"<p>Seboregul\u0113jo\u0161s kr\u0113ms ir piem\u0113rots taukainas, kombin\u0113tas un reakt\u012bvas \u0101das kop\u0161anai. Tam ir viegla tekst\u016bra, kas \u0101tri uzs\u016bcas, atst\u0101jot mitrin\u0101\u0161anas saj\u016btu bez taukain\u012bbas vai lip\u012bguma.<br \/>\nSatur \u0100zijas centellas ekstraktu, cinku un AHA sk\u0101bes. Formul\u0113jums nodro\u0161ina vienlaic\u012bgu sebuma sekr\u0113cijas regul\u0113\u0161anu un \u0101das mitrin\u0101\u0161anu, radot mat\u0113jo\u0161u efektu. Lietojot kr\u0113mu r\u012bta sejas kop\u0161anas rut\u012bn\u0101, tiek pan\u0101kts t\u016bl\u012bt\u0113js &#8220;p\u016bdera efekts&#8221; uz \u0101das. Regul\u0101ra Dr.Sante Sebocontrol l\u012bnijas produktu lieto\u0161ana nodro\u0161ina mitruma un sekr\u0113cijas l\u012bdzsvaru.<\/p>\n<p>Lieto\u0161ana: ar viegl\u0101m kust\u012bb\u0101m uzkl\u0101t uz att\u012br\u012btas sejas \u0101das pa mas\u0101\u017eas l\u012bnij\u0101m.<\/p>\n<p>Uzglab\u0101\u0161ana: no +5 \u00b0C l\u012bdz +25 \u00b0C.<\/p>\n<p>Der\u012bguma termi\u0146\u0161: 30 m\u0113ne\u0161i.<\/p>\n","protected":false},"excerpt":{"rendered":"<p>Seboregul\u0113jo\u0161s kr\u0113ms ir piem\u0113rots taukainas, kombin\u0113tas un reakt\u012bvas \u0101das kop\u0161anai. Tam ir viegla tekst\u016bra, kas \u0101tri uzs\u016bcas, atst\u0101jot mitrin\u0101\u0161anas saj\u016btu bez taukain\u012bbas vai lip\u012bguma. Satur \u0100zijas centellas ekstraktu, cinku un AHA sk\u0101bes. Formul\u0113jums nodro\u0161ina vienlaic\u012bgu sebuma sekr\u0113cijas regul\u0113\u0161anu un \u0101das mitrin\u0101\u0161anu, radot mat\u0113jo\u0161u efektu. Lietojot kr\u0113mu r\u012bta sejas kop\u0161anas rut\u012bn\u0101, tiek pan\u0101kts t\u016bl\u012bt\u0113js &#8220;p\u016bdera efekts&#8221; [&#8230;]\n","protected":false},"featured_media":101202,"template":"","meta":[],"product_cat":[1322],"product_tag":[],"class_list":{"0":"post-76939","1":"product","2":"type-product","3":"status-publish","4":"has-post-thumbnail","6":"product_brand-elfa_ua","7":"product_cat-veido-kremai","9":"first","10":"instock","11":"taxable","12":"shipping-taxable","13":"product-type-simple"},"_links":{"self":[{"href":"https:\/\/e.kosmolat.eu\/lv\/wp-json\/wp\/v2\/product\/76939","targetHints":{"allow":["GET"]}}],"collection":[{"href":"https:\/\/e.kosmolat.eu\/lv\/wp-json\/wp\/v2\/product"}],"about":[{"href":"https:\/\/e.kosmolat.eu\/lv\/wp-json\/wp\/v2\/types\/product"}],"wp:featuredmedia":[{"embeddable":true,"href":"https:\/\/e.kosmolat.eu\/lv\/wp-json\/wp\/v2\/media\/101202"}],"wp:attachment":[{"href":"https:\/\/e.kosmolat.eu\/lv\/wp-json\/wp\/v2\/media?parent=76939"}],"wp:term":[{"taxonomy":"product_cat","embeddable":true,"href":"https:\/\/e.kosmolat.eu\/lv\/wp-json\/wp\/v2\/product_cat?post=76939"},{"taxonomy":"product_tag","embeddable":true,"href":"https:\/\/e.kosmolat.eu\/lv\/wp-json\/wp\/v2\/product_tag?post=76939"}],"curies":[{"name":"wp","href":"https:\/\/api.w.org\/{rel}","templated":true}]}}