{"id":76918,"date":"2025-07-24T04:07:07","date_gmt":"2025-07-24T04:07:07","guid":{"rendered":"https:\/\/e.kosmolat.eu\/product\/helia-d-bc-pretgrumbu-dienas-kr-ar-tokajas-vina-ekstr-un-bakuc-50-ml\/"},"modified":"2026-05-09T01:59:12","modified_gmt":"2026-05-09T01:59:12","slug":"helia-d-bc-pretgrumbu-dienas-kr-ar-tokajas-vina-ekstr-un-bakuc-50-ml","status":"publish","type":"product","link":"https:\/\/e.kosmolat.eu\/lv\/product\/helia-d-bc-pretgrumbu-dienas-kr-ar-tokajas-vina-ekstr-un-bakuc-50-ml\/","title":{"rendered":"HELIA-D BC Pretgrumbu dienas kr. ar Tokajas v\u012bna ekstr. un baku\u010d., 50 ml."},"content":{"rendered":"<p>Piem\u0113rots visiem \u0101das tipiem. Veg\u0101niska formula ar unik\u0101lu kombin\u0101ciju no r\u016bp\u012bgi atlas\u012bt\u0101m dab\u012bg\u0101m sast\u0101vda\u013c\u0101m. Baku\u010diols pal\u012bdz uzlabot \u0101das elast\u012bbu un gludumu, k\u0101 ar\u012b pal\u012bdz samazin\u0101t grumbas. Sast\u0101v\u0101 \u2014 Tokajas v\u012bna ekstrakts, hialuronsk\u0101be, bio v\u012bnogu kauli\u0146u e\u013c\u013ca, \u0100zijas cent\u012blija, \u017een\u0161e\u0146a saknes ekstrakts, \u0161\u012b sviests, pantenols un E vitam\u012bns, kas pal\u012bdz \u0101dai saglab\u0101t optim\u0101lu mitruma l\u012bmeni. <\/p>\n<p>LIETO\u0160ANA: Uzkl\u0101t katru dienu p\u0113c \u0101das att\u012br\u012b\u0161anas. Izvair\u012bties no saskares ar ac\u012bm. Uzglab\u0101t temperat\u016br\u0101 no +5\u202f\u00b0C l\u012bdz +25\u202f\u00b0C.<\/p>\n","protected":false},"excerpt":{"rendered":"<p>Piem\u0113rots visiem \u0101das tipiem. Veg\u0101niska formula ar unik\u0101lu kombin\u0101ciju no r\u016bp\u012bgi atlas\u012bt\u0101m dab\u012bg\u0101m sast\u0101vda\u013c\u0101m. Baku\u010diols pal\u012bdz uzlabot \u0101das elast\u012bbu un gludumu, k\u0101 ar\u012b pal\u012bdz samazin\u0101t grumbas. Sast\u0101v\u0101 \u2014 Tokajas v\u012bna ekstrakts, hialuronsk\u0101be, bio v\u012bnogu kauli\u0146u e\u013c\u013ca, \u0100zijas cent\u012blija, \u017een\u0161e\u0146a saknes ekstrakts, \u0161\u012b sviests, pantenols un E vitam\u012bns, kas pal\u012bdz \u0101dai saglab\u0101t optim\u0101lu mitruma l\u012bmeni. LIETO\u0160ANA: [&#8230;]\n","protected":false},"featured_media":96006,"template":"","meta":[],"product_cat":[1589],"product_tag":[],"class_list":{"0":"post-76918","1":"product","2":"type-product","3":"status-publish","4":"has-post-thumbnail","6":"product_brand-heliad_hu","7":"product_cat-1589","9":"first","10":"instock","11":"taxable","12":"shipping-taxable","13":"product-type-simple"},"_links":{"self":[{"href":"https:\/\/e.kosmolat.eu\/lv\/wp-json\/wp\/v2\/product\/76918","targetHints":{"allow":["GET"]}}],"collection":[{"href":"https:\/\/e.kosmolat.eu\/lv\/wp-json\/wp\/v2\/product"}],"about":[{"href":"https:\/\/e.kosmolat.eu\/lv\/wp-json\/wp\/v2\/types\/product"}],"wp:featuredmedia":[{"embeddable":true,"href":"https:\/\/e.kosmolat.eu\/lv\/wp-json\/wp\/v2\/media\/96006"}],"wp:attachment":[{"href":"https:\/\/e.kosmolat.eu\/lv\/wp-json\/wp\/v2\/media?parent=76918"}],"wp:term":[{"taxonomy":"product_cat","embeddable":true,"href":"https:\/\/e.kosmolat.eu\/lv\/wp-json\/wp\/v2\/product_cat?post=76918"},{"taxonomy":"product_tag","embeddable":true,"href":"https:\/\/e.kosmolat.eu\/lv\/wp-json\/wp\/v2\/product_tag?post=76918"}],"curies":[{"name":"wp","href":"https:\/\/api.w.org\/{rel}","templated":true}]}}