{"id":76910,"date":"2025-07-24T04:06:48","date_gmt":"2025-07-24T04:06:48","guid":{"rendered":"https:\/\/e.kosmolat.eu\/product\/helia-d-b%d1%81-pretgrumb-kr-adai-ap-ac-ar-tokajas-vina-ekstr-un-bakuc-15-ml\/"},"modified":"2026-05-09T01:59:40","modified_gmt":"2026-05-09T01:59:40","slug":"helia-d-b%d1%81-pretgrumb-kr-adai-ap-ac-ar-tokajas-vina-ekstr-un-bakuc-15-ml","status":"publish","type":"product","link":"https:\/\/e.kosmolat.eu\/lv\/product\/helia-d-b%d1%81-pretgrumb-kr-adai-ap-ac-ar-tokajas-vina-ekstr-un-bakuc-15-ml\/","title":{"rendered":"HELIA-D B\u0421 Pretgrumb. kr. \u0101dai ap ac. ar Tokajas v\u012bna ekstr. un baku\u010d., 15 ml"},"content":{"rendered":"<p>Piem\u0113rots visiem \u0101das tipiem. Veg\u0101niska formula ar r\u016bp\u012bgi atlas\u012bt\u0101m dab\u012bg\u0101m sast\u0101vda\u013c\u0101m. Baku\u010diols pal\u012bdz uzlabot \u0101das elast\u012bbu un gludumu, k\u0101 ar\u012b samazin\u0101t grumbas. Sast\u0101v\u0101: Tokajas v\u012bna ekstrakts, hialuronsk\u0101be, v\u012bnogu kauli\u0146u e\u013c\u013ca, \u0100zijas cent\u012blijas, \u017een\u0161e\u0146a saknes ekstrakts, naktssveces e\u013c\u013ca, \u0161\u012b sviests, pantenols un E vitam\u012bns \u2013 \u0161\u012bs sast\u0101vda\u013cas pal\u012bdz uztur\u0113t optim\u0101lu \u0101das mitruma l\u012bmeni. <\/p>\n<p>LIETO\u0160ANA: Uzkl\u0101t uz att\u012br\u012btas \u0101das ap ac\u012bm, maigi iemas\u0113jot. Izvair\u012bties no saskares ar ac\u012bm. Uzglab\u0101t temperat\u016br\u0101 no +5\u202f\u00b0C l\u012bdz +25\u202f\u00b0C.<\/p>\n","protected":false},"excerpt":{"rendered":"<p>Piem\u0113rots visiem \u0101das tipiem. Veg\u0101niska formula ar r\u016bp\u012bgi atlas\u012bt\u0101m dab\u012bg\u0101m sast\u0101vda\u013c\u0101m. Baku\u010diols pal\u012bdz uzlabot \u0101das elast\u012bbu un gludumu, k\u0101 ar\u012b samazin\u0101t grumbas. Sast\u0101v\u0101: Tokajas v\u012bna ekstrakts, hialuronsk\u0101be, v\u012bnogu kauli\u0146u e\u013c\u013ca, \u0100zijas cent\u012blijas, \u017een\u0161e\u0146a saknes ekstrakts, naktssveces e\u013c\u013ca, \u0161\u012b sviests, pantenols un E vitam\u012bns \u2013 \u0161\u012bs sast\u0101vda\u013cas pal\u012bdz uztur\u0113t optim\u0101lu \u0101das mitruma l\u012bmeni. LIETO\u0160ANA: Uzkl\u0101t uz [&#8230;]\n","protected":false},"featured_media":96002,"template":"","meta":[],"product_cat":[1589],"product_tag":[],"class_list":{"0":"post-76910","1":"product","2":"type-product","3":"status-publish","4":"has-post-thumbnail","6":"product_brand-heliad_hu","7":"product_cat-1589","9":"first","10":"instock","11":"taxable","12":"shipping-taxable","13":"product-type-simple"},"_links":{"self":[{"href":"https:\/\/e.kosmolat.eu\/lv\/wp-json\/wp\/v2\/product\/76910","targetHints":{"allow":["GET"]}}],"collection":[{"href":"https:\/\/e.kosmolat.eu\/lv\/wp-json\/wp\/v2\/product"}],"about":[{"href":"https:\/\/e.kosmolat.eu\/lv\/wp-json\/wp\/v2\/types\/product"}],"wp:featuredmedia":[{"embeddable":true,"href":"https:\/\/e.kosmolat.eu\/lv\/wp-json\/wp\/v2\/media\/96002"}],"wp:attachment":[{"href":"https:\/\/e.kosmolat.eu\/lv\/wp-json\/wp\/v2\/media?parent=76910"}],"wp:term":[{"taxonomy":"product_cat","embeddable":true,"href":"https:\/\/e.kosmolat.eu\/lv\/wp-json\/wp\/v2\/product_cat?post=76910"},{"taxonomy":"product_tag","embeddable":true,"href":"https:\/\/e.kosmolat.eu\/lv\/wp-json\/wp\/v2\/product_tag?post=76910"}],"curies":[{"name":"wp","href":"https:\/\/api.w.org\/{rel}","templated":true}]}}