{"id":76894,"date":"2025-07-24T04:06:14","date_gmt":"2025-07-24T04:06:14","guid":{"rendered":"https:\/\/e.kosmolat.eu\/product\/helia-d-classic-pretgrumbu-dienas-krems-50-ml\/"},"modified":"2026-05-09T01:58:32","modified_gmt":"2026-05-09T01:58:32","slug":"helia-d-classic-pretgrumbu-dienas-krems-50-ml","status":"publish","type":"product","link":"https:\/\/e.kosmolat.eu\/lv\/product\/helia-d-classic-pretgrumbu-dienas-krems-50-ml\/","title":{"rendered":"HELIA-D Classic Pretgrumbu dienas kr\u0113ms, 50 ml"},"content":{"rendered":"<p>Pretgrumbu dienas kr\u0113ms ar bag\u0101t\u012bgu tekst\u016bru un UVA\/UVB aizsardz\u012bbu, piem\u0113rots visiem \u0101das tipiem. R\u016bp\u012bgi atlas\u012btas sast\u0101vda\u013cas, fitokolag\u0113ns, hialuronsk\u0101be, skval\u0101ns, koenz\u012bms Q10, C vitam\u012bns, E vitam\u012bns, greipfr\u016btu ekstrakts, za\u013c\u0101s t\u0113jas lapu ekstrakts, \u0161\u012b sviests un kli\u0146\u0123er\u012b\u0161u ziedu ekstrakts pal\u012bdz mitrin\u0101t \u0101du un samazin\u0101t grumbu redzam\u012bbu. <\/p>\n<p>LIETO\u0160ANA: Uzkl\u0101t katru dienu p\u0113c \u0101das att\u012br\u012b\u0161anas. Izvair\u012bties no saskares ar ac\u012bm. Uzglab\u0101t temperat\u016br\u0101 no +5\u202f\u00b0C l\u012bdz +25\u202f\u00b0C.<\/p>\n","protected":false},"excerpt":{"rendered":"<p>Pretgrumbu dienas kr\u0113ms ar bag\u0101t\u012bgu tekst\u016bru un UVA\/UVB aizsardz\u012bbu, piem\u0113rots visiem \u0101das tipiem. R\u016bp\u012bgi atlas\u012btas sast\u0101vda\u013cas, fitokolag\u0113ns, hialuronsk\u0101be, skval\u0101ns, koenz\u012bms Q10, C vitam\u012bns, E vitam\u012bns, greipfr\u016btu ekstrakts, za\u013c\u0101s t\u0113jas lapu ekstrakts, \u0161\u012b sviests un kli\u0146\u0123er\u012b\u0161u ziedu ekstrakts pal\u012bdz mitrin\u0101t \u0101du un samazin\u0101t grumbu redzam\u012bbu. LIETO\u0160ANA: Uzkl\u0101t katru dienu p\u0113c \u0101das att\u012br\u012b\u0161anas. Izvair\u012bties no saskares ar [&#8230;]\n","protected":false},"featured_media":95994,"template":"","meta":[],"product_cat":[1323],"product_tag":[],"class_list":{"0":"post-76894","1":"product","2":"type-product","3":"status-publish","4":"has-post-thumbnail","6":"product_brand-heliad_hu","7":"product_cat-1323","9":"first","10":"instock","11":"taxable","12":"shipping-taxable","13":"product-type-simple"},"_links":{"self":[{"href":"https:\/\/e.kosmolat.eu\/lv\/wp-json\/wp\/v2\/product\/76894","targetHints":{"allow":["GET"]}}],"collection":[{"href":"https:\/\/e.kosmolat.eu\/lv\/wp-json\/wp\/v2\/product"}],"about":[{"href":"https:\/\/e.kosmolat.eu\/lv\/wp-json\/wp\/v2\/types\/product"}],"wp:featuredmedia":[{"embeddable":true,"href":"https:\/\/e.kosmolat.eu\/lv\/wp-json\/wp\/v2\/media\/95994"}],"wp:attachment":[{"href":"https:\/\/e.kosmolat.eu\/lv\/wp-json\/wp\/v2\/media?parent=76894"}],"wp:term":[{"taxonomy":"product_cat","embeddable":true,"href":"https:\/\/e.kosmolat.eu\/lv\/wp-json\/wp\/v2\/product_cat?post=76894"},{"taxonomy":"product_tag","embeddable":true,"href":"https:\/\/e.kosmolat.eu\/lv\/wp-json\/wp\/v2\/product_tag?post=76894"}],"curies":[{"name":"wp","href":"https:\/\/api.w.org\/{rel}","templated":true}]}}