{"id":76886,"date":"2025-07-24T04:05:56","date_gmt":"2025-07-24T04:05:56","guid":{"rendered":"https:\/\/e.kosmolat.eu\/product\/helia-d-classic-pretgrumbu-serums-adai-ap-acim-15-ml\/"},"modified":"2026-05-09T01:59:00","modified_gmt":"2026-05-09T01:59:00","slug":"helia-d-classic-pretgrumbu-serums-adai-ap-acim-15-ml","status":"publish","type":"product","link":"https:\/\/e.kosmolat.eu\/lv\/product\/helia-d-classic-pretgrumbu-serums-adai-ap-acim-15-ml\/","title":{"rendered":"HELIA-D Classic Pretgrumbu serums \u0101dai ap ac\u012bm, 15 ml"},"content":{"rendered":"<p>Pretgrumbu serums \u0101dai ap ac\u012bm uz augu b\u0101zes, piem\u0113rots visiem \u0101das tipiem. Satur fitokolag\u0113nu, hialuronsk\u0101bi, skval\u0101nu, Baik\u0101la \u0137iverenes saknes ekstraktu, saulespu\u0137u ekstraktu un C vitam\u012bnu \u2013 \u0161\u012bs sast\u0101vda\u013cas pal\u012bdz padar\u012bt \u0101du tvirt\u0101ku un elast\u012bg\u0101ku. Rull\u012b\u0161a aplikators nodro\u0161ina \u0113rtu lieto\u0161anu un atsvaidzino\u0161u saj\u016btu. <\/p>\n<p>LIETO\u0160ANA: Uzkl\u0101t serumu uz att\u012br\u012btas \u0101das zon\u0101s ap ac\u012bm, muti un uz pieres. Uzglab\u0101t temperat\u016br\u0101 no +5\u202f\u00b0C l\u012bdz +25\u202f\u00b0C.<\/p>\n","protected":false},"excerpt":{"rendered":"<p>Pretgrumbu serums \u0101dai ap ac\u012bm uz augu b\u0101zes, piem\u0113rots visiem \u0101das tipiem. Satur fitokolag\u0113nu, hialuronsk\u0101bi, skval\u0101nu, Baik\u0101la \u0137iverenes saknes ekstraktu, saulespu\u0137u ekstraktu un C vitam\u012bnu \u2013 \u0161\u012bs sast\u0101vda\u013cas pal\u012bdz padar\u012bt \u0101du tvirt\u0101ku un elast\u012bg\u0101ku. Rull\u012b\u0161a aplikators nodro\u0161ina \u0113rtu lieto\u0161anu un atsvaidzino\u0161u saj\u016btu. LIETO\u0160ANA: Uzkl\u0101t serumu uz att\u012br\u012btas \u0101das zon\u0101s ap ac\u012bm, muti un uz pieres. [&#8230;]\n","protected":false},"featured_media":95990,"template":"","meta":[],"product_cat":[1325],"product_tag":[],"class_list":{"0":"post-76886","1":"product","2":"type-product","3":"status-publish","4":"has-post-thumbnail","6":"product_brand-heliad_hu","7":"product_cat-serumi","9":"first","10":"outofstock","11":"taxable","12":"shipping-taxable","13":"product-type-simple"},"_links":{"self":[{"href":"https:\/\/e.kosmolat.eu\/lv\/wp-json\/wp\/v2\/product\/76886","targetHints":{"allow":["GET"]}}],"collection":[{"href":"https:\/\/e.kosmolat.eu\/lv\/wp-json\/wp\/v2\/product"}],"about":[{"href":"https:\/\/e.kosmolat.eu\/lv\/wp-json\/wp\/v2\/types\/product"}],"wp:featuredmedia":[{"embeddable":true,"href":"https:\/\/e.kosmolat.eu\/lv\/wp-json\/wp\/v2\/media\/95990"}],"wp:attachment":[{"href":"https:\/\/e.kosmolat.eu\/lv\/wp-json\/wp\/v2\/media?parent=76886"}],"wp:term":[{"taxonomy":"product_cat","embeddable":true,"href":"https:\/\/e.kosmolat.eu\/lv\/wp-json\/wp\/v2\/product_cat?post=76886"},{"taxonomy":"product_tag","embeddable":true,"href":"https:\/\/e.kosmolat.eu\/lv\/wp-json\/wp\/v2\/product_tag?post=76886"}],"curies":[{"name":"wp","href":"https:\/\/api.w.org\/{rel}","templated":true}]}}