{"id":76878,"date":"2025-07-24T04:05:38","date_gmt":"2025-07-24T04:05:38","guid":{"rendered":"https:\/\/e.kosmolat.eu\/product\/helia-d-hydramax-zeleja-sejas-mazgasanai-125-ml\/"},"modified":"2026-05-09T01:57:28","modified_gmt":"2026-05-09T01:57:28","slug":"helia-d-hydramax-zeleja-sejas-mazgasanai-125-ml","status":"publish","type":"product","link":"https:\/\/e.kosmolat.eu\/lv\/product\/helia-d-hydramax-zeleja-sejas-mazgasanai-125-ml\/","title":{"rendered":"HELIA-D HydraMax \u017eeleja sejas mazg\u0101\u0161anai, 125 ml"},"content":{"rendered":"<p>Maigi att\u012bra \u0101du un vienlaikus mitrina to. Nedaudz putojo\u0161a, z\u012bdaina tekst\u016bra. Formula ar mitrino\u0161\u0101m akt\u012bvaj\u0101m viel\u0101m: hialuronsk\u0101bi, C vitam\u012bnu, n\u0101trija PCA un glicer\u012bnu.<\/p>\n<p>LIETO\u0160ANA: No r\u012bta un vakar\u0101 uzkl\u0101jiet uz samitrin\u0101tas \u0101das, iemas\u0113jiet un r\u016bp\u012bgi noskalojiet. Izvairieties no saskares ar ac\u012bm. Uzglab\u0101t temperat\u016br\u0101 no +5\u202f\u00b0C l\u012bdz +25\u202f\u00b0C.<\/p>\n","protected":false},"excerpt":{"rendered":"<p>Maigi att\u012bra \u0101du un vienlaikus mitrina to. Nedaudz putojo\u0161a, z\u012bdaina tekst\u016bra. Formula ar mitrino\u0161\u0101m akt\u012bvaj\u0101m viel\u0101m: hialuronsk\u0101bi, C vitam\u012bnu, n\u0101trija PCA un glicer\u012bnu. LIETO\u0160ANA: No r\u012bta un vakar\u0101 uzkl\u0101jiet uz samitrin\u0101tas \u0101das, iemas\u0113jiet un r\u016bp\u012bgi noskalojiet. Izvairieties no saskares ar ac\u012bm. Uzglab\u0101t temperat\u016br\u0101 no +5\u202f\u00b0C l\u012bdz +25\u202f\u00b0C.<\/p>\n","protected":false},"featured_media":95986,"template":"","meta":[],"product_cat":[1576],"product_tag":[],"class_list":{"0":"post-76878","1":"product","2":"type-product","3":"status-publish","4":"has-post-thumbnail","6":"product_brand-heliad_hu","7":"product_cat-1576","9":"first","10":"instock","11":"taxable","12":"shipping-taxable","13":"product-type-simple"},"_links":{"self":[{"href":"https:\/\/e.kosmolat.eu\/lv\/wp-json\/wp\/v2\/product\/76878","targetHints":{"allow":["GET"]}}],"collection":[{"href":"https:\/\/e.kosmolat.eu\/lv\/wp-json\/wp\/v2\/product"}],"about":[{"href":"https:\/\/e.kosmolat.eu\/lv\/wp-json\/wp\/v2\/types\/product"}],"wp:featuredmedia":[{"embeddable":true,"href":"https:\/\/e.kosmolat.eu\/lv\/wp-json\/wp\/v2\/media\/95986"}],"wp:attachment":[{"href":"https:\/\/e.kosmolat.eu\/lv\/wp-json\/wp\/v2\/media?parent=76878"}],"wp:term":[{"taxonomy":"product_cat","embeddable":true,"href":"https:\/\/e.kosmolat.eu\/lv\/wp-json\/wp\/v2\/product_cat?post=76878"},{"taxonomy":"product_tag","embeddable":true,"href":"https:\/\/e.kosmolat.eu\/lv\/wp-json\/wp\/v2\/product_tag?post=76878"}],"curies":[{"name":"wp","href":"https:\/\/api.w.org\/{rel}","templated":true}]}}