{"id":76870,"date":"2025-07-24T04:05:22","date_gmt":"2025-07-24T04:05:22","guid":{"rendered":"https:\/\/e.kosmolat.eu\/product\/helia-d-hydramax-mitrinosa-sejas-migla-110-ml\/"},"modified":"2026-05-09T01:57:41","modified_gmt":"2026-05-09T01:57:41","slug":"helia-d-hydramax-mitrinosa-sejas-migla-110-ml","status":"publish","type":"product","link":"https:\/\/e.kosmolat.eu\/lv\/product\/helia-d-hydramax-mitrinosa-sejas-migla-110-ml\/","title":{"rendered":"HELIA-D HydraMax Mitrino\u0161a sejas migla, 110 ml"},"content":{"rendered":"<p>Atsvaidzino\u0161s un atv\u0113sino\u0161s l\u012bdzeklis, kas toniz\u0113 un mitrina \u0101du visas dienas garum\u0101. Formula ar zemas molekulmasas hialuronsk\u0101bi un glicer\u012bnu nodro\u0161ina dzi\u013cu mitrin\u0101\u0161anu.<\/p>\n<p>LIETO\u0160ANA: Izsmidzin\u0101t nelielu daudzumu uz sejas p\u0113c vajadz\u012bbas. Var lietot ar\u012b k\u0101 grima fiksatoru. Uzglab\u0101t temperat\u016br\u0101 no +5\u202f\u00b0C l\u012bdz +25\u202f\u00b0C.<\/p>\n","protected":false},"excerpt":{"rendered":"<p>Atsvaidzino\u0161s un atv\u0113sino\u0161s l\u012bdzeklis, kas toniz\u0113 un mitrina \u0101du visas dienas garum\u0101. Formula ar zemas molekulmasas hialuronsk\u0101bi un glicer\u012bnu nodro\u0161ina dzi\u013cu mitrin\u0101\u0161anu. LIETO\u0160ANA: Izsmidzin\u0101t nelielu daudzumu uz sejas p\u0113c vajadz\u012bbas. Var lietot ar\u012b k\u0101 grima fiksatoru. Uzglab\u0101t temperat\u016br\u0101 no +5\u202f\u00b0C l\u012bdz +25\u202f\u00b0C.<\/p>\n","protected":false},"featured_media":95982,"template":"","meta":[],"product_cat":[1598],"product_tag":[],"class_list":{"0":"post-76870","1":"product","2":"type-product","3":"status-publish","4":"has-post-thumbnail","6":"product_brand-heliad_hu","7":"product_cat-1598","9":"first","10":"instock","11":"taxable","12":"shipping-taxable","13":"product-type-simple"},"_links":{"self":[{"href":"https:\/\/e.kosmolat.eu\/lv\/wp-json\/wp\/v2\/product\/76870","targetHints":{"allow":["GET"]}}],"collection":[{"href":"https:\/\/e.kosmolat.eu\/lv\/wp-json\/wp\/v2\/product"}],"about":[{"href":"https:\/\/e.kosmolat.eu\/lv\/wp-json\/wp\/v2\/types\/product"}],"wp:featuredmedia":[{"embeddable":true,"href":"https:\/\/e.kosmolat.eu\/lv\/wp-json\/wp\/v2\/media\/95982"}],"wp:attachment":[{"href":"https:\/\/e.kosmolat.eu\/lv\/wp-json\/wp\/v2\/media?parent=76870"}],"wp:term":[{"taxonomy":"product_cat","embeddable":true,"href":"https:\/\/e.kosmolat.eu\/lv\/wp-json\/wp\/v2\/product_cat?post=76870"},{"taxonomy":"product_tag","embeddable":true,"href":"https:\/\/e.kosmolat.eu\/lv\/wp-json\/wp\/v2\/product_tag?post=76870"}],"curies":[{"name":"wp","href":"https:\/\/api.w.org\/{rel}","templated":true}]}}