{"id":76862,"date":"2025-07-24T04:05:05","date_gmt":"2025-07-24T04:05:05","guid":{"rendered":"https:\/\/e.kosmolat.eu\/product\/helia-d-hydramax-mitrinoss-nakts-krems-zeleja-50-ml\/"},"modified":"2026-05-09T01:56:38","modified_gmt":"2026-05-09T01:56:38","slug":"helia-d-hydramax-mitrinoss-nakts-krems-zeleja-50-ml","status":"publish","type":"product","link":"https:\/\/e.kosmolat.eu\/lv\/product\/helia-d-hydramax-mitrinoss-nakts-krems-zeleja-50-ml\/","title":{"rendered":"HELIA-D HydraMax Mitrino\u0161s nakts kr\u0113ms-\u017eeleja, 50 ml"},"content":{"rendered":"<p>\u0100tri uzs\u016bco\u0161s nakts kr\u0113ms-\u017eeleja, piem\u0113rots visiem \u0101das tipiem. Satur tr\u012bs veidu hialuronsk\u0101bi, pept\u012bdus un barojo\u0161as sast\u0101vda\u013cas (apriko\u017eu un v\u012bnogu kauli\u0146u e\u013c\u013cu, vitam\u012bnus E un F, pantenolu, Hydromanil ), kas pal\u012bdz atjaunot un mitrin\u0101t \u0101du miega laik\u0101.<\/p>\n<p>\u2714 Mitrin\u0101\u0161ana l\u012bdz 24 st.<br \/>\n\u2714 Dermatolo\u0123iski p\u0101rbaud\u012bts<br \/>\n\u2714 Veg\u0101niskaa formula<\/p>\n<p>LIETO\u0160ANA: Lietot katru vakaru p\u0113c \u0101das att\u012br\u012b\u0161anas, uzkl\u0101jot uz sejas un kakla \u0101das. Izvair\u012bties no saskares ar ac\u012bm.<\/p>\n<p>Rezult\u0101ts: \u0100da k\u013c\u016bs elast\u012bg\u0101ka, mitrin\u0101ta un mirdzo\u0161a. Uzglab\u0101t temperat\u016br\u0101 no +5\u202f\u00b0C l\u012bdz +25\u202f\u00b0C.<\/p>\n","protected":false},"excerpt":{"rendered":"<p>\u0100tri uzs\u016bco\u0161s nakts kr\u0113ms-\u017eeleja, piem\u0113rots visiem \u0101das tipiem. Satur tr\u012bs veidu hialuronsk\u0101bi, pept\u012bdus un barojo\u0161as sast\u0101vda\u013cas (apriko\u017eu un v\u012bnogu kauli\u0146u e\u013c\u013cu, vitam\u012bnus E un F, pantenolu, Hydromanil ), kas pal\u012bdz atjaunot un mitrin\u0101t \u0101du miega laik\u0101. \u2714 Mitrin\u0101\u0161ana l\u012bdz 24 st. \u2714 Dermatolo\u0123iski p\u0101rbaud\u012bts \u2714 Veg\u0101niskaa formula LIETO\u0160ANA: Lietot katru vakaru p\u0113c \u0101das att\u012br\u012b\u0161anas, uzkl\u0101jot [&#8230;]\n","protected":false},"featured_media":95978,"template":"","meta":[],"product_cat":[1323],"product_tag":[],"class_list":{"0":"post-76862","1":"product","2":"type-product","3":"status-publish","4":"has-post-thumbnail","6":"product_brand-heliad_hu","7":"product_cat-1323","9":"first","10":"instock","11":"taxable","12":"shipping-taxable","13":"product-type-simple"},"_links":{"self":[{"href":"https:\/\/e.kosmolat.eu\/lv\/wp-json\/wp\/v2\/product\/76862","targetHints":{"allow":["GET"]}}],"collection":[{"href":"https:\/\/e.kosmolat.eu\/lv\/wp-json\/wp\/v2\/product"}],"about":[{"href":"https:\/\/e.kosmolat.eu\/lv\/wp-json\/wp\/v2\/types\/product"}],"wp:featuredmedia":[{"embeddable":true,"href":"https:\/\/e.kosmolat.eu\/lv\/wp-json\/wp\/v2\/media\/95978"}],"wp:attachment":[{"href":"https:\/\/e.kosmolat.eu\/lv\/wp-json\/wp\/v2\/media?parent=76862"}],"wp:term":[{"taxonomy":"product_cat","embeddable":true,"href":"https:\/\/e.kosmolat.eu\/lv\/wp-json\/wp\/v2\/product_cat?post=76862"},{"taxonomy":"product_tag","embeddable":true,"href":"https:\/\/e.kosmolat.eu\/lv\/wp-json\/wp\/v2\/product_tag?post=76862"}],"curies":[{"name":"wp","href":"https:\/\/api.w.org\/{rel}","templated":true}]}}