{"id":76854,"date":"2025-07-24T04:04:44","date_gmt":"2025-07-24T04:04:44","guid":{"rendered":"https:\/\/e.kosmolat.eu\/product\/helia-d-hydramax-dzila-mitrinasana-krems-zeleja-jutigai-adai-50-ml\/"},"modified":"2026-04-23T07:15:14","modified_gmt":"2026-04-23T07:15:14","slug":"helia-d-hydramax-dzila-mitrinasana-krems-zeleja-jutigai-adai-50-ml","status":"publish","type":"product","link":"https:\/\/e.kosmolat.eu\/lv\/product\/helia-d-hydramax-dzila-mitrinasana-krems-zeleja-jutigai-adai-50-ml\/","title":{"rendered":"HELIA-D HydraMax Dzi\u013c\u0101 mitrin\u0101\u0161ana Kr\u0113ms-\u017eeleja jut\u012bgai \u0101dai, 50 ml."},"content":{"rendered":"<p>\u0100tri uzs\u016bco\u0161s kr\u0113ms-\u017eeleja, ieteicams jut\u012bgas \u0101das ikdienas kop\u0161anai. Efekt\u012bva tr\u012bs da\u017e\u0101du veidu hialuronsk\u0101bes kombin\u0101cija nodro\u0161ina izcilu \u0101das mitrin\u0101\u0161anu un gludumu. Pept\u012bdi pal\u012bdz samazin\u0101t grumbu veido\u0161anos, savuk\u0101rt p\u0101r\u0113j\u0101s v\u0113rt\u012bgas sast\u0101vda\u013cas (upe\u0146u s\u0113klu e\u013c\u013ca, skval\u0101ns, bisabolols, alanto\u012bns) pal\u012bdz \u0101dai palikt mirdzo\u0161ai un mitrin\u0101tai. Nesatur smar\u017evielas.<\/p>\n<p>\u2713 24 stundu mitrin\u0101\u0161ana<br \/>\n\u2713 Dermatolo\u0123iski p\u0101rbaud\u012bts<br \/>\n\u2713 Veg\u0101niska formula<\/p>\n<p>Lieto\u0161ana: Lietot katru dienu p\u0113c \u0101das att\u012br\u012b\u0161anas, vienm\u0113r\u012bgi iemas\u0113jot sejas un kakla \u0101d\u0101. Izvair\u012bties no saskares ar ac\u012bm.<\/p>\n<p>Rezult\u0101ts: Regul\u0101ri lietojot, \u0101da k\u013c\u016bst pat\u012bkami maiga, svaiga, mitrin\u0101ta un mirdzo\u0161a. Uzglab\u0101t temperat\u016br\u0101 no +5\u202f\u00b0C l\u012bdz +25\u202f\u00b0C.<\/p>\n","protected":false},"excerpt":{"rendered":"<p>\u0100tri uzs\u016bco\u0161s kr\u0113ms-\u017eeleja, ieteicams jut\u012bgas \u0101das ikdienas kop\u0161anai. Efekt\u012bva tr\u012bs da\u017e\u0101du veidu hialuronsk\u0101bes kombin\u0101cija nodro\u0161ina izcilu \u0101das mitrin\u0101\u0161anu un gludumu. Pept\u012bdi pal\u012bdz samazin\u0101t grumbu veido\u0161anos, savuk\u0101rt p\u0101r\u0113j\u0101s v\u0113rt\u012bgas sast\u0101vda\u013cas (upe\u0146u s\u0113klu e\u013c\u013ca, skval\u0101ns, bisabolols, alanto\u012bns) pal\u012bdz \u0101dai palikt mirdzo\u0161ai un mitrin\u0101tai. Nesatur smar\u017evielas. \u2713 24 stundu mitrin\u0101\u0161ana \u2713 Dermatolo\u0123iski p\u0101rbaud\u012bts \u2713 Veg\u0101niska formula Lieto\u0161ana: Lietot [&#8230;]\n","protected":false},"featured_media":95974,"template":"","meta":[],"product_cat":[1323],"product_tag":[],"class_list":{"0":"post-76854","1":"product","2":"type-product","3":"status-publish","4":"has-post-thumbnail","6":"product_brand-heliad_hu","7":"product_cat-1323","9":"first","10":"instock","11":"taxable","12":"shipping-taxable","13":"product-type-simple"},"_links":{"self":[{"href":"https:\/\/e.kosmolat.eu\/lv\/wp-json\/wp\/v2\/product\/76854","targetHints":{"allow":["GET"]}}],"collection":[{"href":"https:\/\/e.kosmolat.eu\/lv\/wp-json\/wp\/v2\/product"}],"about":[{"href":"https:\/\/e.kosmolat.eu\/lv\/wp-json\/wp\/v2\/types\/product"}],"wp:featuredmedia":[{"embeddable":true,"href":"https:\/\/e.kosmolat.eu\/lv\/wp-json\/wp\/v2\/media\/95974"}],"wp:attachment":[{"href":"https:\/\/e.kosmolat.eu\/lv\/wp-json\/wp\/v2\/media?parent=76854"}],"wp:term":[{"taxonomy":"product_cat","embeddable":true,"href":"https:\/\/e.kosmolat.eu\/lv\/wp-json\/wp\/v2\/product_cat?post=76854"},{"taxonomy":"product_tag","embeddable":true,"href":"https:\/\/e.kosmolat.eu\/lv\/wp-json\/wp\/v2\/product_tag?post=76854"}],"curies":[{"name":"wp","href":"https:\/\/api.w.org\/{rel}","templated":true}]}}