{"id":76846,"date":"2025-07-24T04:04:26","date_gmt":"2025-07-24T04:04:26","guid":{"rendered":"https:\/\/e.kosmolat.eu\/product\/helia-d-hydramax-dzila-mitrinasana-krems-zeleja-sausai-adai-50-ml\/"},"modified":"2026-04-17T12:27:53","modified_gmt":"2026-04-17T12:27:53","slug":"helia-d-hydramax-dzila-mitrinasana-krems-zeleja-sausai-adai-50-ml","status":"publish","type":"product","link":"https:\/\/e.kosmolat.eu\/lv\/product\/helia-d-hydramax-dzila-mitrinasana-krems-zeleja-sausai-adai-50-ml\/","title":{"rendered":"HELIA-D HydraMax Dzi\u013ca mitrin\u0101\u0161ana Kr\u0113ms-\u017eeleja sausai \u0101dai, 50 ml"},"content":{"rendered":"<p>Kr\u0113ms-\u017eeleja \u0101tri ies\u016bcas, ieteicams sausas \u0101das ikdienas kop\u0161anai. Tr\u012bs veidu hialuronsk\u0101bes kombin\u0101cija nodro\u0161ina izcilu mitrin\u0101\u0161anu un maigumu. Pept\u012bdi pal\u012bdz samazin\u0101t grumbu veido\u0161anos, bet p\u0101r\u0113j\u0101s akt\u012bv\u0101s sast\u0101vda\u013cas (hohobas e\u013c\u013ca, ur\u012bnviela, pantenols, hydromanil) pal\u012bdz saglab\u0101t \u0101du mitrin\u0101tu un mirdzo\u0161u.<\/p>\n<p>\u2714 Mitrin\u0101\u0161ana l\u012bdz 24 st.<br \/>\n\u2714 Dermatolo\u0123iski p\u0101rbaud\u012bts<br \/>\n\u2714 Veg\u0101niska formula<\/p>\n<p>Lieto\u0161ana: Lietot katru dienu p\u0113c \u0101das att\u012br\u012b\u0161anas, vienm\u0113r\u012bgi iemas\u0113jot sejas un kakla \u0101d\u0101. Izvair\u012bties no saskares ar ac\u012bm. <\/p>\n<p>Rezult\u0101ts: \u0100da k\u013c\u016bs svaig\u0101ka, mitrin\u0101ta un mirdzo\u0161a. Uzglab\u0101t temperat\u016br\u0101 no +5\u202f\u00b0C l\u012bdz +25\u202f\u00b0C.<\/p>\n","protected":false},"excerpt":{"rendered":"<p>Kr\u0113ms-\u017eeleja \u0101tri ies\u016bcas, ieteicams sausas \u0101das ikdienas kop\u0161anai. Tr\u012bs veidu hialuronsk\u0101bes kombin\u0101cija nodro\u0161ina izcilu mitrin\u0101\u0161anu un maigumu. Pept\u012bdi pal\u012bdz samazin\u0101t grumbu veido\u0161anos, bet p\u0101r\u0113j\u0101s akt\u012bv\u0101s sast\u0101vda\u013cas (hohobas e\u013c\u013ca, ur\u012bnviela, pantenols, hydromanil) pal\u012bdz saglab\u0101t \u0101du mitrin\u0101tu un mirdzo\u0161u. \u2714 Mitrin\u0101\u0161ana l\u012bdz 24 st. \u2714 Dermatolo\u0123iski p\u0101rbaud\u012bts \u2714 Veg\u0101niska formula Lieto\u0161ana: Lietot katru dienu p\u0113c \u0101das att\u012br\u012b\u0161anas, [&#8230;]\n","protected":false},"featured_media":95970,"template":"","meta":[],"product_cat":[1323],"product_tag":[],"class_list":{"0":"post-76846","1":"product","2":"type-product","3":"status-publish","4":"has-post-thumbnail","6":"product_brand-heliad_hu","7":"product_cat-1323","9":"first","10":"instock","11":"taxable","12":"shipping-taxable","13":"product-type-simple"},"_links":{"self":[{"href":"https:\/\/e.kosmolat.eu\/lv\/wp-json\/wp\/v2\/product\/76846","targetHints":{"allow":["GET"]}}],"collection":[{"href":"https:\/\/e.kosmolat.eu\/lv\/wp-json\/wp\/v2\/product"}],"about":[{"href":"https:\/\/e.kosmolat.eu\/lv\/wp-json\/wp\/v2\/types\/product"}],"wp:featuredmedia":[{"embeddable":true,"href":"https:\/\/e.kosmolat.eu\/lv\/wp-json\/wp\/v2\/media\/95970"}],"wp:attachment":[{"href":"https:\/\/e.kosmolat.eu\/lv\/wp-json\/wp\/v2\/media?parent=76846"}],"wp:term":[{"taxonomy":"product_cat","embeddable":true,"href":"https:\/\/e.kosmolat.eu\/lv\/wp-json\/wp\/v2\/product_cat?post=76846"},{"taxonomy":"product_tag","embeddable":true,"href":"https:\/\/e.kosmolat.eu\/lv\/wp-json\/wp\/v2\/product_tag?post=76846"}],"curies":[{"name":"wp","href":"https:\/\/api.w.org\/{rel}","templated":true}]}}