{"id":76838,"date":"2025-07-24T04:04:09","date_gmt":"2025-07-24T04:04:09","guid":{"rendered":"https:\/\/e.kosmolat.eu\/product\/helia-d-hydra-concept-viegls-mitrinoss-sejas-krems-50-ml\/"},"modified":"2026-04-17T12:27:38","modified_gmt":"2026-04-17T12:27:38","slug":"helia-d-hydra-concept-viegls-mitrinoss-sejas-krems-50-ml","status":"publish","type":"product","link":"https:\/\/e.kosmolat.eu\/lv\/product\/helia-d-hydra-concept-viegls-mitrinoss-sejas-krems-50-ml\/","title":{"rendered":"HELIA-D Hydra Concept Viegls mitrino\u0161s sejas kr\u0113ms, 50 ml"},"content":{"rendered":"<p>Viegls mitrino\u0161s kr\u0113ms ar maigu, kr\u0113m\u012bgu \u017eelejveida tekst\u016bru nodro\u0161ina \u0101tru un efekt\u012bvu mitrin\u0101\u0161anu. Tas \u0101tri ies\u016bcas, neatst\u0101jot taukainu saj\u016btu. Officina Hydra komplekss (hialuronsk\u0101be, alanto\u012bns, glicer\u012bns un ur\u012bnviela) izce\u013cas ar sp\u0113ju piesaist\u012bt un saglab\u0101t mitrumu, nodro\u0161inot efekt\u012bvu un ilgsto\u0161u \u0101das mitrin\u0101\u0161anu. Sast\u0101v\u0101 eso\u0161\u0101s augu e\u013c\u013cas (v\u012bnogu kauli\u0146u un kukur\u016bzas e\u013c\u013ca) pastiprina mitrino\u0161o efektu, sniedzot barotas un tvirtas \u0101das saj\u016btu. <\/p>\n<p>LIETO\u0160ANA: Maigi iemas\u0113t sejas un kakla \u0101d\u0101 katru dienu p\u0113c att\u012br\u012b\u0161anas. Ja nok\u013c\u016bst ac\u012bs, r\u016bp\u012bgi izskalot ar lielu daudzumu \u016bdens. Uzglab\u0101t temperat\u016br\u0101 no +5\u202f\u00b0C l\u012bdz +25\u202f\u00b0C.<\/p>\n","protected":false},"excerpt":{"rendered":"<p>Viegls mitrino\u0161s kr\u0113ms ar maigu, kr\u0113m\u012bgu \u017eelejveida tekst\u016bru nodro\u0161ina \u0101tru un efekt\u012bvu mitrin\u0101\u0161anu. Tas \u0101tri ies\u016bcas, neatst\u0101jot taukainu saj\u016btu. Officina Hydra komplekss (hialuronsk\u0101be, alanto\u012bns, glicer\u012bns un ur\u012bnviela) izce\u013cas ar sp\u0113ju piesaist\u012bt un saglab\u0101t mitrumu, nodro\u0161inot efekt\u012bvu un ilgsto\u0161u \u0101das mitrin\u0101\u0161anu. Sast\u0101v\u0101 eso\u0161\u0101s augu e\u013c\u013cas (v\u012bnogu kauli\u0146u un kukur\u016bzas e\u013c\u013ca) pastiprina mitrino\u0161o efektu, sniedzot barotas un [&#8230;]\n","protected":false},"featured_media":95966,"template":"","meta":[],"product_cat":[1323],"product_tag":[],"class_list":{"0":"post-76838","1":"product","2":"type-product","3":"status-publish","4":"has-post-thumbnail","6":"product_brand-heliad_hu","7":"product_cat-1323","9":"first","10":"instock","11":"taxable","12":"shipping-taxable","13":"product-type-simple"},"_links":{"self":[{"href":"https:\/\/e.kosmolat.eu\/lv\/wp-json\/wp\/v2\/product\/76838","targetHints":{"allow":["GET"]}}],"collection":[{"href":"https:\/\/e.kosmolat.eu\/lv\/wp-json\/wp\/v2\/product"}],"about":[{"href":"https:\/\/e.kosmolat.eu\/lv\/wp-json\/wp\/v2\/types\/product"}],"wp:featuredmedia":[{"embeddable":true,"href":"https:\/\/e.kosmolat.eu\/lv\/wp-json\/wp\/v2\/media\/95966"}],"wp:attachment":[{"href":"https:\/\/e.kosmolat.eu\/lv\/wp-json\/wp\/v2\/media?parent=76838"}],"wp:term":[{"taxonomy":"product_cat","embeddable":true,"href":"https:\/\/e.kosmolat.eu\/lv\/wp-json\/wp\/v2\/product_cat?post=76838"},{"taxonomy":"product_tag","embeddable":true,"href":"https:\/\/e.kosmolat.eu\/lv\/wp-json\/wp\/v2\/product_tag?post=76838"}],"curies":[{"name":"wp","href":"https:\/\/api.w.org\/{rel}","templated":true}]}}