{"id":76830,"date":"2025-07-24T04:03:52","date_gmt":"2025-07-24T04:03:52","guid":{"rendered":"https:\/\/e.kosmolat.eu\/product\/helia-d-pro-active-kolagena-serums-adai-ap-acim-15-ml\/"},"modified":"2026-04-22T06:01:49","modified_gmt":"2026-04-22T06:01:49","slug":"helia-d-pro-active-kolagena-serums-adai-ap-acim-15-ml","status":"publish","type":"product","link":"https:\/\/e.kosmolat.eu\/lv\/product\/helia-d-pro-active-kolagena-serums-adai-ap-acim-15-ml\/","title":{"rendered":"HELIA-D Pro Active Kolag\u0113na serums \u0101dai ap ac\u012bm, 15 ml"},"content":{"rendered":"<p>Serums \u0101dai ap ac\u012bm \u0101tri ies\u016bcas \u0101d\u0101, ieteicams ikdienas lieto\u0161anai, piem\u0113rots visiem \u0101das tipiem. Satur dab\u012bgu, j\u016bras izcelsmes \u0161\u0137\u012bsto\u0161u kolag\u0113nu ar augstu molekulmasu un izcilu sp\u0113ju piesaist\u012bt mitrumu. Padara \u0101du elast\u012bg\u0101ku, glud\u0101ku un pie\u0161\u0137ir \u0101dai vienm\u0113r\u012bg\u0101ku toni. Formula ir bag\u0101tin\u0101ta ar glicer\u012bnu, lai veicin\u0101tu \u0101das mitrin\u0101\u0161anu. Dermatolo\u0123iski p\u0101rbaud\u012bts. Veg\u0101niska formula. Rull\u012b\u0161a aplikators atsvaidzina un stimul\u0113 acu zonu. Dermatolo\u0123iski p\u0101rbaud\u012bts. <\/p>\n<p>LIETO\u0160ANA: Uzkl\u0101t serumu uz att\u012br\u012btas \u0101das zon\u0101s ap ac\u012bm, muti un uz pieres. Uzglab\u0101t temperat\u016br\u0101 no +5\u202f\u00b0C l\u012bdz +25\u202f\u00b0C.<\/p>\n","protected":false},"excerpt":{"rendered":"<p>Serums \u0101dai ap ac\u012bm \u0101tri ies\u016bcas \u0101d\u0101, ieteicams ikdienas lieto\u0161anai, piem\u0113rots visiem \u0101das tipiem. Satur dab\u012bgu, j\u016bras izcelsmes \u0161\u0137\u012bsto\u0161u kolag\u0113nu ar augstu molekulmasu un izcilu sp\u0113ju piesaist\u012bt mitrumu. Padara \u0101du elast\u012bg\u0101ku, glud\u0101ku un pie\u0161\u0137ir \u0101dai vienm\u0113r\u012bg\u0101ku toni. Formula ir bag\u0101tin\u0101ta ar glicer\u012bnu, lai veicin\u0101tu \u0101das mitrin\u0101\u0161anu. Dermatolo\u0123iski p\u0101rbaud\u012bts. Veg\u0101niska formula. Rull\u012b\u0161a aplikators atsvaidzina un stimul\u0113 [&#8230;]\n","protected":false},"featured_media":95962,"template":"","meta":[],"product_cat":[1589],"product_tag":[],"class_list":{"0":"post-76830","1":"product","2":"type-product","3":"status-publish","4":"has-post-thumbnail","6":"product_brand-heliad_hu","7":"product_cat-1589","9":"first","10":"instock","11":"taxable","12":"shipping-taxable","13":"product-type-simple"},"_links":{"self":[{"href":"https:\/\/e.kosmolat.eu\/lv\/wp-json\/wp\/v2\/product\/76830","targetHints":{"allow":["GET"]}}],"collection":[{"href":"https:\/\/e.kosmolat.eu\/lv\/wp-json\/wp\/v2\/product"}],"about":[{"href":"https:\/\/e.kosmolat.eu\/lv\/wp-json\/wp\/v2\/types\/product"}],"wp:featuredmedia":[{"embeddable":true,"href":"https:\/\/e.kosmolat.eu\/lv\/wp-json\/wp\/v2\/media\/95962"}],"wp:attachment":[{"href":"https:\/\/e.kosmolat.eu\/lv\/wp-json\/wp\/v2\/media?parent=76830"}],"wp:term":[{"taxonomy":"product_cat","embeddable":true,"href":"https:\/\/e.kosmolat.eu\/lv\/wp-json\/wp\/v2\/product_cat?post=76830"},{"taxonomy":"product_tag","embeddable":true,"href":"https:\/\/e.kosmolat.eu\/lv\/wp-json\/wp\/v2\/product_tag?post=76830"}],"curies":[{"name":"wp","href":"https:\/\/api.w.org\/{rel}","templated":true}]}}