{"id":76822,"date":"2025-07-24T04:03:36","date_gmt":"2025-07-24T04:03:36","guid":{"rendered":"https:\/\/e.kosmolat.eu\/product\/helia-d-pro-active-kolagena-sota-serums-50-ml\/"},"modified":"2026-04-17T12:27:09","modified_gmt":"2026-04-17T12:27:09","slug":"helia-d-pro-active-kolagena-sota-serums-50-ml","status":"publish","type":"product","link":"https:\/\/e.kosmolat.eu\/lv\/product\/helia-d-pro-active-kolagena-sota-serums-50-ml\/","title":{"rendered":"HELIA-D Pro Active Kolag\u0113na \u0161ota serums, 50 ml"},"content":{"rendered":"<p>\u0100tri uzs\u016bco\u0161s sejas serums, ieteicams ikdienas lieto\u0161anai, piem\u0113rots visiem \u0101das tipiem. Satur dab\u012bgu, j\u016bras izcelsmes \u0161\u0137\u012bsto\u0161u kolag\u0113nu ar augstu molekulmasu un izcilu sp\u0113ju piesaist\u012bt mitrumu. Padara \u0101du elast\u012bg\u0101ku, glud\u0101ku un pie\u0161\u0137ir \u0101dai vienm\u0113r\u012bg\u0101ku toni. Formula ir bag\u0101tin\u0101ta ar glicer\u012bnu, lai veicin\u0101tu \u0101das mitrin\u0101\u0161anu. Dermatolo\u0123iski p\u0101rbaud\u012bts. Veg\u0101niska formula. <\/p>\n<p>LIETO\u0160ANA: Lietot katru dienu p\u0113c sejas att\u012br\u012b\u0161anas, maigi iemas\u0113t sejas un kakla \u0101d\u0101. Izvair\u012bties no saskares ar ac\u012bm. Uzglab\u0101t temperat\u016br\u0101 no +5\u202f\u00b0C l\u012bdz +25\u202f\u00b0C.<\/p>\n","protected":false},"excerpt":{"rendered":"<p>\u0100tri uzs\u016bco\u0161s sejas serums, ieteicams ikdienas lieto\u0161anai, piem\u0113rots visiem \u0101das tipiem. Satur dab\u012bgu, j\u016bras izcelsmes \u0161\u0137\u012bsto\u0161u kolag\u0113nu ar augstu molekulmasu un izcilu sp\u0113ju piesaist\u012bt mitrumu. Padara \u0101du elast\u012bg\u0101ku, glud\u0101ku un pie\u0161\u0137ir \u0101dai vienm\u0113r\u012bg\u0101ku toni. Formula ir bag\u0101tin\u0101ta ar glicer\u012bnu, lai veicin\u0101tu \u0101das mitrin\u0101\u0161anu. Dermatolo\u0123iski p\u0101rbaud\u012bts. Veg\u0101niska formula. LIETO\u0160ANA: Lietot katru dienu p\u0113c sejas att\u012br\u012b\u0161anas, maigi [&#8230;]\n","protected":false},"featured_media":95958,"template":"","meta":[],"product_cat":[1328],"product_tag":[],"class_list":{"0":"post-76822","1":"product","2":"type-product","3":"status-publish","4":"has-post-thumbnail","6":"product_brand-heliad_hu","7":"product_cat-1328","9":"first","10":"instock","11":"taxable","12":"shipping-taxable","13":"product-type-simple"},"_links":{"self":[{"href":"https:\/\/e.kosmolat.eu\/lv\/wp-json\/wp\/v2\/product\/76822","targetHints":{"allow":["GET"]}}],"collection":[{"href":"https:\/\/e.kosmolat.eu\/lv\/wp-json\/wp\/v2\/product"}],"about":[{"href":"https:\/\/e.kosmolat.eu\/lv\/wp-json\/wp\/v2\/types\/product"}],"wp:featuredmedia":[{"embeddable":true,"href":"https:\/\/e.kosmolat.eu\/lv\/wp-json\/wp\/v2\/media\/95958"}],"wp:attachment":[{"href":"https:\/\/e.kosmolat.eu\/lv\/wp-json\/wp\/v2\/media?parent=76822"}],"wp:term":[{"taxonomy":"product_cat","embeddable":true,"href":"https:\/\/e.kosmolat.eu\/lv\/wp-json\/wp\/v2\/product_cat?post=76822"},{"taxonomy":"product_tag","embeddable":true,"href":"https:\/\/e.kosmolat.eu\/lv\/wp-json\/wp\/v2\/product_tag?post=76822"}],"curies":[{"name":"wp","href":"https:\/\/api.w.org\/{rel}","templated":true}]}}