{"id":76806,"date":"2025-07-24T04:03:01","date_gmt":"2025-07-24T04:03:01","guid":{"rendered":"https:\/\/e.kosmolat.eu\/product\/helia-d-pro-active-retinola-serums-adai-ap-acim-15-ml\/"},"modified":"2026-04-17T12:26:43","modified_gmt":"2026-04-17T12:26:43","slug":"helia-d-pro-active-retinola-serums-adai-ap-acim-15-ml","status":"publish","type":"product","link":"https:\/\/e.kosmolat.eu\/lv\/product\/helia-d-pro-active-retinola-serums-adai-ap-acim-15-ml\/","title":{"rendered":"HELIA-D Pro Active Retinola serums \u0101dai ap ac\u012bm, 15 ml"},"content":{"rendered":"<p>\u0100tri uzs\u016bco\u0161s serums \u0101dai ap ac\u012bm, ieteicams ikdienas lieto\u0161anai, piem\u0113rots norm\u0101lai \u0101dai. Satur retinolu un glicer\u012bnu \u0101das mitrin\u0101\u0161anai. Rull\u012b\u0161a aplikators atsvaidzina un stimul\u0113 zonu ap ac\u012bm. Dermatolo\u0123iski p\u0101rbaud\u012bts. Veg\u0101niska formula.<\/p>\n<p>BR\u012aDIN\u0100JUMI: Tikai \u0101r\u012bgai lieto\u0161anai. Satur A vitam\u012bnu. L\u016bgums pirms lieto\u0161anas p\u0101rdom\u0101t savu dienas devu. <\/p>\n<p>LIETO\u0160ANA: Pirms lieto\u0161anas p\u0101rbaudiet uz neliela \u0101das laukuma. Pak\u0101peniski iek\u013caujiet ikdienas sejas kop\u0161anas rut\u012bn\u0101. Lietot katru vakaru p\u0113c att\u012br\u012b\u0161anas, uzkl\u0101t uz att\u012br\u012btas \u0101das zon\u0101s ap ac\u012bm, muti un uz pieres. Izvair\u012bties no saskares ar ac\u012bm. No r\u012bta lietot kr\u0113mu ar SPF vismaz 20. Uzglab\u0101t temperat\u016br\u0101 no +5\u202f\u00b0C l\u012bdz +25\u202f\u00b0C.<\/p>\n","protected":false},"excerpt":{"rendered":"<p>\u0100tri uzs\u016bco\u0161s serums \u0101dai ap ac\u012bm, ieteicams ikdienas lieto\u0161anai, piem\u0113rots norm\u0101lai \u0101dai. Satur retinolu un glicer\u012bnu \u0101das mitrin\u0101\u0161anai. Rull\u012b\u0161a aplikators atsvaidzina un stimul\u0113 zonu ap ac\u012bm. Dermatolo\u0123iski p\u0101rbaud\u012bts. Veg\u0101niska formula. BR\u012aDIN\u0100JUMI: Tikai \u0101r\u012bgai lieto\u0161anai. Satur A vitam\u012bnu. L\u016bgums pirms lieto\u0161anas p\u0101rdom\u0101t savu dienas devu. LIETO\u0160ANA: Pirms lieto\u0161anas p\u0101rbaudiet uz neliela \u0101das laukuma. Pak\u0101peniski iek\u013caujiet ikdienas [&#8230;]\n","protected":false},"featured_media":95950,"template":"","meta":[],"product_cat":[1589],"product_tag":[],"class_list":{"0":"post-76806","1":"product","2":"type-product","3":"status-publish","4":"has-post-thumbnail","6":"product_brand-heliad_hu","7":"product_cat-1589","9":"first","10":"instock","11":"taxable","12":"shipping-taxable","13":"product-type-simple"},"_links":{"self":[{"href":"https:\/\/e.kosmolat.eu\/lv\/wp-json\/wp\/v2\/product\/76806","targetHints":{"allow":["GET"]}}],"collection":[{"href":"https:\/\/e.kosmolat.eu\/lv\/wp-json\/wp\/v2\/product"}],"about":[{"href":"https:\/\/e.kosmolat.eu\/lv\/wp-json\/wp\/v2\/types\/product"}],"wp:featuredmedia":[{"embeddable":true,"href":"https:\/\/e.kosmolat.eu\/lv\/wp-json\/wp\/v2\/media\/95950"}],"wp:attachment":[{"href":"https:\/\/e.kosmolat.eu\/lv\/wp-json\/wp\/v2\/media?parent=76806"}],"wp:term":[{"taxonomy":"product_cat","embeddable":true,"href":"https:\/\/e.kosmolat.eu\/lv\/wp-json\/wp\/v2\/product_cat?post=76806"},{"taxonomy":"product_tag","embeddable":true,"href":"https:\/\/e.kosmolat.eu\/lv\/wp-json\/wp\/v2\/product_tag?post=76806"}],"curies":[{"name":"wp","href":"https:\/\/api.w.org\/{rel}","templated":true}]}}