{"id":76790,"date":"2025-07-24T04:02:25","date_gmt":"2025-07-24T04:02:25","guid":{"rendered":"https:\/\/e.kosmolat.eu\/product\/helia-d-pro-active-retinola-sejas-krems-50-ml\/"},"modified":"2026-05-09T01:56:12","modified_gmt":"2026-05-09T01:56:12","slug":"helia-d-pro-active-retinola-sejas-krems-50-ml","status":"publish","type":"product","link":"https:\/\/e.kosmolat.eu\/lv\/product\/helia-d-pro-active-retinola-sejas-krems-50-ml\/","title":{"rendered":"HELIA-D Pro Active Retinola sejas kr\u0113ms, 50 ml"},"content":{"rendered":"<p>\u0100tri uzs\u016bco\u0161s sejas kr\u0113ms, ieteicams ikdienas lieto\u0161anai, piem\u0113rots norm\u0101lai \u0101dai. Satur retinolu, glicer\u012bnu un alanto\u012bnu, kas veicina \u0101das mitrin\u0101\u0161anu. Dermatolo\u0123iski p\u0101rbaud\u012bts. Veg\u0101niska formula.<\/p>\n<p>BR\u012aDIN\u0100JUMI: Tikai \u0101r\u012bgai lieto\u0161anai. Satur A vitam\u012bnu. L\u016bgums pirms lieto\u0161anas p\u0101rdom\u0101t savu dienas devu. <\/p>\n<p>LIETO\u0160ANA: Pirms lieto\u0161anas p\u0101rbaudiet uz neliela \u0101das laukuma. Pak\u0101peniski iek\u013caujiet ikdienas sejas kop\u0161anas rut\u012bn\u0101. Lietojiet katru vakaru p\u0113c \u0101das att\u012br\u012b\u0161anas, maigi iemas\u0113jot sejas un kakla \u0101d\u0101. Izvairieties no saskares ar ac\u012bm. No r\u012bta lietojiet kr\u0113mu ar SPF vismaz 20. Uzglab\u0101t temperat\u016br\u0101 no +5\u202f\u00b0C l\u012bdz +25\u202f\u00b0C.<\/p>\n","protected":false},"excerpt":{"rendered":"<p>\u0100tri uzs\u016bco\u0161s sejas kr\u0113ms, ieteicams ikdienas lieto\u0161anai, piem\u0113rots norm\u0101lai \u0101dai. Satur retinolu, glicer\u012bnu un alanto\u012bnu, kas veicina \u0101das mitrin\u0101\u0161anu. Dermatolo\u0123iski p\u0101rbaud\u012bts. Veg\u0101niska formula. BR\u012aDIN\u0100JUMI: Tikai \u0101r\u012bgai lieto\u0161anai. Satur A vitam\u012bnu. L\u016bgums pirms lieto\u0161anas p\u0101rdom\u0101t savu dienas devu. LIETO\u0160ANA: Pirms lieto\u0161anas p\u0101rbaudiet uz neliela \u0101das laukuma. Pak\u0101peniski iek\u013caujiet ikdienas sejas kop\u0161anas rut\u012bn\u0101. Lietojiet katru vakaru p\u0113c [&#8230;]\n","protected":false},"featured_media":95814,"template":"","meta":[],"product_cat":[1323],"product_tag":[],"class_list":{"0":"post-76790","1":"product","2":"type-product","3":"status-publish","4":"has-post-thumbnail","6":"product_brand-heliad_hu","7":"product_cat-1323","9":"first","10":"instock","11":"taxable","12":"shipping-taxable","13":"product-type-simple"},"_links":{"self":[{"href":"https:\/\/e.kosmolat.eu\/lv\/wp-json\/wp\/v2\/product\/76790","targetHints":{"allow":["GET"]}}],"collection":[{"href":"https:\/\/e.kosmolat.eu\/lv\/wp-json\/wp\/v2\/product"}],"about":[{"href":"https:\/\/e.kosmolat.eu\/lv\/wp-json\/wp\/v2\/types\/product"}],"wp:featuredmedia":[{"embeddable":true,"href":"https:\/\/e.kosmolat.eu\/lv\/wp-json\/wp\/v2\/media\/95814"}],"wp:attachment":[{"href":"https:\/\/e.kosmolat.eu\/lv\/wp-json\/wp\/v2\/media?parent=76790"}],"wp:term":[{"taxonomy":"product_cat","embeddable":true,"href":"https:\/\/e.kosmolat.eu\/lv\/wp-json\/wp\/v2\/product_cat?post=76790"},{"taxonomy":"product_tag","embeddable":true,"href":"https:\/\/e.kosmolat.eu\/lv\/wp-json\/wp\/v2\/product_tag?post=76790"}],"curies":[{"name":"wp","href":"https:\/\/api.w.org\/{rel}","templated":true}]}}