{"id":76782,"date":"2025-07-24T04:02:06","date_gmt":"2025-07-24T04:02:06","guid":{"rendered":"https:\/\/e.kosmolat.eu\/product\/helia-d-pro-active-hialuronsk-serums-adai-ap-acim-15-ml\/"},"modified":"2026-05-09T01:55:58","modified_gmt":"2026-05-09T01:55:58","slug":"helia-d-pro-active-hialuronsk-serums-adai-ap-acim-15-ml","status":"publish","type":"product","link":"https:\/\/e.kosmolat.eu\/lv\/product\/helia-d-pro-active-hialuronsk-serums-adai-ap-acim-15-ml\/","title":{"rendered":"HELIA-D Pro Active Hialuronsk. serums \u0101dai ap ac\u012bm, 15 ml"},"content":{"rendered":"<p>Acu serums ar \u0101tri uzs\u016bco\u0161u formulu, ieteicams ikdienas lieto\u0161anai, piem\u0113rots visiem \u0101das tipiem. Efekt\u012bva augstas molekulmasas hialuronsk\u0101bes un glicer\u012bna kombin\u0101cija mitrina un m\u012bkstina \u0101du. Rull\u012b\u0161a aplikators atsvaidzina un stimul\u0113 zonu ap ac\u012bm. Dermatolo\u0123iski p\u0101rbaud\u012bts. Veg\u0101niska formula. <\/p>\n<p>LIETO\u0160ANA: Uzkl\u0101t serumu uz att\u012br\u012btas \u0101das zon\u0101s ap ac\u012bm, muti un uz pieres. Uzglab\u0101t temperat\u016br\u0101 no +5\u202f\u00b0C l\u012bdz +25\u202f\u00b0C.<\/p>\n","protected":false},"excerpt":{"rendered":"<p>Acu serums ar \u0101tri uzs\u016bco\u0161u formulu, ieteicams ikdienas lieto\u0161anai, piem\u0113rots visiem \u0101das tipiem. Efekt\u012bva augstas molekulmasas hialuronsk\u0101bes un glicer\u012bna kombin\u0101cija mitrina un m\u012bkstina \u0101du. Rull\u012b\u0161a aplikators atsvaidzina un stimul\u0113 zonu ap ac\u012bm. Dermatolo\u0123iski p\u0101rbaud\u012bts. Veg\u0101niska formula. LIETO\u0160ANA: Uzkl\u0101t serumu uz att\u012br\u012btas \u0101das zon\u0101s ap ac\u012bm, muti un uz pieres. Uzglab\u0101t temperat\u016br\u0101 no +5\u202f\u00b0C l\u012bdz +25\u202f\u00b0C.<\/p>\n","protected":false},"featured_media":95810,"template":"","meta":[],"product_cat":[1589],"product_tag":[],"class_list":{"0":"post-76782","1":"product","2":"type-product","3":"status-publish","4":"has-post-thumbnail","6":"product_brand-heliad_hu","7":"product_cat-1589","9":"first","10":"instock","11":"taxable","12":"shipping-taxable","13":"product-type-simple"},"_links":{"self":[{"href":"https:\/\/e.kosmolat.eu\/lv\/wp-json\/wp\/v2\/product\/76782","targetHints":{"allow":["GET"]}}],"collection":[{"href":"https:\/\/e.kosmolat.eu\/lv\/wp-json\/wp\/v2\/product"}],"about":[{"href":"https:\/\/e.kosmolat.eu\/lv\/wp-json\/wp\/v2\/types\/product"}],"wp:featuredmedia":[{"embeddable":true,"href":"https:\/\/e.kosmolat.eu\/lv\/wp-json\/wp\/v2\/media\/95810"}],"wp:attachment":[{"href":"https:\/\/e.kosmolat.eu\/lv\/wp-json\/wp\/v2\/media?parent=76782"}],"wp:term":[{"taxonomy":"product_cat","embeddable":true,"href":"https:\/\/e.kosmolat.eu\/lv\/wp-json\/wp\/v2\/product_cat?post=76782"},{"taxonomy":"product_tag","embeddable":true,"href":"https:\/\/e.kosmolat.eu\/lv\/wp-json\/wp\/v2\/product_tag?post=76782"}],"curies":[{"name":"wp","href":"https:\/\/api.w.org\/{rel}","templated":true}]}}