{"id":76774,"date":"2025-07-24T04:01:46","date_gmt":"2025-07-24T04:01:46","guid":{"rendered":"https:\/\/e.kosmolat.eu\/product\/helia-d-pro-active-hialuronskabes-sota-serums-50-ml\/"},"modified":"2026-05-09T01:55:42","modified_gmt":"2026-05-09T01:55:42","slug":"helia-d-pro-active-hialuronskabes-sota-serums-50-ml","status":"publish","type":"product","link":"https:\/\/e.kosmolat.eu\/lv\/product\/helia-d-pro-active-hialuronskabes-sota-serums-50-ml\/","title":{"rendered":"HELIA-D Pro Active Hialuronsk\u0101bes \u0161ota serums, 50 ml"},"content":{"rendered":"<p>Serums ar vieglu formulu \u0101tri ies\u016bcas \u0101d\u0101, ieteicams ikdienas lieto\u0161anai, piem\u0113rots visiem \u0101das tipiem. Efekt\u012bva augstas molekulmasas hialuronsk\u0101bes un glicer\u012bna kombin\u0101cija nodro\u0161ina izcilu \u0101das mitrin\u0101\u0161anu un gludumu. Dermatolo\u0123iski p\u0101rbaud\u012bts. Veg\u0101niska formula. <\/p>\n<p>LIETO\u0160ANA: Lietot katru dienu p\u0113c sejas att\u012br\u012b\u0161anas, maigi iemas\u0113t sejas un kakla \u0101d\u0101. Izvair\u012bties no saskares ar ac\u012bm. Uzglab\u0101t temperat\u016br\u0101 no +5\u202f\u00b0C l\u012bdz +25\u202f\u00b0C.<\/p>\n","protected":false},"excerpt":{"rendered":"<p>Serums ar vieglu formulu \u0101tri ies\u016bcas \u0101d\u0101, ieteicams ikdienas lieto\u0161anai, piem\u0113rots visiem \u0101das tipiem. Efekt\u012bva augstas molekulmasas hialuronsk\u0101bes un glicer\u012bna kombin\u0101cija nodro\u0161ina izcilu \u0101das mitrin\u0101\u0161anu un gludumu. Dermatolo\u0123iski p\u0101rbaud\u012bts. Veg\u0101niska formula. LIETO\u0160ANA: Lietot katru dienu p\u0113c sejas att\u012br\u012b\u0161anas, maigi iemas\u0113t sejas un kakla \u0101d\u0101. Izvair\u012bties no saskares ar ac\u012bm. Uzglab\u0101t temperat\u016br\u0101 no +5\u202f\u00b0C l\u012bdz +25\u202f\u00b0C.<\/p>\n","protected":false},"featured_media":95806,"template":"","meta":[],"product_cat":[1328],"product_tag":[],"class_list":{"0":"post-76774","1":"product","2":"type-product","3":"status-publish","4":"has-post-thumbnail","6":"product_brand-heliad_hu","7":"product_cat-1328","9":"first","10":"instock","11":"taxable","12":"shipping-taxable","13":"product-type-simple"},"_links":{"self":[{"href":"https:\/\/e.kosmolat.eu\/lv\/wp-json\/wp\/v2\/product\/76774","targetHints":{"allow":["GET"]}}],"collection":[{"href":"https:\/\/e.kosmolat.eu\/lv\/wp-json\/wp\/v2\/product"}],"about":[{"href":"https:\/\/e.kosmolat.eu\/lv\/wp-json\/wp\/v2\/types\/product"}],"wp:featuredmedia":[{"embeddable":true,"href":"https:\/\/e.kosmolat.eu\/lv\/wp-json\/wp\/v2\/media\/95806"}],"wp:attachment":[{"href":"https:\/\/e.kosmolat.eu\/lv\/wp-json\/wp\/v2\/media?parent=76774"}],"wp:term":[{"taxonomy":"product_cat","embeddable":true,"href":"https:\/\/e.kosmolat.eu\/lv\/wp-json\/wp\/v2\/product_cat?post=76774"},{"taxonomy":"product_tag","embeddable":true,"href":"https:\/\/e.kosmolat.eu\/lv\/wp-json\/wp\/v2\/product_tag?post=76774"}],"curies":[{"name":"wp","href":"https:\/\/api.w.org\/{rel}","templated":true}]}}