{"id":76758,"date":"2025-07-24T04:01:13","date_gmt":"2025-07-24T04:01:13","guid":{"rendered":"https:\/\/e.kosmolat.eu\/product\/topface-focus-point-skropstu-tusa-12-ml\/"},"modified":"2026-04-20T05:59:47","modified_gmt":"2026-04-20T05:59:47","slug":"topface-focus-point-skropstu-tusa-12-ml","status":"publish","type":"product","link":"https:\/\/e.kosmolat.eu\/lv\/product\/topface-focus-point-skropstu-tusa-12-ml\/","title":{"rendered":"Topface Focus Point Skropstu tu\u0161a, 12 ml"},"content":{"rendered":"<p>Pateicoties \u012bpa\u0161ajai birst\u012btei un unik\u0101lajai formulai, skropstu tu\u0161a pie\u0161\u0137ir skropst\u0101m apjomu, garumu un izliekumu. Kr\u0113mveida tekst\u016bra viegli kl\u0101jas un neveido kunku\u013cus. Piem\u0113rota jut\u012bg\u0101m ac\u012bm un kontaktl\u0113cu lietot\u0101jiem. Izteikt\u0101kam efektam uzkl\u0101jiet divas k\u0101rtas. Dermatolo\u0123iski p\u0101rbaud\u012bts.<\/p>\n<p>Tikai \u0101r\u012bgai lieto\u0161anai. Uzglab\u0101t temperat\u016br\u0101 no 20 l\u012bdz 25\u202f\u00b0C, sarg\u0101jot no tie\u0161iem saules stariem. Uzglab\u0101t b\u0113rniem nepieejam\u0101 viet\u0101.<\/p>\n","protected":false},"excerpt":{"rendered":"<p>Pateicoties \u012bpa\u0161ajai birst\u012btei un unik\u0101lajai formulai, skropstu tu\u0161a pie\u0161\u0137ir skropst\u0101m apjomu, garumu un izliekumu. Kr\u0113mveida tekst\u016bra viegli kl\u0101jas un neveido kunku\u013cus. Piem\u0113rota jut\u012bg\u0101m ac\u012bm un kontaktl\u0113cu lietot\u0101jiem. Izteikt\u0101kam efektam uzkl\u0101jiet divas k\u0101rtas. Dermatolo\u0123iski p\u0101rbaud\u012bts. Tikai \u0101r\u012bgai lieto\u0161anai. Uzglab\u0101t temperat\u016br\u0101 no 20 l\u012bdz 25\u202f\u00b0C, sarg\u0101jot no tie\u0161iem saules stariem. Uzglab\u0101t b\u0113rniem nepieejam\u0101 viet\u0101.<\/p>\n","protected":false},"featured_media":95174,"template":"","meta":[],"product_cat":[1380],"product_tag":[],"class_list":{"0":"post-76758","1":"product","2":"type-product","3":"status-publish","4":"has-post-thumbnail","6":"product_brand-top-face-tr","7":"product_cat-tusas","9":"first","10":"instock","11":"taxable","12":"shipping-taxable","13":"product-type-simple"},"_links":{"self":[{"href":"https:\/\/e.kosmolat.eu\/lv\/wp-json\/wp\/v2\/product\/76758","targetHints":{"allow":["GET"]}}],"collection":[{"href":"https:\/\/e.kosmolat.eu\/lv\/wp-json\/wp\/v2\/product"}],"about":[{"href":"https:\/\/e.kosmolat.eu\/lv\/wp-json\/wp\/v2\/types\/product"}],"wp:featuredmedia":[{"embeddable":true,"href":"https:\/\/e.kosmolat.eu\/lv\/wp-json\/wp\/v2\/media\/95174"}],"wp:attachment":[{"href":"https:\/\/e.kosmolat.eu\/lv\/wp-json\/wp\/v2\/media?parent=76758"}],"wp:term":[{"taxonomy":"product_cat","embeddable":true,"href":"https:\/\/e.kosmolat.eu\/lv\/wp-json\/wp\/v2\/product_cat?post=76758"},{"taxonomy":"product_tag","embeddable":true,"href":"https:\/\/e.kosmolat.eu\/lv\/wp-json\/wp\/v2\/product_tag?post=76758"}],"curies":[{"name":"wp","href":"https:\/\/api.w.org\/{rel}","templated":true}]}}