{"id":76750,"date":"2025-07-24T04:00:57","date_gmt":"2025-07-24T04:00:57","guid":{"rendered":"https:\/\/e.kosmolat.eu\/product\/topface-kontureesanas-ota-f21\/"},"modified":"2026-04-01T09:16:07","modified_gmt":"2026-04-01T09:16:07","slug":"topface-kontureesanas-ota-f21","status":"publish","type":"product","link":"https:\/\/e.kosmolat.eu\/lv\/product\/topface-kontureesanas-ota-f21\/","title":{"rendered":"Topface Konture\u0113\u0161anas ota, F21"},"content":{"rendered":"<p>Kontur\u0113\u0161anas ota ar sl\u012bpi nogrieztu galu un konisku formu ir \u012bpa\u0161i izstr\u0101d\u0101ta prec\u012bzai l\u012bdzek\u013ca uzkl\u0101\u0161anai. \u012apa\u0161i m\u012bkstie sari\u0146i nodro\u0161ina maksim\u0101lu precizit\u0101ti. Piem\u0113rota gan beramajiem, gan \u0161\u0137idrajiem produktiem. Uzkl\u0101jiet ar ap\u013cveida kust\u012bb\u0101m uz izteikt\u0101kaj\u0101m vaigu kaulu zon\u0101m, lai ieg\u016btu dabisku efektu. Samitriniet otu ar siltu \u016bdeni. Att\u012briet sari\u0146us ar j\u016bsu izv\u0113l\u0113to att\u012bro\u0161o l\u012bdzekli. R\u016bp\u012bgi izskalojiet. Nosusiniet lieko mitrumu ar t\u012bru pap\u012bra dvieli.<\/p>\n","protected":false},"excerpt":{"rendered":"<p>Kontur\u0113\u0161anas ota ar sl\u012bpi nogrieztu galu un konisku formu ir \u012bpa\u0161i izstr\u0101d\u0101ta prec\u012bzai l\u012bdzek\u013ca uzkl\u0101\u0161anai. \u012apa\u0161i m\u012bkstie sari\u0146i nodro\u0161ina maksim\u0101lu precizit\u0101ti. Piem\u0113rota gan beramajiem, gan \u0161\u0137idrajiem produktiem. Uzkl\u0101jiet ar ap\u013cveida kust\u012bb\u0101m uz izteikt\u0101kaj\u0101m vaigu kaulu zon\u0101m, lai ieg\u016btu dabisku efektu. Samitriniet otu ar siltu \u016bdeni. Att\u012briet sari\u0146us ar j\u016bsu izv\u0113l\u0113to att\u012bro\u0161o l\u012bdzekli. R\u016bp\u012bgi izskalojiet. Nosusiniet [&#8230;]\n","protected":false},"featured_media":95650,"template":"","meta":[],"product_cat":[1548],"product_tag":[],"class_list":{"0":"post-76750","1":"product","2":"type-product","3":"status-publish","4":"has-post-thumbnail","6":"product_brand-top-face-tr","7":"product_cat-teptukai","9":"first","10":"outofstock","11":"taxable","12":"shipping-taxable","13":"product-type-simple"},"_links":{"self":[{"href":"https:\/\/e.kosmolat.eu\/lv\/wp-json\/wp\/v2\/product\/76750","targetHints":{"allow":["GET"]}}],"collection":[{"href":"https:\/\/e.kosmolat.eu\/lv\/wp-json\/wp\/v2\/product"}],"about":[{"href":"https:\/\/e.kosmolat.eu\/lv\/wp-json\/wp\/v2\/types\/product"}],"wp:featuredmedia":[{"embeddable":true,"href":"https:\/\/e.kosmolat.eu\/lv\/wp-json\/wp\/v2\/media\/95650"}],"wp:attachment":[{"href":"https:\/\/e.kosmolat.eu\/lv\/wp-json\/wp\/v2\/media?parent=76750"}],"wp:term":[{"taxonomy":"product_cat","embeddable":true,"href":"https:\/\/e.kosmolat.eu\/lv\/wp-json\/wp\/v2\/product_cat?post=76750"},{"taxonomy":"product_tag","embeddable":true,"href":"https:\/\/e.kosmolat.eu\/lv\/wp-json\/wp\/v2\/product_tag?post=76750"}],"curies":[{"name":"wp","href":"https:\/\/api.w.org\/{rel}","templated":true}]}}