{"id":76742,"date":"2025-07-24T04:00:40","date_gmt":"2025-07-24T04:00:40","guid":{"rendered":"https:\/\/e.kosmolat.eu\/product\/topface-uzacu-ota-ar-birstiti-f18\/"},"modified":"2025-09-20T08:15:06","modified_gmt":"2025-09-20T08:15:06","slug":"topface-uzacu-ota-ar-birstiti-f18","status":"publish","type":"product","link":"https:\/\/e.kosmolat.eu\/lv\/product\/topface-uzacu-ota-ar-birstiti-f18\/","title":{"rendered":"Topface Uzacu ota ar birst\u012bti, F18"},"content":{"rendered":"<p>\u0160\u012b divpus\u0113j\u0101 uzacu ota ir \u012bpa\u0161i izstr\u0101d\u0101ta uzacu formas veido\u0161anai un iez\u012bm\u0113\u0161anai. Otas sl\u012bp\u0101 puse \u013cauj uzkl\u0101t jebkuru l\u012bdzekli, savuk\u0101rt otra puse pal\u012bdz pie\u0161\u0137irt formu un sa\u0137emm\u0113t uzacis. Samitriniet otu ar siltu \u016bdeni. Att\u012briet sari\u0146us ar j\u016bsu izv\u0113l\u0113to att\u012bro\u0161o l\u012bdzekli. R\u016bp\u012bgi izskalojiet. Nosusiniet lieko mitrumu ar t\u012bru pap\u012bra dvieli.<\/p>\n","protected":false},"excerpt":{"rendered":"<p>\u0160\u012b divpus\u0113j\u0101 uzacu ota ir \u012bpa\u0161i izstr\u0101d\u0101ta uzacu formas veido\u0161anai un iez\u012bm\u0113\u0161anai. Otas sl\u012bp\u0101 puse \u013cauj uzkl\u0101t jebkuru l\u012bdzekli, savuk\u0101rt otra puse pal\u012bdz pie\u0161\u0137irt formu un sa\u0137emm\u0113t uzacis. Samitriniet otu ar siltu \u016bdeni. Att\u012briet sari\u0146us ar j\u016bsu izv\u0113l\u0113to att\u012bro\u0161o l\u012bdzekli. R\u016bp\u012bgi izskalojiet. Nosusiniet lieko mitrumu ar t\u012bru pap\u012bra dvieli.<\/p>\n","protected":false},"featured_media":95646,"template":"","meta":[],"product_cat":[1546],"product_tag":[],"class_list":{"0":"post-76742","1":"product","2":"type-product","3":"status-publish","4":"has-post-thumbnail","6":"product_brand-top-face-tr","7":"product_cat-otinas","9":"first","10":"instock","11":"taxable","12":"shipping-taxable","13":"product-type-simple"},"_links":{"self":[{"href":"https:\/\/e.kosmolat.eu\/lv\/wp-json\/wp\/v2\/product\/76742","targetHints":{"allow":["GET"]}}],"collection":[{"href":"https:\/\/e.kosmolat.eu\/lv\/wp-json\/wp\/v2\/product"}],"about":[{"href":"https:\/\/e.kosmolat.eu\/lv\/wp-json\/wp\/v2\/types\/product"}],"wp:featuredmedia":[{"embeddable":true,"href":"https:\/\/e.kosmolat.eu\/lv\/wp-json\/wp\/v2\/media\/95646"}],"wp:attachment":[{"href":"https:\/\/e.kosmolat.eu\/lv\/wp-json\/wp\/v2\/media?parent=76742"}],"wp:term":[{"taxonomy":"product_cat","embeddable":true,"href":"https:\/\/e.kosmolat.eu\/lv\/wp-json\/wp\/v2\/product_cat?post=76742"},{"taxonomy":"product_tag","embeddable":true,"href":"https:\/\/e.kosmolat.eu\/lv\/wp-json\/wp\/v2\/product_tag?post=76742"}],"curies":[{"name":"wp","href":"https:\/\/api.w.org\/{rel}","templated":true}]}}