{"id":76734,"date":"2025-07-24T04:00:23","date_gmt":"2025-07-24T04:00:23","guid":{"rendered":"https:\/\/e.kosmolat.eu\/product\/topface-izpludinsaanas-ota-f14\/"},"modified":"2026-04-01T09:15:16","modified_gmt":"2026-04-01T09:15:16","slug":"topface-izpludinsaanas-ota-f14","status":"publish","type":"product","link":"https:\/\/e.kosmolat.eu\/lv\/product\/topface-izpludinsaanas-ota-f14\/","title":{"rendered":"Topface Izpludin\u0161\u0101anas ota F14"},"content":{"rendered":"<p>\u012asi un bl\u012bvi sari\u0146i \u2013 ide\u0101la ota acu grimam. \u0112rta acu \u0113nu uzkl\u0101\u0161anai gar skropstu l\u012bniju, acu iek\u0161\u0113j\u0101 kakti\u0146\u0101 un \u0113nu izpludin\u0101\u0161anai. Samitriniet otu ar siltu \u016bdeni. Att\u012briet sari\u0146us ar j\u016bsu izv\u0113l\u0113to att\u012bro\u0161o l\u012bdzekli. R\u016bp\u012bgi izskalojiet. Nosusiniet lieko mitrumu ar t\u012bru pap\u012bra dvieli.<\/p>\n","protected":false},"excerpt":{"rendered":"<p>\u012asi un bl\u012bvi sari\u0146i \u2013 ide\u0101la ota acu grimam. \u0112rta acu \u0113nu uzkl\u0101\u0161anai gar skropstu l\u012bniju, acu iek\u0161\u0113j\u0101 kakti\u0146\u0101 un \u0113nu izpludin\u0101\u0161anai. Samitriniet otu ar siltu \u016bdeni. Att\u012briet sari\u0146us ar j\u016bsu izv\u0113l\u0113to att\u012bro\u0161o l\u012bdzekli. R\u016bp\u012bgi izskalojiet. Nosusiniet lieko mitrumu ar t\u012bru pap\u012bra dvieli.<\/p>\n","protected":false},"featured_media":95630,"template":"","meta":[],"product_cat":[1546],"product_tag":[],"class_list":{"0":"post-76734","1":"product","2":"type-product","3":"status-publish","4":"has-post-thumbnail","6":"product_brand-top-face-tr","7":"product_cat-otinas","9":"first","10":"outofstock","11":"taxable","12":"shipping-taxable","13":"product-type-simple"},"_links":{"self":[{"href":"https:\/\/e.kosmolat.eu\/lv\/wp-json\/wp\/v2\/product\/76734","targetHints":{"allow":["GET"]}}],"collection":[{"href":"https:\/\/e.kosmolat.eu\/lv\/wp-json\/wp\/v2\/product"}],"about":[{"href":"https:\/\/e.kosmolat.eu\/lv\/wp-json\/wp\/v2\/types\/product"}],"wp:featuredmedia":[{"embeddable":true,"href":"https:\/\/e.kosmolat.eu\/lv\/wp-json\/wp\/v2\/media\/95630"}],"wp:attachment":[{"href":"https:\/\/e.kosmolat.eu\/lv\/wp-json\/wp\/v2\/media?parent=76734"}],"wp:term":[{"taxonomy":"product_cat","embeddable":true,"href":"https:\/\/e.kosmolat.eu\/lv\/wp-json\/wp\/v2\/product_cat?post=76734"},{"taxonomy":"product_tag","embeddable":true,"href":"https:\/\/e.kosmolat.eu\/lv\/wp-json\/wp\/v2\/product_tag?post=76734"}],"curies":[{"name":"wp","href":"https:\/\/api.w.org\/{rel}","templated":true}]}}