{"id":76721,"date":"2025-07-23T04:11:10","date_gmt":"2025-07-23T04:11:10","guid":{"rendered":"https:\/\/e.kosmolat.eu\/product\/topface-ota-acu-enu-uzklasanai-f11\/"},"modified":"2026-03-31T21:36:03","modified_gmt":"2026-03-31T21:36:03","slug":"topface-ota-acu-enu-uzklasanai-f11","status":"publish","type":"product","link":"https:\/\/e.kosmolat.eu\/lv\/product\/topface-ota-acu-enu-uzklasanai-f11\/","title":{"rendered":"Topface Ota acu \u0113nu uzkl\u0101\u0161anai F11"},"content":{"rendered":"<p>Otas plakan\u0101 forma un \u012bsie sari\u0146i ir izstr\u0101d\u0101ti pamatto\u0146a uzkl\u0101\u0161anai un acu \u0113nu izpludin\u0101\u0161anai uz aug\u0161\u0113j\u0101 plaksti\u0146a. Otu var izmantot gan kr\u0113mveida, gan birsto\u0161as tekst\u016bras l\u012bdzek\u013ciem. Samitriniet otu ar siltu \u016bdeni. Att\u012briet sari\u0146us ar j\u016bsu izv\u0113l\u0113to att\u012bro\u0161o l\u012bdzekli. R\u016bp\u012bgi izskalojiet. Nosusiniet lieko mitrumu ar t\u012bru pap\u012bra dvieli.<\/p>\n","protected":false},"excerpt":{"rendered":"<p>Otas plakan\u0101 forma un \u012bsie sari\u0146i ir izstr\u0101d\u0101ti pamatto\u0146a uzkl\u0101\u0161anai un acu \u0113nu izpludin\u0101\u0161anai uz aug\u0161\u0113j\u0101 plaksti\u0146a. Otu var izmantot gan kr\u0113mveida, gan birsto\u0161as tekst\u016bras l\u012bdzek\u013ciem. Samitriniet otu ar siltu \u016bdeni. Att\u012briet sari\u0146us ar j\u016bsu izv\u0113l\u0113to att\u012bro\u0161o l\u012bdzekli. R\u016bp\u012bgi izskalojiet. Nosusiniet lieko mitrumu ar t\u012bru pap\u012bra dvieli.<\/p>\n","protected":false},"featured_media":95626,"template":"","meta":[],"product_cat":[1546],"product_tag":[],"class_list":{"0":"post-76721","1":"product","2":"type-product","3":"status-publish","4":"has-post-thumbnail","6":"product_brand-top-face-tr","7":"product_cat-otinas","9":"first","10":"outofstock","11":"taxable","12":"shipping-taxable","13":"product-type-simple"},"_links":{"self":[{"href":"https:\/\/e.kosmolat.eu\/lv\/wp-json\/wp\/v2\/product\/76721","targetHints":{"allow":["GET"]}}],"collection":[{"href":"https:\/\/e.kosmolat.eu\/lv\/wp-json\/wp\/v2\/product"}],"about":[{"href":"https:\/\/e.kosmolat.eu\/lv\/wp-json\/wp\/v2\/types\/product"}],"wp:featuredmedia":[{"embeddable":true,"href":"https:\/\/e.kosmolat.eu\/lv\/wp-json\/wp\/v2\/media\/95626"}],"wp:attachment":[{"href":"https:\/\/e.kosmolat.eu\/lv\/wp-json\/wp\/v2\/media?parent=76721"}],"wp:term":[{"taxonomy":"product_cat","embeddable":true,"href":"https:\/\/e.kosmolat.eu\/lv\/wp-json\/wp\/v2\/product_cat?post=76721"},{"taxonomy":"product_tag","embeddable":true,"href":"https:\/\/e.kosmolat.eu\/lv\/wp-json\/wp\/v2\/product_tag?post=76721"}],"curies":[{"name":"wp","href":"https:\/\/api.w.org\/{rel}","templated":true}]}}