{"id":76713,"date":"2025-07-23T04:10:50","date_gmt":"2025-07-23T04:10:50","guid":{"rendered":"https:\/\/e.kosmolat.eu\/product\/topface-korektora-ota-f10\/"},"modified":"2026-04-01T09:15:03","modified_gmt":"2026-04-01T09:15:03","slug":"topface-korektora-ota-f10","status":"publish","type":"product","link":"https:\/\/e.kosmolat.eu\/lv\/product\/topface-korektora-ota-f10\/","title":{"rendered":"Topface Korektora ota F10"},"content":{"rendered":"<p>Ota ar plakanu formu un smalkiem, elast\u012bgiem sari\u0146iem ir paredz\u0113ta nepiln\u012bbu ton\u0113\u0161anai. T\u0101 pal\u012bdz nosl\u0113pt tum\u0161os lokus zem ac\u012bm un citas nepiln\u012bbas, vienm\u0113r\u012bgi un prec\u012bzi izklied\u0113jot produktu. Samitriniet otu ar siltu \u016bdeni. Att\u012briet sari\u0146us ar j\u016bsu izv\u0113l\u0113to att\u012bro\u0161o l\u012bdzekli. R\u016bp\u012bgi izskalojiet. Nosusiniet lieko mitrumu ar t\u012bru pap\u012bra dvieli.<\/p>\n","protected":false},"excerpt":{"rendered":"<p>Ota ar plakanu formu un smalkiem, elast\u012bgiem sari\u0146iem ir paredz\u0113ta nepiln\u012bbu ton\u0113\u0161anai. T\u0101 pal\u012bdz nosl\u0113pt tum\u0161os lokus zem ac\u012bm un citas nepiln\u012bbas, vienm\u0113r\u012bgi un prec\u012bzi izklied\u0113jot produktu. Samitriniet otu ar siltu \u016bdeni. Att\u012briet sari\u0146us ar j\u016bsu izv\u0113l\u0113to att\u012bro\u0161o l\u012bdzekli. R\u016bp\u012bgi izskalojiet. Nosusiniet lieko mitrumu ar t\u012bru pap\u012bra dvieli.<\/p>\n","protected":false},"featured_media":95622,"template":"","meta":[],"product_cat":[1546],"product_tag":[],"class_list":{"0":"post-76713","1":"product","2":"type-product","3":"status-publish","4":"has-post-thumbnail","6":"product_brand-top-face-tr","7":"product_cat-otinas","9":"first","10":"instock","11":"taxable","12":"shipping-taxable","13":"product-type-simple"},"_links":{"self":[{"href":"https:\/\/e.kosmolat.eu\/lv\/wp-json\/wp\/v2\/product\/76713","targetHints":{"allow":["GET"]}}],"collection":[{"href":"https:\/\/e.kosmolat.eu\/lv\/wp-json\/wp\/v2\/product"}],"about":[{"href":"https:\/\/e.kosmolat.eu\/lv\/wp-json\/wp\/v2\/types\/product"}],"wp:featuredmedia":[{"embeddable":true,"href":"https:\/\/e.kosmolat.eu\/lv\/wp-json\/wp\/v2\/media\/95622"}],"wp:attachment":[{"href":"https:\/\/e.kosmolat.eu\/lv\/wp-json\/wp\/v2\/media?parent=76713"}],"wp:term":[{"taxonomy":"product_cat","embeddable":true,"href":"https:\/\/e.kosmolat.eu\/lv\/wp-json\/wp\/v2\/product_cat?post=76713"},{"taxonomy":"product_tag","embeddable":true,"href":"https:\/\/e.kosmolat.eu\/lv\/wp-json\/wp\/v2\/product_tag?post=76713"}],"curies":[{"name":"wp","href":"https:\/\/api.w.org\/{rel}","templated":true}]}}