{"id":76705,"date":"2025-07-23T04:10:34","date_gmt":"2025-07-23T04:10:34","guid":{"rendered":"https:\/\/e.kosmolat.eu\/product\/topface-izpludinasanas-ota-f08\/"},"modified":"2026-04-01T09:14:52","modified_gmt":"2026-04-01T09:14:52","slug":"topface-izpludinasanas-ota-f08","status":"publish","type":"product","link":"https:\/\/e.kosmolat.eu\/lv\/product\/topface-izpludinasanas-ota-f08\/","title":{"rendered":"Topface Izpludin\u0101\u0161anas ota F08"},"content":{"rendered":"<p>\u0112rt\u0101, noapa\u013cot\u0101 ota ir \u012bpa\u0161i izstr\u0101d\u0101ta beramiem un kr\u0113mveida produktiem. T\u0101 \u013cauj vienm\u0113r\u012bgi uzkl\u0101t \u0113nas uz plaksti\u0146iem un izpludin\u0101t t\u0101s. Samitriniet otu ar siltu \u016bdeni. Att\u012briet sari\u0146us ar j\u016bsu izv\u0113l\u0113to att\u012bro\u0161o l\u012bdzekli. R\u016bp\u012bgi izskalojiet. Nosusiniet lieko mitrumu ar t\u012bru pap\u012bra dvieli.<\/p>\n","protected":false},"excerpt":{"rendered":"<p>\u0112rt\u0101, noapa\u013cot\u0101 ota ir \u012bpa\u0161i izstr\u0101d\u0101ta beramiem un kr\u0113mveida produktiem. T\u0101 \u013cauj vienm\u0113r\u012bgi uzkl\u0101t \u0113nas uz plaksti\u0146iem un izpludin\u0101t t\u0101s. Samitriniet otu ar siltu \u016bdeni. Att\u012briet sari\u0146us ar j\u016bsu izv\u0113l\u0113to att\u012bro\u0161o l\u012bdzekli. R\u016bp\u012bgi izskalojiet. Nosusiniet lieko mitrumu ar t\u012bru pap\u012bra dvieli.<\/p>\n","protected":false},"featured_media":95618,"template":"","meta":[],"product_cat":[1546],"product_tag":[],"class_list":{"0":"post-76705","1":"product","2":"type-product","3":"status-publish","4":"has-post-thumbnail","6":"product_brand-top-face-tr","7":"product_cat-otinas","9":"first","10":"outofstock","11":"taxable","12":"shipping-taxable","13":"product-type-simple"},"_links":{"self":[{"href":"https:\/\/e.kosmolat.eu\/lv\/wp-json\/wp\/v2\/product\/76705","targetHints":{"allow":["GET"]}}],"collection":[{"href":"https:\/\/e.kosmolat.eu\/lv\/wp-json\/wp\/v2\/product"}],"about":[{"href":"https:\/\/e.kosmolat.eu\/lv\/wp-json\/wp\/v2\/types\/product"}],"wp:featuredmedia":[{"embeddable":true,"href":"https:\/\/e.kosmolat.eu\/lv\/wp-json\/wp\/v2\/media\/95618"}],"wp:attachment":[{"href":"https:\/\/e.kosmolat.eu\/lv\/wp-json\/wp\/v2\/media?parent=76705"}],"wp:term":[{"taxonomy":"product_cat","embeddable":true,"href":"https:\/\/e.kosmolat.eu\/lv\/wp-json\/wp\/v2\/product_cat?post=76705"},{"taxonomy":"product_tag","embeddable":true,"href":"https:\/\/e.kosmolat.eu\/lv\/wp-json\/wp\/v2\/product_tag?post=76705"}],"curies":[{"name":"wp","href":"https:\/\/api.w.org\/{rel}","templated":true}]}}