{"id":76697,"date":"2025-07-23T04:10:17","date_gmt":"2025-07-23T04:10:17","guid":{"rendered":"https:\/\/e.kosmolat.eu\/product\/topface-ota-tonala-krema-uzklasanai-f06\/"},"modified":"2025-09-20T08:13:19","modified_gmt":"2025-09-20T08:13:19","slug":"topface-ota-tonala-krema-uzklasanai-f06","status":"publish","type":"product","link":"https:\/\/e.kosmolat.eu\/lv\/product\/topface-ota-tonala-krema-uzklasanai-f06\/","title":{"rendered":"Topface Ota ton\u0101l\u0101 kr\u0113ma uzkl\u0101\u0161anai F06"},"content":{"rendered":"<p>Ota ar bl\u012bviem, m\u012bkstiem, \u012bsiem sari\u0146iem ir paredz\u0113ta \u0161\u0137idru un kr\u0113mveida produktu vienm\u0113r\u012bgai uzkl\u0101\u0161anai. Uzkl\u0101jiet l\u012bdzekli ar pl\u016bsto\u0161\u0101m kust\u012bb\u0101m pa sejas \u0101du. Samitriniet otu ar siltu \u016bdeni. Att\u012briet sari\u0146us ar j\u016bsu izv\u0113l\u0113to att\u012bro\u0161o l\u012bdzekli. R\u016bp\u012bgi izskalojiet. Nosusiniet lieko mitrumu ar t\u012bru pap\u012bra dvieli.<\/p>\n","protected":false},"excerpt":{"rendered":"<p>Ota ar bl\u012bviem, m\u012bkstiem, \u012bsiem sari\u0146iem ir paredz\u0113ta \u0161\u0137idru un kr\u0113mveida produktu vienm\u0113r\u012bgai uzkl\u0101\u0161anai. Uzkl\u0101jiet l\u012bdzekli ar pl\u016bsto\u0161\u0101m kust\u012bb\u0101m pa sejas \u0101du. Samitriniet otu ar siltu \u016bdeni. Att\u012briet sari\u0146us ar j\u016bsu izv\u0113l\u0113to att\u012bro\u0161o l\u012bdzekli. R\u016bp\u012bgi izskalojiet. Nosusiniet lieko mitrumu ar t\u012bru pap\u012bra dvieli.<\/p>\n","protected":false},"featured_media":95614,"template":"","meta":[],"product_cat":[1546],"product_tag":[],"class_list":{"0":"post-76697","1":"product","2":"type-product","3":"status-publish","4":"has-post-thumbnail","6":"product_brand-top-face-tr","7":"product_cat-otinas","9":"first","10":"outofstock","11":"taxable","12":"shipping-taxable","13":"product-type-simple"},"_links":{"self":[{"href":"https:\/\/e.kosmolat.eu\/lv\/wp-json\/wp\/v2\/product\/76697","targetHints":{"allow":["GET"]}}],"collection":[{"href":"https:\/\/e.kosmolat.eu\/lv\/wp-json\/wp\/v2\/product"}],"about":[{"href":"https:\/\/e.kosmolat.eu\/lv\/wp-json\/wp\/v2\/types\/product"}],"wp:featuredmedia":[{"embeddable":true,"href":"https:\/\/e.kosmolat.eu\/lv\/wp-json\/wp\/v2\/media\/95614"}],"wp:attachment":[{"href":"https:\/\/e.kosmolat.eu\/lv\/wp-json\/wp\/v2\/media?parent=76697"}],"wp:term":[{"taxonomy":"product_cat","embeddable":true,"href":"https:\/\/e.kosmolat.eu\/lv\/wp-json\/wp\/v2\/product_cat?post=76697"},{"taxonomy":"product_tag","embeddable":true,"href":"https:\/\/e.kosmolat.eu\/lv\/wp-json\/wp\/v2\/product_tag?post=76697"}],"curies":[{"name":"wp","href":"https:\/\/api.w.org\/{rel}","templated":true}]}}