{"id":76633,"date":"2025-07-23T04:07:51","date_gmt":"2025-07-23T04:07:51","guid":{"rendered":"https:\/\/e.kosmolat.eu\/product\/topface-super-silky-udensnoturigs-acu-laineris-001-4-3-g\/"},"modified":"2025-09-20T08:10:59","modified_gmt":"2025-09-20T08:10:59","slug":"topface-super-silky-udensnoturigs-acu-laineris-001-4-3-g","status":"publish","type":"product","link":"https:\/\/e.kosmolat.eu\/lv\/product\/topface-super-silky-udensnoturigs-acu-laineris-001-4-3-g\/","title":{"rendered":"Topface Super Silky \u016adensnotur\u012bgs acu laineris 001, 4.3 g"},"content":{"rendered":"<p>Piesardz\u012bbas pas\u0101kumi: P\u0113c katras lieto\u0161anas cie\u0161i aizveriet v\u0101ci\u0146u. Tikai \u0101r\u012bgai lieto\u0161anai. Sarg\u0101t no tie\u0161iem saules stariem. Uzglab\u0101t b\u0113rniem nepieejam\u0101 viet\u0101.<\/p>\n","protected":false},"excerpt":{"rendered":"<p>Piesardz\u012bbas pas\u0101kumi: P\u0113c katras lieto\u0161anas cie\u0161i aizveriet v\u0101ci\u0146u. Tikai \u0101r\u012bgai lieto\u0161anai. Sarg\u0101t no tie\u0161iem saules stariem. Uzglab\u0101t b\u0113rniem nepieejam\u0101 viet\u0101.<\/p>\n","protected":false},"featured_media":95570,"template":"","meta":[],"product_cat":[1262],"product_tag":[],"class_list":{"0":"post-76633","1":"product","2":"type-product","3":"status-publish","4":"has-post-thumbnail","6":"product_brand-top-face-tr","7":"product_cat-zimuli-laineri","9":"first","10":"outofstock","11":"taxable","12":"shipping-taxable","13":"product-type-simple"},"_links":{"self":[{"href":"https:\/\/e.kosmolat.eu\/lv\/wp-json\/wp\/v2\/product\/76633","targetHints":{"allow":["GET"]}}],"collection":[{"href":"https:\/\/e.kosmolat.eu\/lv\/wp-json\/wp\/v2\/product"}],"about":[{"href":"https:\/\/e.kosmolat.eu\/lv\/wp-json\/wp\/v2\/types\/product"}],"wp:featuredmedia":[{"embeddable":true,"href":"https:\/\/e.kosmolat.eu\/lv\/wp-json\/wp\/v2\/media\/95570"}],"wp:attachment":[{"href":"https:\/\/e.kosmolat.eu\/lv\/wp-json\/wp\/v2\/media?parent=76633"}],"wp:term":[{"taxonomy":"product_cat","embeddable":true,"href":"https:\/\/e.kosmolat.eu\/lv\/wp-json\/wp\/v2\/product_cat?post=76633"},{"taxonomy":"product_tag","embeddable":true,"href":"https:\/\/e.kosmolat.eu\/lv\/wp-json\/wp\/v2\/product_tag?post=76633"}],"curies":[{"name":"wp","href":"https:\/\/api.w.org\/{rel}","templated":true}]}}