{"id":76625,"date":"2025-07-23T04:07:33","date_gmt":"2025-07-23T04:07:33","guid":{"rendered":"https:\/\/e.kosmolat.eu\/product\/topface-udensnotur-acu-zimul-109-1-14-g\/"},"modified":"2026-04-01T09:12:43","modified_gmt":"2026-04-01T09:12:43","slug":"topface-udensnotur-acu-zimul-109-1-14-g","status":"publish","type":"product","link":"https:\/\/e.kosmolat.eu\/lv\/product\/topface-udensnotur-acu-zimul-109-1-14-g\/","title":{"rendered":"Topface \u016adensnotur. acu z\u012bmul. 109, 1.14 g"},"content":{"rendered":"<p>Piesardz\u012bbas pas\u0101kumi: P\u0113c katras lieto\u0161anas cie\u0161i aizveriet v\u0101ci\u0146u. Tikai \u0101r\u012bgai lieto\u0161anai. Sarg\u0101t no tie\u0161iem saules stariem. Uzglab\u0101t b\u0113rniem nepieejam\u0101 viet\u0101.<\/p>\n","protected":false},"excerpt":{"rendered":"<p>Piesardz\u012bbas pas\u0101kumi: P\u0113c katras lieto\u0161anas cie\u0161i aizveriet v\u0101ci\u0146u. Tikai \u0101r\u012bgai lieto\u0161anai. Sarg\u0101t no tie\u0161iem saules stariem. Uzglab\u0101t b\u0113rniem nepieejam\u0101 viet\u0101.<\/p>\n","protected":false},"featured_media":95566,"template":"","meta":[],"product_cat":[1262],"product_tag":[],"class_list":{"0":"post-76625","1":"product","2":"type-product","3":"status-publish","4":"has-post-thumbnail","6":"product_brand-top-face-tr","7":"product_cat-zimuli-laineri","9":"first","10":"outofstock","11":"taxable","12":"shipping-taxable","13":"product-type-simple"},"_links":{"self":[{"href":"https:\/\/e.kosmolat.eu\/lv\/wp-json\/wp\/v2\/product\/76625","targetHints":{"allow":["GET"]}}],"collection":[{"href":"https:\/\/e.kosmolat.eu\/lv\/wp-json\/wp\/v2\/product"}],"about":[{"href":"https:\/\/e.kosmolat.eu\/lv\/wp-json\/wp\/v2\/types\/product"}],"wp:featuredmedia":[{"embeddable":true,"href":"https:\/\/e.kosmolat.eu\/lv\/wp-json\/wp\/v2\/media\/95566"}],"wp:attachment":[{"href":"https:\/\/e.kosmolat.eu\/lv\/wp-json\/wp\/v2\/media?parent=76625"}],"wp:term":[{"taxonomy":"product_cat","embeddable":true,"href":"https:\/\/e.kosmolat.eu\/lv\/wp-json\/wp\/v2\/product_cat?post=76625"},{"taxonomy":"product_tag","embeddable":true,"href":"https:\/\/e.kosmolat.eu\/lv\/wp-json\/wp\/v2\/product_tag?post=76625"}],"curies":[{"name":"wp","href":"https:\/\/api.w.org\/{rel}","templated":true}]}}