{"id":76360,"date":"2025-07-22T04:12:13","date_gmt":"2025-07-22T04:12:13","guid":{"rendered":"https:\/\/e.kosmolat.eu\/product\/topface-super-match-001-udensnot-tonalais-krems-24h-30-ml\/"},"modified":"2026-04-22T06:50:49","modified_gmt":"2026-04-22T06:50:49","slug":"topface-super-match-001-udensnot-tonalais-krems-24h-30-ml","status":"publish","type":"product","link":"https:\/\/e.kosmolat.eu\/lv\/product\/topface-super-match-001-udensnot-tonalais-krems-24h-30-ml\/","title":{"rendered":"Topface Super Match 001 \u016adensnot. ton\u0101lais kr\u0113ms 24H, 30 ml"},"content":{"rendered":"<p>Mitrino\u0161s efekts l\u012bdz pat 24 stund\u0101m. Ton\u0101lais kr\u0113ms, kas bag\u0101tin\u0101ts ar hialuronsk\u0101bi, pie\u0161\u0137ir \u0101dai dabisku mirdzumu, ide\u0101li apvienojot grima un \u0101das kop\u0161anas priek\u0161roc\u012bbas. Inovat\u012bv\u0101 formula kopj \u0101du un nodro\u0161ina ilgsto\u0161u mitrin\u0101\u0161anu l\u012bdz pat 24\u202fstund\u0101m. Kr\u0113mveida tekst\u016bra nodro\u0161ina vieglu uzkl\u0101\u0161anu. \u016adensnotur\u012bgs. Pateicoties augstajai p\u0101rkl\u0101juma sp\u0113jai un bag\u0101t\u012bgajai tekst\u016brai, produkts izl\u012bdzina \u0101das toni, un j\u016bsu grims paliks svaigs un nevainojams ilg\u0101ku laiku.<\/p>\n<p>Pirms lieto\u0161anas k\u0101rt\u012bgi sakrat\u012bt. Ja main\u0101s smar\u017ea vai izskats, p\u0101rtrauciet lieto\u0161anu. Tikai \u0101r\u012bgai lieto\u0161anai. Uzglab\u0101t temperat\u016br\u0101 no 20 l\u012bdz 25\u202f\u00b0C, sarg\u0101jot no tie\u0161iem saules stariem. Uzglab\u0101t b\u0113rniem nepieejam\u0101 viet\u0101.<\/p>\n","protected":false},"excerpt":{"rendered":"<p>Mitrino\u0161s efekts l\u012bdz pat 24 stund\u0101m. Ton\u0101lais kr\u0113ms, kas bag\u0101tin\u0101ts ar hialuronsk\u0101bi, pie\u0161\u0137ir \u0101dai dabisku mirdzumu, ide\u0101li apvienojot grima un \u0101das kop\u0161anas priek\u0161roc\u012bbas. Inovat\u012bv\u0101 formula kopj \u0101du un nodro\u0161ina ilgsto\u0161u mitrin\u0101\u0161anu l\u012bdz pat 24\u202fstund\u0101m. Kr\u0113mveida tekst\u016bra nodro\u0161ina vieglu uzkl\u0101\u0161anu. \u016adensnotur\u012bgs. Pateicoties augstajai p\u0101rkl\u0101juma sp\u0113jai un bag\u0101t\u012bgajai tekst\u016brai, produkts izl\u012bdzina \u0101das toni, un j\u016bsu grims paliks [&#8230;]\n","protected":false},"featured_media":95442,"template":"","meta":[],"product_cat":[1999],"product_tag":[],"class_list":{"0":"post-76360","1":"product","2":"type-product","3":"status-publish","4":"has-post-thumbnail","6":"product_brand-top-face-tr","7":"product_cat-bez-kategorijas","9":"first","10":"instock","11":"taxable","12":"shipping-taxable","13":"product-type-simple"},"_links":{"self":[{"href":"https:\/\/e.kosmolat.eu\/lv\/wp-json\/wp\/v2\/product\/76360","targetHints":{"allow":["GET"]}}],"collection":[{"href":"https:\/\/e.kosmolat.eu\/lv\/wp-json\/wp\/v2\/product"}],"about":[{"href":"https:\/\/e.kosmolat.eu\/lv\/wp-json\/wp\/v2\/types\/product"}],"wp:featuredmedia":[{"embeddable":true,"href":"https:\/\/e.kosmolat.eu\/lv\/wp-json\/wp\/v2\/media\/95442"}],"wp:attachment":[{"href":"https:\/\/e.kosmolat.eu\/lv\/wp-json\/wp\/v2\/media?parent=76360"}],"wp:term":[{"taxonomy":"product_cat","embeddable":true,"href":"https:\/\/e.kosmolat.eu\/lv\/wp-json\/wp\/v2\/product_cat?post=76360"},{"taxonomy":"product_tag","embeddable":true,"href":"https:\/\/e.kosmolat.eu\/lv\/wp-json\/wp\/v2\/product_tag?post=76360"}],"curies":[{"name":"wp","href":"https:\/\/api.w.org\/{rel}","templated":true}]}}