{"id":76352,"date":"2025-07-22T04:11:55","date_gmt":"2025-07-22T04:11:55","guid":{"rendered":"https:\/\/e.kosmolat.eu\/product\/topface-super-match-005-udensnot-korektors-24h-6-ml\/"},"modified":"2026-04-11T19:09:59","modified_gmt":"2026-04-11T19:09:59","slug":"topface-super-match-005-udensnot-korektors-24h-6-ml","status":"publish","type":"product","link":"https:\/\/e.kosmolat.eu\/lv\/product\/topface-super-match-005-udensnot-korektors-24h-6-ml\/","title":{"rendered":"Topface Super Match 005 \u016adensnot. korektors 24H, 6 ml"},"content":{"rendered":"<p>Mitrino\u0161s efekts un ide\u0101ls p\u0101rkl\u0101jums l\u012bdz pat 24 stund\u0101m. Korektors ir bag\u0101tin\u0101ts ar hialuronsk\u0101bi un E vitam\u012bnu, tas acumirkl\u012b piel\u0101gojas \u0101das tonim. Nodro\u0161ina izcilu p\u0101rkl\u0101jumu. Izce\u013cot j\u016bsu dabisko mirdzumu, tas pal\u012bdz nosl\u0113pt s\u012bkas nepiln\u012bbas ap ac\u012bm un pie\u0161\u0137ir svaigu izskatu. \u016adensnotur\u012bgs. Ilgsto\u0161i saglab\u0101 j\u016bsu grimu, izl\u012bdzinot \u0101das toni. T\u0101 formula nodro\u0161ina \u0101tru un vieglu uzkl\u0101\u0161anu, k\u0101 ar\u012b ide\u0101lu fini\u0161u.<\/p>\n<p>Pirms lieto\u0161anas k\u0101rt\u012bgi sakrat\u012bt. Ja main\u0101s smar\u017ea vai izskats, p\u0101rtrauciet lieto\u0161anu. Tikai \u0101r\u012bgai lieto\u0161anai. Uzglab\u0101t temperat\u016br\u0101 no 20 l\u012bdz 25\u202f\u00b0C, sarg\u0101jot no tie\u0161iem saules stariem. Uzglab\u0101t b\u0113rniem nepieejam\u0101 viet\u0101.<\/p>\n","protected":false},"excerpt":{"rendered":"<p>Mitrino\u0161s efekts un ide\u0101ls p\u0101rkl\u0101jums l\u012bdz pat 24 stund\u0101m. Korektors ir bag\u0101tin\u0101ts ar hialuronsk\u0101bi un E vitam\u012bnu, tas acumirkl\u012b piel\u0101gojas \u0101das tonim. Nodro\u0161ina izcilu p\u0101rkl\u0101jumu. Izce\u013cot j\u016bsu dabisko mirdzumu, tas pal\u012bdz nosl\u0113pt s\u012bkas nepiln\u012bbas ap ac\u012bm un pie\u0161\u0137ir svaigu izskatu. \u016adensnotur\u012bgs. Ilgsto\u0161i saglab\u0101 j\u016bsu grimu, izl\u012bdzinot \u0101das toni. T\u0101 formula nodro\u0161ina \u0101tru un vieglu uzkl\u0101\u0161anu, [&#8230;]\n","protected":false},"featured_media":95438,"template":"","meta":[],"product_cat":[1488],"product_tag":[],"class_list":{"0":"post-76352","1":"product","2":"type-product","3":"status-publish","4":"has-post-thumbnail","6":"product_brand-top-face-tr","7":"product_cat-korektori","9":"first","10":"instock","11":"taxable","12":"shipping-taxable","13":"product-type-simple"},"_links":{"self":[{"href":"https:\/\/e.kosmolat.eu\/lv\/wp-json\/wp\/v2\/product\/76352","targetHints":{"allow":["GET"]}}],"collection":[{"href":"https:\/\/e.kosmolat.eu\/lv\/wp-json\/wp\/v2\/product"}],"about":[{"href":"https:\/\/e.kosmolat.eu\/lv\/wp-json\/wp\/v2\/types\/product"}],"wp:featuredmedia":[{"embeddable":true,"href":"https:\/\/e.kosmolat.eu\/lv\/wp-json\/wp\/v2\/media\/95438"}],"wp:attachment":[{"href":"https:\/\/e.kosmolat.eu\/lv\/wp-json\/wp\/v2\/media?parent=76352"}],"wp:term":[{"taxonomy":"product_cat","embeddable":true,"href":"https:\/\/e.kosmolat.eu\/lv\/wp-json\/wp\/v2\/product_cat?post=76352"},{"taxonomy":"product_tag","embeddable":true,"href":"https:\/\/e.kosmolat.eu\/lv\/wp-json\/wp\/v2\/product_tag?post=76352"}],"curies":[{"name":"wp","href":"https:\/\/api.w.org\/{rel}","templated":true}]}}