{"id":76328,"date":"2025-07-22T04:11:05","date_gmt":"2025-07-22T04:11:05","guid":{"rendered":"https:\/\/e.kosmolat.eu\/product\/topface-natural-glow-007-cc-krems-un-korektors-spf-50-30-ml\/"},"modified":"2026-04-21T05:51:18","modified_gmt":"2026-04-21T05:51:18","slug":"topface-natural-glow-007-cc-krems-un-korektors-spf-50-30-ml","status":"publish","type":"product","link":"https:\/\/e.kosmolat.eu\/lv\/product\/topface-natural-glow-007-cc-krems-un-korektors-spf-50-30-ml\/","title":{"rendered":"Topface Natural Glow 007 CC kr\u0113ms un korektors SPF 50+, 30 ml"},"content":{"rendered":"<p>\u0100das kop\u0161ana un lielisks p\u0101rkl\u0101jums vien\u0101 produkt\u0101. Pateicoties augstai pigment\u0101cijai, l\u012bdzeklis acumirkl\u012b izl\u012bdzina \u0101das toni, pie\u0161\u0137irot tai spilgtu un pievilc\u012bgu izskatu. SPF 50+ nodro\u0161ina augstu aizsardz\u012bbu pret kait\u012bgo ultraviolet\u0101 starojuma iedarb\u012bbu. Jaun\u0101s paaudzes formula ir piem\u0113rota uzkl\u0101\u0161anai uz visas sejas, pal\u012bdz samazin\u0101t noveco\u0161an\u0101s paz\u012bmes un pie\u0161\u0137ir \u0101dai svaigu izskatu.<br \/>\nL\u012bdzeklis efekt\u012bvi mask\u0113 noguruma paz\u012bmes, tum\u0161os lokus un piet\u016bkumu zem ac\u012bm, pateicoties lieliskam p\u0101rkl\u0101jumam un akt\u012bvaj\u0101m sast\u0101vda\u013c\u0101m. Atst\u0101j vienm\u0113r\u012bgu, mitrino\u0161u un atsvaidzino\u0161u fini\u0161u.<\/p>\n<p>Pirms lieto\u0161anas k\u0101rt\u012bgi sakrat\u012bt. Ja main\u0101s smar\u017ea vai izskats, p\u0101rtrauciet lieto\u0161anu. Tikai \u0101r\u012bgai lieto\u0161anai. Uzglab\u0101t temperat\u016br\u0101 no 20 l\u012bdz 25\u202f\u00b0C, sarg\u0101jot no tie\u0161iem saules stariem. Uzglab\u0101t b\u0113rniem nepieejam\u0101 viet\u0101.<\/p>\n","protected":false},"excerpt":{"rendered":"<p>\u0100das kop\u0161ana un lielisks p\u0101rkl\u0101jums vien\u0101 produkt\u0101. Pateicoties augstai pigment\u0101cijai, l\u012bdzeklis acumirkl\u012b izl\u012bdzina \u0101das toni, pie\u0161\u0137irot tai spilgtu un pievilc\u012bgu izskatu. SPF 50+ nodro\u0161ina augstu aizsardz\u012bbu pret kait\u012bgo ultraviolet\u0101 starojuma iedarb\u012bbu. Jaun\u0101s paaudzes formula ir piem\u0113rota uzkl\u0101\u0161anai uz visas sejas, pal\u012bdz samazin\u0101t noveco\u0161an\u0101s paz\u012bmes un pie\u0161\u0137ir \u0101dai svaigu izskatu. L\u012bdzeklis efekt\u012bvi mask\u0113 noguruma paz\u012bmes, tum\u0161os [&#8230;]\n","protected":false},"featured_media":95422,"template":"","meta":[],"product_cat":[1289],"product_tag":[],"class_list":{"0":"post-76328","1":"product","2":"type-product","3":"status-publish","4":"has-post-thumbnail","6":"product_brand-top-face-tr","7":"product_cat-grima-pamats","9":"first","10":"instock","11":"taxable","12":"shipping-taxable","13":"product-type-simple"},"_links":{"self":[{"href":"https:\/\/e.kosmolat.eu\/lv\/wp-json\/wp\/v2\/product\/76328","targetHints":{"allow":["GET"]}}],"collection":[{"href":"https:\/\/e.kosmolat.eu\/lv\/wp-json\/wp\/v2\/product"}],"about":[{"href":"https:\/\/e.kosmolat.eu\/lv\/wp-json\/wp\/v2\/types\/product"}],"wp:featuredmedia":[{"embeddable":true,"href":"https:\/\/e.kosmolat.eu\/lv\/wp-json\/wp\/v2\/media\/95422"}],"wp:attachment":[{"href":"https:\/\/e.kosmolat.eu\/lv\/wp-json\/wp\/v2\/media?parent=76328"}],"wp:term":[{"taxonomy":"product_cat","embeddable":true,"href":"https:\/\/e.kosmolat.eu\/lv\/wp-json\/wp\/v2\/product_cat?post=76328"},{"taxonomy":"product_tag","embeddable":true,"href":"https:\/\/e.kosmolat.eu\/lv\/wp-json\/wp\/v2\/product_tag?post=76328"}],"curies":[{"name":"wp","href":"https:\/\/api.w.org\/{rel}","templated":true}]}}