{"id":76296,"date":"2025-07-22T04:09:54","date_gmt":"2025-07-22T04:09:54","guid":{"rendered":"https:\/\/e.kosmolat.eu\/product\/topface-skin-editor-matejosa-grima-baze-001-30-ml\/"},"modified":"2026-04-16T06:44:58","modified_gmt":"2026-04-16T06:44:58","slug":"topface-skin-editor-matejosa-grima-baze-001-30-ml","status":"publish","type":"product","link":"https:\/\/e.kosmolat.eu\/lv\/product\/topface-skin-editor-matejosa-grima-baze-001-30-ml\/","title":{"rendered":"Topface Skin Editor Mat\u0113jo\u0161a grima b\u0101ze 001, 30 ml"},"content":{"rendered":"<p>Grima b\u0101ze ir pirmais solis ce\u013c\u0101 uz gludu \u0101du un notur\u012bgu grimu. Pateicoties \u012bpa\u0161ajai formulai ar kvie\u0161u ekstraktu un hohobas e\u013c\u013cu, b\u0101ze m\u012bkstina un baro \u0101du, uzlabojot t\u0101s izskatu. Kli\u0146\u0123er\u012b\u0161u un kumel\u012b\u0161u e\u013c\u013cas pal\u012bdz mask\u0113t nelielus pigment\u0101cijas plankumus un krunci\u0146as, pie\u0161\u0137irot \u0101dai vesel\u012bg\u0101ku izskatu. Nodro\u0161ina ide\u0101lu pamatu grimam.<\/p>\n<p>Ja main\u0101s smar\u017ea vai izskats, p\u0101rtrauciet lieto\u0161anu. Tikai \u0101r\u012bgai lieto\u0161anai. Uzglab\u0101t temperat\u016br\u0101 no 20 l\u012bdz 25\u202f\u00b0C, sarg\u0101jot no tie\u0161iem saules stariem. Uzglab\u0101t b\u0113rniem nepieejam\u0101 viet\u0101.<\/p>\n<p>Satur A vitam\u012bnu. L\u016bgums pirms lieto\u0161anas p\u0101rdom\u0101t savu dienas devu.<\/p>\n","protected":false},"excerpt":{"rendered":"<p>Grima b\u0101ze ir pirmais solis ce\u013c\u0101 uz gludu \u0101du un notur\u012bgu grimu. Pateicoties \u012bpa\u0161ajai formulai ar kvie\u0161u ekstraktu un hohobas e\u013c\u013cu, b\u0101ze m\u012bkstina un baro \u0101du, uzlabojot t\u0101s izskatu. Kli\u0146\u0123er\u012b\u0161u un kumel\u012b\u0161u e\u013c\u013cas pal\u012bdz mask\u0113t nelielus pigment\u0101cijas plankumus un krunci\u0146as, pie\u0161\u0137irot \u0101dai vesel\u012bg\u0101ku izskatu. Nodro\u0161ina ide\u0101lu pamatu grimam. Ja main\u0101s smar\u017ea vai izskats, p\u0101rtrauciet lieto\u0161anu. [&#8230;]\n","protected":false},"featured_media":95410,"template":"","meta":[],"product_cat":[1999],"product_tag":[],"class_list":{"0":"post-76296","1":"product","2":"type-product","3":"status-publish","4":"has-post-thumbnail","6":"product_brand-top-face-tr","7":"product_cat-bez-kategorijas","9":"first","10":"instock","11":"taxable","12":"shipping-taxable","13":"product-type-simple"},"_links":{"self":[{"href":"https:\/\/e.kosmolat.eu\/lv\/wp-json\/wp\/v2\/product\/76296","targetHints":{"allow":["GET"]}}],"collection":[{"href":"https:\/\/e.kosmolat.eu\/lv\/wp-json\/wp\/v2\/product"}],"about":[{"href":"https:\/\/e.kosmolat.eu\/lv\/wp-json\/wp\/v2\/types\/product"}],"wp:featuredmedia":[{"embeddable":true,"href":"https:\/\/e.kosmolat.eu\/lv\/wp-json\/wp\/v2\/media\/95410"}],"wp:attachment":[{"href":"https:\/\/e.kosmolat.eu\/lv\/wp-json\/wp\/v2\/media?parent=76296"}],"wp:term":[{"taxonomy":"product_cat","embeddable":true,"href":"https:\/\/e.kosmolat.eu\/lv\/wp-json\/wp\/v2\/product_cat?post=76296"},{"taxonomy":"product_tag","embeddable":true,"href":"https:\/\/e.kosmolat.eu\/lv\/wp-json\/wp\/v2\/product_tag?post=76296"}],"curies":[{"name":"wp","href":"https:\/\/api.w.org\/{rel}","templated":true}]}}