{"id":76280,"date":"2025-07-22T04:09:17","date_gmt":"2025-07-22T04:09:17","guid":{"rendered":"https:\/\/e.kosmolat.eu\/product\/topface-baked-004-choice-rich-touch-vaigu-sart-5-g\/"},"modified":"2026-04-11T19:08:06","modified_gmt":"2026-04-11T19:08:06","slug":"topface-baked-004-choice-rich-touch-vaigu-sart-5-g","status":"publish","type":"product","link":"https:\/\/e.kosmolat.eu\/lv\/product\/topface-baked-004-choice-rich-touch-vaigu-sart-5-g\/","title":{"rendered":"Topface Baked 004 Choice Rich Touch Vaigu s\u0101rt., 5 g"},"content":{"rendered":"<p>Bag\u0101t\u012bg\u0101 formula un pla\u0161\u0101 kr\u0101su palete nodro\u0161ina vieglu uzkl\u0101\u0161anu uz \u0101das un pie\u0161\u0137ir tai maigu mirdzumu. Miner\u0101lvielas un E vitam\u012bns pie\u0161\u0137ir \u0101dai ener\u0123iju un mirdzumu.<\/p>\n<p>Ja main\u0101s smar\u017ea vai izskats, p\u0101rtrauciet lieto\u0161anu. Tikai \u0101r\u012bgai lieto\u0161anai. Uzglab\u0101t temperat\u016br\u0101 no 20 l\u012bdz 25\u202f\u00b0C, sarg\u0101jot no tie\u0161iem saules stariem. Uzglab\u0101t b\u0113rniem nepieejam\u0101 viet\u0101.<\/p>\n","protected":false},"excerpt":{"rendered":"<p>Bag\u0101t\u012bg\u0101 formula un pla\u0161\u0101 kr\u0101su palete nodro\u0161ina vieglu uzkl\u0101\u0161anu uz \u0101das un pie\u0161\u0137ir tai maigu mirdzumu. Miner\u0101lvielas un E vitam\u012bns pie\u0161\u0137ir \u0101dai ener\u0123iju un mirdzumu. Ja main\u0101s smar\u017ea vai izskats, p\u0101rtrauciet lieto\u0161anu. Tikai \u0101r\u012bgai lieto\u0161anai. Uzglab\u0101t temperat\u016br\u0101 no 20 l\u012bdz 25\u202f\u00b0C, sarg\u0101jot no tie\u0161iem saules stariem. Uzglab\u0101t b\u0113rniem nepieejam\u0101 viet\u0101.<\/p>\n","protected":false},"featured_media":95402,"template":"","meta":[],"product_cat":[1489],"product_tag":[],"class_list":{"0":"post-76280","1":"product","2":"type-product","3":"status-publish","4":"has-post-thumbnail","6":"product_brand-top-face-tr","7":"product_cat-1489","9":"first","10":"instock","11":"taxable","12":"shipping-taxable","13":"product-type-simple"},"_links":{"self":[{"href":"https:\/\/e.kosmolat.eu\/lv\/wp-json\/wp\/v2\/product\/76280","targetHints":{"allow":["GET"]}}],"collection":[{"href":"https:\/\/e.kosmolat.eu\/lv\/wp-json\/wp\/v2\/product"}],"about":[{"href":"https:\/\/e.kosmolat.eu\/lv\/wp-json\/wp\/v2\/types\/product"}],"wp:featuredmedia":[{"embeddable":true,"href":"https:\/\/e.kosmolat.eu\/lv\/wp-json\/wp\/v2\/media\/95402"}],"wp:attachment":[{"href":"https:\/\/e.kosmolat.eu\/lv\/wp-json\/wp\/v2\/media?parent=76280"}],"wp:term":[{"taxonomy":"product_cat","embeddable":true,"href":"https:\/\/e.kosmolat.eu\/lv\/wp-json\/wp\/v2\/product_cat?post=76280"},{"taxonomy":"product_tag","embeddable":true,"href":"https:\/\/e.kosmolat.eu\/lv\/wp-json\/wp\/v2\/product_tag?post=76280"}],"curies":[{"name":"wp","href":"https:\/\/api.w.org\/{rel}","templated":true}]}}