{"id":76256,"date":"2025-07-22T04:08:25","date_gmt":"2025-07-22T04:08:25","guid":{"rendered":"https:\/\/e.kosmolat.eu\/product\/topface-baked-102-choice-rich-touch-izgaismotajs-6-g\/"},"modified":"2026-04-11T19:07:19","modified_gmt":"2026-04-11T19:07:19","slug":"topface-baked-102-choice-rich-touch-izgaismotajs-6-g","status":"publish","type":"product","link":"https:\/\/e.kosmolat.eu\/lv\/product\/topface-baked-102-choice-rich-touch-izgaismotajs-6-g\/","title":{"rendered":"Topface Baked 102 Choice Rich Touch Izgaismot\u0101js, 6 g"},"content":{"rendered":"<p>Pateicoties unik\u0101lajai formulai, l\u012bdzeklis pie\u0161\u0137ir \u0101dai dabisku un greznu mirdzumu. Uzkl\u0101jiet nelielu daudzumu uz izteikt\u0101kaj\u0101m vaigu kaulu zon\u0101m, zem uzacu \u0101r\u0113j\u0101 loka, pa deguna l\u012bniju un virs aug\u0161l\u016bpas. Sast\u0101v\u0101 eso\u0161\u0101s miner\u0101lvielas un E vitam\u012bns pie\u0161\u0137ir \u0101dai ener\u0123iju un mirdzumu.<\/p>\n<p>Ja main\u0101s smar\u017ea vai izskats, p\u0101rtrauciet lieto\u0161anu. Tikai \u0101r\u012bgai lieto\u0161anai. Uzglab\u0101t temperat\u016br\u0101 no 20 l\u012bdz 25\u202f\u00b0C, sarg\u0101jot no tie\u0161iem saules stariem. Uzglab\u0101t b\u0113rniem nepieejam\u0101 viet\u0101.<\/p>\n","protected":false},"excerpt":{"rendered":"<p>Pateicoties unik\u0101lajai formulai, l\u012bdzeklis pie\u0161\u0137ir \u0101dai dabisku un greznu mirdzumu. Uzkl\u0101jiet nelielu daudzumu uz izteikt\u0101kaj\u0101m vaigu kaulu zon\u0101m, zem uzacu \u0101r\u0113j\u0101 loka, pa deguna l\u012bniju un virs aug\u0161l\u016bpas. Sast\u0101v\u0101 eso\u0161\u0101s miner\u0101lvielas un E vitam\u012bns pie\u0161\u0137ir \u0101dai ener\u0123iju un mirdzumu. Ja main\u0101s smar\u017ea vai izskats, p\u0101rtrauciet lieto\u0161anu. Tikai \u0101r\u012bgai lieto\u0161anai. Uzglab\u0101t temperat\u016br\u0101 no 20 l\u012bdz 25\u202f\u00b0C, [&#8230;]\n","protected":false},"featured_media":95390,"template":"","meta":[],"product_cat":[1489],"product_tag":[],"class_list":{"0":"post-76256","1":"product","2":"type-product","3":"status-publish","4":"has-post-thumbnail","6":"product_brand-top-face-tr","7":"product_cat-1489","9":"first","10":"instock","11":"taxable","12":"shipping-taxable","13":"product-type-simple"},"_links":{"self":[{"href":"https:\/\/e.kosmolat.eu\/lv\/wp-json\/wp\/v2\/product\/76256","targetHints":{"allow":["GET"]}}],"collection":[{"href":"https:\/\/e.kosmolat.eu\/lv\/wp-json\/wp\/v2\/product"}],"about":[{"href":"https:\/\/e.kosmolat.eu\/lv\/wp-json\/wp\/v2\/types\/product"}],"wp:featuredmedia":[{"embeddable":true,"href":"https:\/\/e.kosmolat.eu\/lv\/wp-json\/wp\/v2\/media\/95390"}],"wp:attachment":[{"href":"https:\/\/e.kosmolat.eu\/lv\/wp-json\/wp\/v2\/media?parent=76256"}],"wp:term":[{"taxonomy":"product_cat","embeddable":true,"href":"https:\/\/e.kosmolat.eu\/lv\/wp-json\/wp\/v2\/product_cat?post=76256"},{"taxonomy":"product_tag","embeddable":true,"href":"https:\/\/e.kosmolat.eu\/lv\/wp-json\/wp\/v2\/product_tag?post=76256"}],"curies":[{"name":"wp","href":"https:\/\/api.w.org\/{rel}","templated":true}]}}